{"id":4480,"date":"2017-08-07T09:43:41","date_gmt":"2017-08-07T07:43:41","guid":{"rendered":"https:\/\/angloschool.carloscorral.net\/alemany\/"},"modified":"2021-07-22T09:31:14","modified_gmt":"2021-07-22T07:31:14","slug":"alemany","status":"publish","type":"page","link":"https:\/\/angloschool.cat\/es\/alemany\/","title":{"rendered":"Alem\u00e1n"},"content":{"rendered":"<p>[vc_row css_animation=\u00bb\u00bb row_type=\u00bbrow\u00bb use_row_as_full_screen_section=\u00bbno\u00bb type=\u00bbgrid\u00bb angled_section=\u00bbno\u00bb text_align=\u00bbleft\u00bb background_image_as_pattern=\u00bbwithout_pattern\u00bb z_index=\u00bb\u00bb css=\u00bb.vc_custom_1600860681764{padding-top: 2% !important;}\u00bb][vc_column width=\u00bb1\/2&#8243;][vc_column_text]<\/p>\n<h2>Diferencia\u2019t!<\/h2>\n<p>[\/vc_column_text][vc_empty_space height=\u00bb45px\u00bb][vc_column_text]Les classes d\u2019alemany t\u2019obriran noves possibilitats professionals i personals:<\/p>\n<ul>\n<li><strong>En l\u2019\u00e0mbit dels estudis Alemanya<\/strong> concedeix beques d\u2019estudi i visats especials de treball durant les vacances als joves.<\/li>\n<li><strong>En l\u2019\u00e0mbit comercial<\/strong> si tractes amb professionals alemanys en el teu negoci<\/li>\n<li><strong>En el sector del turisme i l\u2019hostaleria<\/strong> t\u2019ajudar\u00e0 a atendre els teus clients en el seu propi idioma i fidelitzar-los<\/li>\n<li><strong>En la teva carrera professional<\/strong> far\u00e0 cr\u00e9ixer les teves possibilitats de treballar en una empresa alemanya aqu\u00ed o a l\u2019estranger<\/li>\n<li><strong>En els viatges<\/strong> et permetr\u00e0 integrar-te en la cultura i tradicions d\u2019Alemanyes i tamb\u00e9 comunicar-te en altres pa\u00efsos de l\u2019Europa de l\u2019est.<\/li>\n<li><strong>En m\u00fasica, literatura, art i filosofia<\/strong> podr\u00e0s gaudir de les obres dels autors alemanys en el seu idioma original: Goethe, Kafka, Mozart, Bach i Beethoven.<\/li>\n<\/ul>\n<p>[\/vc_column_text][vc_empty_space][\/vc_column][vc_column width=\u00bb1\/2&#8243;][vc_single_image source=\u00bbfeatured_image\u00bb img_size=\u00bb400&#215;400&#8243; alignment=\u00bbright\u00bb style=\u00bbvc_box_circle_2&#8243; qode_css_animation=\u00bb\u00bb][vc_row_inner row_type=\u00bbrow\u00bb type=\u00bbfull_width\u00bb text_align=\u00bbleft\u00bb css_animation=\u00bb\u00bb css=\u00bb.vc_custom_1600936045181{margin-top: -5% !important;}\u00bb][vc_column_inner][vc_single_image image=\u00bb3187&#8243; alignment=\u00bbcenter\u00bb qode_css_animation=\u00bb\u00bb css=\u00bb.vc_custom_1600936113533{margin-top: -50px !important;}\u00bb][\/vc_column_inner][\/vc_row_inner][vc_empty_space][\/vc_column][\/vc_row][vc_row css_animation=\u00bb\u00bb row_type=\u00bbrow\u00bb use_row_as_full_screen_section=\u00bbno\u00bb type=\u00bbgrid\u00bb angled_section=\u00bbno\u00bb text_align=\u00bbleft\u00bb background_image_as_pattern=\u00bbwithout_pattern\u00bb z_index=\u00bb\u00bb css=\u00bb.vc_custom_1602252945336{padding-top: 2% !important;}\u00bb][vc_column width=\u00bb2\/3&#8243; css=\u00bb.vc_custom_1600776655034{padding-right: 8% !important;}\u00bb][vc_column_text]<\/p>\n<h4>Classes d&#8217;alemany:<\/h4>\n<ul>\n<li>\n<h5>Diferencia\u2019t i apunta\u2019t a la tercera llengua.<\/h5>\n<\/li>\n<li>\n<h5>Nivells d\u2019elemental a avan\u00e7at.<\/h5>\n<\/li>\n<li>\n<h5>Professors natius i titulats.<\/h5>\n<\/li>\n<li>\n<h5>Cursos d\u2019octubre a juny.<\/h5>\n<\/li>\n<li>\n<h5>2 classes setmanals de 90 minuts.<\/h5>\n<\/li>\n<li>\n<h5>Preparaci\u00f3 per ex\u00e0mens oficials.<\/h5>\n<\/li>\n<\/ul>\n<p>[\/vc_column_text][vc_empty_space][\/vc_column][vc_column width=\u00bb1\/3&#8243;][\/vc_column][\/vc_row][vc_row css_animation=\u00bb\u00bb row_type=\u00bbrow\u00bb use_row_as_full_screen_section=\u00bbno\u00bb type=\u00bbgrid\u00bb angled_section=\u00bbno\u00bb text_align=\u00bbleft\u00bb background_image_as_pattern=\u00bbwithout_pattern\u00bb z_index=\u00bb\u00bb padding_top=\u00bb45px\u00bb][vc_column][vc_column_text]Si est\u00e0s interessat en els nostres cursos d\u2019 alemany posa\u2019t en contacte amb nosaltres.[\/vc_column_text][vc_empty_space][\/vc_column][\/vc_row][vc_row css_animation=\u00bb\u00bb row_type=\u00bbrow\u00bb use_row_as_full_screen_section=\u00bbno\u00bb type=\u00bbfull_width\u00bb angled_section=\u00bbno\u00bb text_align=\u00bbleft\u00bb background_image_as_pattern=\u00bbwithout_pattern\u00bb][vc_column][vc_empty_space height=\u00bb45px\u00bb][\/vc_column][\/vc_row][vc_row css_animation=\u00bb\u00bb row_type=\u00bbrow\u00bb use_row_as_full_screen_section=\u00bbno\u00bb type=\u00bbgrid\u00bb angled_section=\u00bbno\u00bb text_align=\u00bbleft\u00bb background_image_as_pattern=\u00bbwithout_pattern\u00bb z_index=\u00bb\u00bb css=\u00bb.vc_custom_1601378589417{padding-top: 3% !important;background-color: #002c50 !important;}\u00bb][vc_column width=\u00bb1\/4&#8243; el_class=\u00bbnegatiu\u00bb][\/vc_column][vc_column width=\u00bb1\/2&#8243; el_class=\u00bbnegatiu\u00bb][qode_elements_holder background_color=\u00bb#002c50&#8243; number_of_columns=\u00bbone_column\u00bb][qode_elements_holder_item vertical_alignment=\u00bbtop\u00bb advanced_animations=\u00bbno\u00bb item_padding=\u00bb50px\u00bb][vc_column_text]<\/p>\n<h3>Contacte i inscripcions<\/h3>\n<p>[\/vc_column_text][vc_empty_space][contact-form-7 id=\u00bb3523&#8243; html_class=\u00bbcf7_custom_style_2&#8243;][\/qode_elements_holder_item][\/qode_elements_holder][\/vc_column][vc_column width=\u00bb1\/4&#8243;][\/vc_column][\/vc_row][vc_row css_animation=\u00bb\u00bb row_type=\u00bbrow\u00bb use_row_as_full_screen_section=\u00bbno\u00bb type=\u00bbfull_width\u00bb angled_section=\u00bbno\u00bb text_align=\u00bbleft\u00bb background_image_as_pattern=\u00bbwithout_pattern\u00bb][vc_column][vc_empty_space height=\u00bb80px\u00bb][\/vc_column][\/vc_row]<\/p>\n","protected":false},"excerpt":{"rendered":"<p>[vc_row css_animation=\u00bb\u00bb row_type=\u00bbrow\u00bb use_row_as_full_screen_section=\u00bbno\u00bb type=\u00bbgrid\u00bb angled_section=\u00bbno\u00bb text_align=\u00bbleft\u00bb background_image_as_pattern=\u00bbwithout_pattern\u00bb z_index=\u00bb\u00bb css=\u00bb.vc_custom_1600860681764{padding-top: 2% !important;}\u00bb][vc_column width=\u00bb1\/2&#8243;][vc_column_text] Diferencia\u2019t! [\/vc_column_text][vc_empty_space height=\u00bb45px\u00bb][vc_column_text]Les classes d\u2019alemany t\u2019obriran noves possibilitats professionals i personals: En l\u2019\u00e0mbit dels estudis Alemanya concedeix beques d\u2019estudi i visats especials de treball durant les vacances als joves. En l\u2019\u00e0mbit comercial si tractes amb professionals alemanys en el teu negoci En [&hellip;]<\/p>\n","protected":false},"author":4,"featured_media":3586,"parent":0,"menu_order":0,"comment_status":"closed","ping_status":"closed","template":"full_width.php","meta":{"footnotes":""},"class_list":["post-4480","page","type-page","status-publish","has-post-thumbnail","hentry"],"yoast_head":"<!-- This site is optimized with the Yoast SEO plugin v27.4 - https:\/\/yoast.com\/product\/yoast-seo-wordpress\/ -->\n<title>Anglo School &#8226; Classes d\u2019alemany per obrir-te oportunitats professionals i personals<\/title>\n<meta name=\"description\" content=\"Diferencia\u2019t amb una tercera llengua! Apr\u00e8n Alemany a Anglo School per obrir-te noves oportunitats professionals i personals.\" \/>\n<meta name=\"robots\" content=\"index, follow, max-snippet:-1, max-image-preview:large, max-video-preview:-1\" \/>\n<link rel=\"canonical\" href=\"https:\/\/angloschool.cat\/es\/alemany\/\" \/>\n<meta property=\"og:locale\" content=\"es_ES\" \/>\n<meta property=\"og:type\" content=\"article\" \/>\n<meta property=\"og:title\" content=\"Anglo School &#8226; Classes d\u2019alemany per obrir-te oportunitats professionals i personals\" \/>\n<meta property=\"og:description\" content=\"Diferencia\u2019t amb una tercera llengua! Apr\u00e8n Alemany a Anglo School per obrir-te noves oportunitats professionals i personals.\" \/>\n<meta property=\"og:url\" content=\"https:\/\/angloschool.cat\/es\/alemany\/\" \/>\n<meta property=\"og:site_name\" content=\"Anglo School\" \/>\n<meta property=\"article:publisher\" content=\"https:\/\/www.facebook.com\/AngloSchool.Salt.Celra\/\" \/>\n<meta property=\"article:modified_time\" content=\"2021-07-22T07:31:14+00:00\" \/>\n<meta property=\"og:image\" content=\"https:\/\/angloschool.cat\/wp-content\/uploads\/2020\/09\/apren-alemany.jpg\" \/>\n\t<meta property=\"og:image:width\" content=\"1280\" \/>\n\t<meta property=\"og:image:height\" content=\"853\" \/>\n\t<meta property=\"og:image:type\" content=\"image\/jpeg\" \/>\n<meta name=\"twitter:card\" content=\"summary_large_image\" \/>\n<meta name=\"twitter:label1\" content=\"Tiempo de lectura\" \/>\n\t<meta name=\"twitter:data1\" content=\"3 minutos\" \/>\n<script type=\"application\/ld+json\" class=\"yoast-schema-graph\">{\"@context\":\"https:\\\/\\\/schema.org\",\"@graph\":[{\"@type\":\"WebPage\",\"@id\":\"https:\\\/\\\/angloschool.cat\\\/es\\\/alemany\\\/\",\"url\":\"https:\\\/\\\/angloschool.cat\\\/es\\\/alemany\\\/\",\"name\":\"Anglo School &#8226; Classes d\u2019alemany per obrir-te oportunitats professionals i personals\",\"isPartOf\":{\"@id\":\"https:\\\/\\\/angloschool.cat\\\/#website\"},\"primaryImageOfPage\":{\"@id\":\"https:\\\/\\\/angloschool.cat\\\/es\\\/alemany\\\/#primaryimage\"},\"image\":{\"@id\":\"https:\\\/\\\/angloschool.cat\\\/es\\\/alemany\\\/#primaryimage\"},\"thumbnailUrl\":\"https:\\\/\\\/angloschool.cat\\\/wp-content\\\/uploads\\\/2020\\\/09\\\/apren-alemany.jpg\",\"datePublished\":\"2017-08-07T07:43:41+00:00\",\"dateModified\":\"2021-07-22T07:31:14+00:00\",\"description\":\"Diferencia\u2019t amb una tercera llengua! Apr\u00e8n Alemany a Anglo School per obrir-te noves oportunitats professionals i personals.\",\"breadcrumb\":{\"@id\":\"https:\\\/\\\/angloschool.cat\\\/es\\\/alemany\\\/#breadcrumb\"},\"inLanguage\":\"es\",\"potentialAction\":[{\"@type\":\"ReadAction\",\"target\":[\"https:\\\/\\\/angloschool.cat\\\/es\\\/alemany\\\/\"]}]},{\"@type\":\"ImageObject\",\"inLanguage\":\"es\",\"@id\":\"https:\\\/\\\/angloschool.cat\\\/es\\\/alemany\\\/#primaryimage\",\"url\":\"https:\\\/\\\/angloschool.cat\\\/wp-content\\\/uploads\\\/2020\\\/09\\\/apren-alemany.jpg\",\"contentUrl\":\"https:\\\/\\\/angloschool.cat\\\/wp-content\\\/uploads\\\/2020\\\/09\\\/apren-alemany.jpg\",\"width\":1280,\"height\":853,\"caption\":\"apren-alemany\"},{\"@type\":\"BreadcrumbList\",\"@id\":\"https:\\\/\\\/angloschool.cat\\\/es\\\/alemany\\\/#breadcrumb\",\"itemListElement\":[{\"@type\":\"ListItem\",\"position\":1,\"name\":\"Inici\",\"item\":\"https:\\\/\\\/angloschool.cat\\\/\"},{\"@type\":\"ListItem\",\"position\":2,\"name\":\"Alem\u00e1n\"}]},{\"@type\":\"WebSite\",\"@id\":\"https:\\\/\\\/angloschool.cat\\\/#website\",\"url\":\"https:\\\/\\\/angloschool.cat\\\/\",\"name\":\"Anglo School\",\"description\":\"Cursos d&#039;angl\u00e8s a Salt i Celr\u00e0\",\"publisher\":{\"@id\":\"https:\\\/\\\/angloschool.cat\\\/#organization\"},\"potentialAction\":[{\"@type\":\"SearchAction\",\"target\":{\"@type\":\"EntryPoint\",\"urlTemplate\":\"https:\\\/\\\/angloschool.cat\\\/?s={search_term_string}\"},\"query-input\":{\"@type\":\"PropertyValueSpecification\",\"valueRequired\":true,\"valueName\":\"search_term_string\"}}],\"inLanguage\":\"es\"},{\"@type\":\"Organization\",\"@id\":\"https:\\\/\\\/angloschool.cat\\\/#organization\",\"name\":\"Angloschool\",\"url\":\"https:\\\/\\\/angloschool.cat\\\/\",\"logo\":{\"@type\":\"ImageObject\",\"inLanguage\":\"es\",\"@id\":\"https:\\\/\\\/angloschool.cat\\\/#\\\/schema\\\/logo\\\/image\\\/\",\"url\":\"https:\\\/\\\/angloschool.cat\\\/wp-content\\\/uploads\\\/2019\\\/09\\\/Logos-AngloSchool-08.png\",\"contentUrl\":\"https:\\\/\\\/angloschool.cat\\\/wp-content\\\/uploads\\\/2019\\\/09\\\/Logos-AngloSchool-08.png\",\"width\":459,\"height\":306,\"caption\":\"Angloschool\"},\"image\":{\"@id\":\"https:\\\/\\\/angloschool.cat\\\/#\\\/schema\\\/logo\\\/image\\\/\"},\"sameAs\":[\"https:\\\/\\\/www.facebook.com\\\/AngloSchool.Salt.Celra\\\/\",\"https:\\\/\\\/www.instagram.com\\\/angloschool_salt_celra\"]}]}<\/script>\n<!-- \/ Yoast SEO plugin. -->","yoast_head_json":{"title":"Anglo School &#8226; Classes d\u2019alemany per obrir-te oportunitats professionals i personals","description":"Diferencia\u2019t amb una tercera llengua! Apr\u00e8n Alemany a Anglo School per obrir-te noves oportunitats professionals i personals.","robots":{"index":"index","follow":"follow","max-snippet":"max-snippet:-1","max-image-preview":"max-image-preview:large","max-video-preview":"max-video-preview:-1"},"canonical":"https:\/\/angloschool.cat\/es\/alemany\/","og_locale":"es_ES","og_type":"article","og_title":"Anglo School &#8226; Classes d\u2019alemany per obrir-te oportunitats professionals i personals","og_description":"Diferencia\u2019t amb una tercera llengua! Apr\u00e8n Alemany a Anglo School per obrir-te noves oportunitats professionals i personals.","og_url":"https:\/\/angloschool.cat\/es\/alemany\/","og_site_name":"Anglo School","article_publisher":"https:\/\/www.facebook.com\/AngloSchool.Salt.Celra\/","article_modified_time":"2021-07-22T07:31:14+00:00","og_image":[{"width":1280,"height":853,"url":"https:\/\/angloschool.cat\/wp-content\/uploads\/2020\/09\/apren-alemany.jpg","type":"image\/jpeg"}],"twitter_card":"summary_large_image","twitter_misc":{"Tiempo de lectura":"3 minutos"},"schema":{"@context":"https:\/\/schema.org","@graph":[{"@type":"WebPage","@id":"https:\/\/angloschool.cat\/es\/alemany\/","url":"https:\/\/angloschool.cat\/es\/alemany\/","name":"Anglo School &#8226; Classes d\u2019alemany per obrir-te oportunitats professionals i personals","isPartOf":{"@id":"https:\/\/angloschool.cat\/#website"},"primaryImageOfPage":{"@id":"https:\/\/angloschool.cat\/es\/alemany\/#primaryimage"},"image":{"@id":"https:\/\/angloschool.cat\/es\/alemany\/#primaryimage"},"thumbnailUrl":"https:\/\/angloschool.cat\/wp-content\/uploads\/2020\/09\/apren-alemany.jpg","datePublished":"2017-08-07T07:43:41+00:00","dateModified":"2021-07-22T07:31:14+00:00","description":"Diferencia\u2019t amb una tercera llengua! Apr\u00e8n Alemany a Anglo School per obrir-te noves oportunitats professionals i personals.","breadcrumb":{"@id":"https:\/\/angloschool.cat\/es\/alemany\/#breadcrumb"},"inLanguage":"es","potentialAction":[{"@type":"ReadAction","target":["https:\/\/angloschool.cat\/es\/alemany\/"]}]},{"@type":"ImageObject","inLanguage":"es","@id":"https:\/\/angloschool.cat\/es\/alemany\/#primaryimage","url":"https:\/\/angloschool.cat\/wp-content\/uploads\/2020\/09\/apren-alemany.jpg","contentUrl":"https:\/\/angloschool.cat\/wp-content\/uploads\/2020\/09\/apren-alemany.jpg","width":1280,"height":853,"caption":"apren-alemany"},{"@type":"BreadcrumbList","@id":"https:\/\/angloschool.cat\/es\/alemany\/#breadcrumb","itemListElement":[{"@type":"ListItem","position":1,"name":"Inici","item":"https:\/\/angloschool.cat\/"},{"@type":"ListItem","position":2,"name":"Alem\u00e1n"}]},{"@type":"WebSite","@id":"https:\/\/angloschool.cat\/#website","url":"https:\/\/angloschool.cat\/","name":"Anglo School","description":"Cursos d&#039;angl\u00e8s a Salt i Celr\u00e0","publisher":{"@id":"https:\/\/angloschool.cat\/#organization"},"potentialAction":[{"@type":"SearchAction","target":{"@type":"EntryPoint","urlTemplate":"https:\/\/angloschool.cat\/?s={search_term_string}"},"query-input":{"@type":"PropertyValueSpecification","valueRequired":true,"valueName":"search_term_string"}}],"inLanguage":"es"},{"@type":"Organization","@id":"https:\/\/angloschool.cat\/#organization","name":"Angloschool","url":"https:\/\/angloschool.cat\/","logo":{"@type":"ImageObject","inLanguage":"es","@id":"https:\/\/angloschool.cat\/#\/schema\/logo\/image\/","url":"https:\/\/angloschool.cat\/wp-content\/uploads\/2019\/09\/Logos-AngloSchool-08.png","contentUrl":"https:\/\/angloschool.cat\/wp-content\/uploads\/2019\/09\/Logos-AngloSchool-08.png","width":459,"height":306,"caption":"Angloschool"},"image":{"@id":"https:\/\/angloschool.cat\/#\/schema\/logo\/image\/"},"sameAs":["https:\/\/www.facebook.com\/AngloSchool.Salt.Celra\/","https:\/\/www.instagram.com\/angloschool_salt_celra"]}]}},"_links":{"self":[{"href":"https:\/\/angloschool.cat\/es\/wp-json\/wp\/v2\/pages\/4480","targetHints":{"allow":["GET"]}}],"collection":[{"href":"https:\/\/angloschool.cat\/es\/wp-json\/wp\/v2\/pages"}],"about":[{"href":"https:\/\/angloschool.cat\/es\/wp-json\/wp\/v2\/types\/page"}],"author":[{"embeddable":true,"href":"https:\/\/angloschool.cat\/es\/wp-json\/wp\/v2\/users\/4"}],"replies":[{"embeddable":true,"href":"https:\/\/angloschool.cat\/es\/wp-json\/wp\/v2\/comments?post=4480"}],"version-history":[{"count":2,"href":"https:\/\/angloschool.cat\/es\/wp-json\/wp\/v2\/pages\/4480\/revisions"}],"predecessor-version":[{"id":4567,"href":"https:\/\/angloschool.cat\/es\/wp-json\/wp\/v2\/pages\/4480\/revisions\/4567"}],"wp:featuredmedia":[{"embeddable":true,"href":"https:\/\/angloschool.cat\/es\/wp-json\/wp\/v2\/media\/3586"}],"wp:attachment":[{"href":"https:\/\/angloschool.cat\/es\/wp-json\/wp\/v2\/media?parent=4480"}],"curies":[{"name":"wp","href":"https:\/\/api.w.org\/{rel}","templated":true}]}}