{"id":4497,"date":"2017-08-07T09:39:51","date_gmt":"2017-08-07T08:39:51","guid":{"rendered":"https:\/\/angloschool.carloscorral.net\/apren-angles\/young-learners\/"},"modified":"2025-02-27T18:54:41","modified_gmt":"2025-02-27T16:54:41","slug":"young-learners","status":"publish","type":"page","link":"https:\/\/angloschool.cat\/es\/young-learners\/","title":{"rendered":"Young learners"},"content":{"rendered":"<p>[vc_row css_animation=\u00bb\u00bb row_type=\u00bbrow\u00bb use_row_as_full_screen_section=\u00bbno\u00bb type=\u00bbgrid\u00bb angled_section=\u00bbno\u00bb text_align=\u00bbleft\u00bb background_image_as_pattern=\u00bbwithout_pattern\u00bb z_index=\u00bb\u00bb css=\u00bb.vc_custom_1600860681764{padding-top: 2% !important;}\u00bb][vc_column width=\u00bb1\/2&#8243;][vc_column_text]<\/p>\n<h1>Ingl\u00e9s para ni\u00f1os\/as<br \/>\nde 6 a 12 a\u00f1os<\/h1>\n<p>[\/vc_column_text][vc_empty_space height=\u00bb10px\u00bb][vc_column_text]<\/p>\n<h2>Creando las bases para dominar el ingl\u00e9s<\/h2>\n<p>[\/vc_column_text][vc_empty_space height=\u00bb45px\u00bb][vc_column_text el_class=\u00bbnota_destacada\u00bb]En esta edad tu hijo tiene una capacidad natural para aprender idiomas y lo har\u00e1 mucho m\u00e1s r\u00e1pido si le proporcionas una ense\u00f1anza de calidad y muchas oportunidades para practicar y revisar la lengua. La base s\u00f3lida que consiga ahora determinar\u00e1 la sus aptitudes para seguir aprendiendo ingl\u00e9s en la adolescencia.[\/vc_column_text][vc_empty_space height=\u00bb45px\u00bb][\/vc_column][vc_column width=\u00bb1\/2&#8243;][vc_single_image source=\u00bbfeatured_image\u00bb img_size=\u00bb400&#215;400&#8243; alignment=\u00bbright\u00bb style=\u00bbvc_box_circle_2&#8243; qode_css_animation=\u00bb\u00bb][vc_row_inner row_type=\u00bbrow\u00bb type=\u00bbfull_width\u00bb text_align=\u00bbleft\u00bb css_animation=\u00bb\u00bb css=\u00bb.vc_custom_1600936045181{margin-top: -5% !important;}\u00bb][vc_column_inner][vc_single_image image=\u00bb3187&#8243; alignment=\u00bbcenter\u00bb css=\u00bb.vc_custom_1600936113533{margin-top: -50px !important;}\u00bb qode_css_animation=\u00bb\u00bb][\/vc_column_inner][\/vc_row_inner][vc_empty_space][\/vc_column][\/vc_row][vc_row css_animation=\u00bb\u00bb row_type=\u00bbrow\u00bb use_row_as_full_screen_section=\u00bbno\u00bb type=\u00bbgrid\u00bb angled_section=\u00bbno\u00bb text_align=\u00bbleft\u00bb background_image_as_pattern=\u00bbwithout_pattern\u00bb z_index=\u00bb\u00bb][vc_column width=\u00bb2\/3&#8243; css=\u00bb.vc_custom_1600776655034{padding-right: 8% !important;}\u00bb][vc_column_text]<\/p>\n<h4>Metodolog\u00eda<\/h4>\n<ul>\n<li><strong>Essentials<\/strong>: trabajamos para que los ni\u00f1os \/ as aprendan un vocabulario aproximado de 2.000 palabras esenciales y ganen confianza a la hora de utilizar las estructuras b\u00e1sicas de la gram\u00e1tica.<\/li>\n<li><strong>Phonics<\/strong>: son sections que ayudan a mejorar la pronunciaci\u00f3n, la ortograf\u00eda y la capacidad lectora. Los ni\u00f1os son imitadores natos ya menudo consiguen una pronunciaci\u00f3n mucho mejor que la de los adultos.<\/li>\n<li><strong>Emotional Syllabus<\/strong>: utilizamos personajes para potenciar las competencias emocionales de los ni\u00f1os y que tomen conciencia de sus propias emociones. Este trabajo, junto con el acad\u00e9mico, favorece su adaptaci\u00f3n social, la capacidad y habilidad para tomar decisiones, la capacidad para resolver conflictos, y favorece habilidades como la creatividad, el liderazgo y el pensamiento cr\u00edtico.<\/li>\n<li><strong>Recursos en el aula<\/strong>: utilizamos todo tipo de recursos digitales (DVD, ordenador, tableta con conexi\u00f3n a internet, pizarra interactiva, etc.) junto con otros recursos existentes en la escuela como m\u00fasica, juegos, cuentos, etc.<\/li>\n<li><strong>Google Classroom<\/strong>: esta herramienta digital \u00e1gil y f\u00e1cil de usar, nos ayuda tanto a los profesores como a los alumnos a administrar y organizar el trabajo del curso, los deberes y fomenta una mejor comunicaci\u00f3n. Asimismo, permite a los padres conocer en todo momento qu\u00e9 trabaja su hijo \/ a en las clases.<\/li>\n<li><strong>Cambridge exam preparation<\/strong>: el material que utilizamos en el aula comparte formado con los ex\u00e1menes oficiales. Durante el segundo trimestre hacemos un pre-test oficial y preparamos a los alumnos que as\u00ed lo quieren para el examen oficial correspondiente.<\/li>\n<\/ul>\n<p>[\/vc_column_text][vc_empty_space][\/vc_column][vc_column width=\u00bb1\/3&#8243;][\/vc_column][\/vc_row][vc_row css_animation=\u00bb\u00bb row_type=\u00bbrow\u00bb use_row_as_full_screen_section=\u00bbno\u00bb type=\u00bbfull_width\u00bb angled_section=\u00bbno\u00bb text_align=\u00bbleft\u00bb background_image_as_pattern=\u00bbwithout_pattern\u00bb][vc_column][vc_empty_space height=\u00bb45px\u00bb][\/vc_column][\/vc_row][vc_row css_animation=\u00bb\u00bb row_type=\u00bbrow\u00bb use_row_as_full_screen_section=\u00bbno\u00bb type=\u00bbgrid\u00bb angled_section=\u00bbno\u00bb text_align=\u00bbleft\u00bb background_image_as_pattern=\u00bbwithout_pattern\u00bb z_index=\u00bb\u00bb padding_top=\u00bb45px\u00bb][vc_column][vc_column_text]<\/p>\n<h4>Seguimiento<\/h4>\n<p>[\/vc_column_text][vc_empty_space height=\u00bb45px\u00bb][vc_row_inner row_type=\u00bbrow\u00bb type=\u00bbfull_width\u00bb text_align=\u00bbleft\u00bb css_animation=\u00bb\u00bb][vc_column_inner width=\u00bb1\/3&#8243; css=\u00bb.vc_custom_1601290552672{padding-right: 5% !important;}\u00bb][icon_text box_type=\u00bbnormal\u00bb icon_type=\u00bbnormal\u00bb icon_position=\u00bbleft\u00bb icon_size=\u00bbfa-4x\u00bb use_custom_icon_size=\u00bbno\u00bb separator=\u00bbno\u00bb text=\u00bbDispondr\u00e1s de un usuario y clave parental para acceder a nuestra intranet y hacer seguimiento de la evoluci\u00f3n de tu hijo \/ a. Los profesores hacen una evaluaci\u00f3n continua del progreso de cada alumno aprovechando todas las actividades de clase. Sin ex\u00e1menes!\u00bb image=\u00bb3737&#8243; title=\u00bbEvaluaci\u00f3n cont\u00ednua\u00bb][vc_empty_space][\/vc_column_inner][vc_column_inner width=\u00bb1\/3&#8243; css=\u00bb.vc_custom_1600871399956{padding-right: 5% !important;padding-left: 5% !important;}\u00bb][icon_text box_type=\u00bbnormal\u00bb icon_type=\u00bbnormal\u00bb icon_position=\u00bbleft\u00bb icon_size=\u00bbfa-4x\u00bb use_custom_icon_size=\u00bbno\u00bb separator=\u00bbno\u00bb text=\u00bbPodr\u00e1s descargar un informe trimestral para estar informado del progreso y actitud de tu hijo \/ a y concertar reuniones individuales con el profesor si lo necesitas.\u00bb image=\u00bb3436&#8243; title=\u00bbTerm report\u00bb][vc_empty_space][\/vc_column_inner][vc_column_inner width=\u00bb1\/3&#8243; css=\u00bb.vc_custom_1601290559781{padding-left: 5% !important;}\u00bb][icon_text box_type=\u00bbnormal\u00bb icon_type=\u00bbnormal\u00bb icon_position=\u00bbleft\u00bb icon_size=\u00bbfa-4x\u00bb use_custom_icon_size=\u00bbno\u00bb separator=\u00bbno\u00bb text=\u00bbSi el profesor no puede venir, es sustituido por otro de nuestros profesionales.\u00bb image=\u00bb3785&#8243; title=\u00bbSin cancelaci\u00f3n de clases\u00bb][vc_empty_space][\/vc_column_inner][\/vc_row_inner][\/vc_column][\/vc_row][vc_row css_animation=\u00bb\u00bb row_type=\u00bbrow\u00bb use_row_as_full_screen_section=\u00bbno\u00bb type=\u00bbgrid\u00bb angled_section=\u00bbno\u00bb text_align=\u00bbleft\u00bb background_image_as_pattern=\u00bbwithout_pattern\u00bb z_index=\u00bb\u00bb css=\u00bb.vc_custom_1601290605381{padding-top: 3% !important;}\u00bb el_class=\u00bbcustom_column_boxes\u00bb][vc_column width=\u00bb1\/2&#8243; el_class=\u00bbnegatiu\u00bb][qode_elements_holder background_color=\u00bb#dc0047&#8243; number_of_columns=\u00bbone_column\u00bb][qode_elements_holder_item vertical_alignment=\u00bbtop\u00bb advanced_animations=\u00bbno\u00bb item_padding=\u00bb50px 100px 50px 50px\u00bb][vc_column_text]<\/p>\n<h3>Horarios y precios<\/h3>\n<p>[\/vc_column_text][vc_empty_space height=\u00bb55px\u00bb][icon_text box_type=\u00bbnormal\u00bb icon=\u00bbfa-map-marker\u00bb icon_type=\u00bbnormal\u00bb icon_position=\u00bbleft_from_title\u00bb icon_size=\u00bbfa-3x\u00bb use_custom_icon_size=\u00bbno\u00bb title_tag=\u00bbh4&#8243; separator=\u00bbno\u00bb title=\u00bbSalt\u00bb title_color=\u00bb#ffffff\u00bb icon_color=\u00bb#ffffff\u00bb][vc_column_text]Lunes y mi\u00e9rcoles o martes y jueves<br \/>\nde 17:30 a 19 h<br \/>\nViernes 17.30 a 19.30 h[\/vc_column_text][vc_empty_space height=\u00bb50px\u00bb][icon_text box_type=\u00bbnormal\u00bb icon=\u00bbfa-map-marker\u00bb icon_type=\u00bbnormal\u00bb icon_position=\u00bbleft_from_title\u00bb icon_size=\u00bbfa-3x\u00bb use_custom_icon_size=\u00bbno\u00bb title_tag=\u00bbh4&#8243; separator=\u00bbno\u00bb title=\u00bbCelr\u00e1\u00bb title_color=\u00bb#ffffff\u00bb icon_color=\u00bb#ffffff\u00bb][vc_column_text]Lunes y mi\u00e9rcoles o martes y jueves<br \/>\nde 17 a 18.30 h<br \/>\nViernes de 17 a 19 h[\/vc_column_text][vc_empty_space height=\u00bb50px\u00bb][vc_column_text]<\/p>\n<h5>Precios:<\/h5>\n<p>[\/vc_column_text][vc_empty_space height=\u00bb15px\u00bb][vc_column_text css=\u00bb\u00bb el_class=\u00bbtext-gran\u00bb]<\/p>\n<div>\n<div class=\"gmail_default\">Matricula + material del curso 112\u20ac<\/div>\n<ul>\n<li class=\"gmail_default\">Mensual 79\u20ac Trimestral 231\u20ac\u00a0 (curso 3 horas)<\/li>\n<li class=\"gmail_default\">Mensual 61\u20ac Trimestral 177\u20ac\u00a0 (curso 2 horas)<\/li>\n<\/ul>\n<\/div>\n<div><\/div>\n<p>[\/vc_column_text][vc_empty_space height=\u00bb45px\u00bb][vc_column_text el_class=\u00bbnegatiu\u00bb]\u00bfNo te encaja el horario con tus necesidades?<br \/>\n\u00a1Contacta con nosotros![\/vc_column_text][vc_empty_space][button style=\u00bbwhite\u00bb icon=\u00bbfa-arrow-right\u00bb target=\u00bb_self\u00bb hover_type=\u00bbdefault\u00bb text_align=\u00bbleft\u00bb text=\u00bbCont\u00e1ctanos\u00bb link=\u00bbmailto:info@angloschool.cat\u00bb color=\u00bb#ffffff\u00bb hover_color=\u00bb#ffffff\u00bb hover_background_color=\u00bb#dc0047&#8243; border_color=\u00bb#ffffff\u00bb background_color=\u00bb#dc0047&#8243;][vc_empty_space height=\u00bb58px\u00bb][\/qode_elements_holder_item][\/qode_elements_holder][\/vc_column][vc_column width=\u00bb1\/2&#8243; el_class=\u00bbnegatiu\u00bb][qode_elements_holder background_color=\u00bb#002c50&#8243; number_of_columns=\u00bbone_column\u00bb][qode_elements_holder_item vertical_alignment=\u00bbtop\u00bb advanced_animations=\u00bbno\u00bb item_padding=\u00bb50px\u00bb][vc_column_text]<\/p>\n<h3>Contacto e inscripciones<\/h3>\n<p>[\/vc_column_text][vc_empty_space][contact-form-7 id=\u00bb4563&#8243; html_class=\u00bbcf7_custom_style_2&#8243;][\/qode_elements_holder_item][\/qode_elements_holder][\/vc_column][\/vc_row][vc_row css_animation=\u00bb\u00bb row_type=\u00bbrow\u00bb use_row_as_full_screen_section=\u00bbno\u00bb type=\u00bbfull_width\u00bb angled_section=\u00bbno\u00bb text_align=\u00bbleft\u00bb background_image_as_pattern=\u00bbwithout_pattern\u00bb][vc_column][vc_empty_space height=\u00bb80px\u00bb][\/vc_column][\/vc_row]<\/p>\n","protected":false},"excerpt":{"rendered":"<p>[vc_row css_animation=\u00bb\u00bb row_type=\u00bbrow\u00bb use_row_as_full_screen_section=\u00bbno\u00bb type=\u00bbgrid\u00bb angled_section=\u00bbno\u00bb text_align=\u00bbleft\u00bb background_image_as_pattern=\u00bbwithout_pattern\u00bb z_index=\u00bb\u00bb css=\u00bb.vc_custom_1600860681764{padding-top: 2% !important;}\u00bb][vc_column width=\u00bb1\/2&#8243;][vc_column_text] Ingl\u00e9s para ni\u00f1os\/as de 6 a 12 a\u00f1os [\/vc_column_text][vc_empty_space height=\u00bb10px\u00bb][vc_column_text] Creando las bases para dominar el ingl\u00e9s [\/vc_column_text][vc_empty_space height=\u00bb45px\u00bb][vc_column_text el_class=\u00bbnota_destacada\u00bb]En esta edad tu hijo tiene una capacidad natural para aprender idiomas y lo har\u00e1 mucho m\u00e1s r\u00e1pido si le proporcionas una ense\u00f1anza [&hellip;]<\/p>\n","protected":false},"author":4,"featured_media":4317,"parent":0,"menu_order":0,"comment_status":"closed","ping_status":"closed","template":"full_width.php","meta":{"footnotes":""},"class_list":["post-4497","page","type-page","status-publish","has-post-thumbnail","hentry"],"yoast_head":"<!-- This site is optimized with the Yoast SEO plugin v27.3 - https:\/\/yoast.com\/product\/yoast-seo-wordpress\/ -->\n<title>Anglo School &#8226; Cursos de ingl\u00e9s para ni\u00f1os y ni\u00f1as de 6 a 12 a\u00f1os<\/title>\n<meta name=\"description\" content=\"Cursos de ingl\u00e9s donde ni\u00f1os y ni\u00f1as de 6 a 12 a\u00f1os podr\u00e1n crear la base s\u00f3lida para seguir aprendiendo el ingl\u00e9s en la adolescencia.\" \/>\n<meta name=\"robots\" content=\"index, follow, max-snippet:-1, max-image-preview:large, max-video-preview:-1\" \/>\n<link rel=\"canonical\" href=\"https:\/\/angloschool.cat\/aprende-ingles__trashed\/young-learners\/\" \/>\n<meta property=\"og:locale\" content=\"es_ES\" \/>\n<meta property=\"og:type\" content=\"article\" \/>\n<meta property=\"og:title\" content=\"Anglo School &#8226; Cursos de ingl\u00e9s para ni\u00f1os y ni\u00f1as de 6 a 12 a\u00f1os\" \/>\n<meta property=\"og:description\" content=\"Cursos de ingl\u00e9s donde ni\u00f1os y ni\u00f1as de 6 a 12 a\u00f1os podr\u00e1n crear la base s\u00f3lida para seguir aprendiendo el ingl\u00e9s en la adolescencia.\" \/>\n<meta property=\"og:url\" content=\"https:\/\/angloschool.cat\/aprende-ingles__trashed\/young-learners\/\" \/>\n<meta property=\"og:site_name\" content=\"Anglo School\" \/>\n<meta property=\"article:publisher\" content=\"https:\/\/www.facebook.com\/AngloSchool.Salt.Celra\/\" \/>\n<meta property=\"article:modified_time\" content=\"2025-02-27T16:54:41+00:00\" \/>\n<meta property=\"og:image\" content=\"https:\/\/angloschool.cat\/wp-content\/uploads\/2021\/01\/baby2.jpeg\" \/>\n\t<meta property=\"og:image:width\" content=\"847\" \/>\n\t<meta property=\"og:image:height\" content=\"565\" \/>\n\t<meta property=\"og:image:type\" content=\"image\/jpeg\" \/>\n<meta name=\"twitter:card\" content=\"summary_large_image\" \/>\n<meta name=\"twitter:label1\" content=\"Tiempo de lectura\" \/>\n\t<meta name=\"twitter:data1\" content=\"4 minutos\" \/>\n<script type=\"application\/ld+json\" class=\"yoast-schema-graph\">{\"@context\":\"https:\\\/\\\/schema.org\",\"@graph\":[{\"@type\":\"WebPage\",\"@id\":\"https:\\\/\\\/angloschool.cat\\\/aprende-ingles__trashed\\\/young-learners\\\/\",\"url\":\"https:\\\/\\\/angloschool.cat\\\/aprende-ingles__trashed\\\/young-learners\\\/\",\"name\":\"Anglo School &#8226; Cursos de ingl\u00e9s para ni\u00f1os y ni\u00f1as de 6 a 12 a\u00f1os\",\"isPartOf\":{\"@id\":\"https:\\\/\\\/angloschool.cat\\\/#website\"},\"primaryImageOfPage\":{\"@id\":\"https:\\\/\\\/angloschool.cat\\\/aprende-ingles__trashed\\\/young-learners\\\/#primaryimage\"},\"image\":{\"@id\":\"https:\\\/\\\/angloschool.cat\\\/aprende-ingles__trashed\\\/young-learners\\\/#primaryimage\"},\"thumbnailUrl\":\"https:\\\/\\\/angloschool.cat\\\/wp-content\\\/uploads\\\/2021\\\/01\\\/baby2.jpeg\",\"datePublished\":\"2017-08-07T08:39:51+00:00\",\"dateModified\":\"2025-02-27T16:54:41+00:00\",\"description\":\"Cursos de ingl\u00e9s donde ni\u00f1os y ni\u00f1as de 6 a 12 a\u00f1os podr\u00e1n crear la base s\u00f3lida para seguir aprendiendo el ingl\u00e9s en la adolescencia.\",\"breadcrumb\":{\"@id\":\"https:\\\/\\\/angloschool.cat\\\/aprende-ingles__trashed\\\/young-learners\\\/#breadcrumb\"},\"inLanguage\":\"es\",\"potentialAction\":[{\"@type\":\"ReadAction\",\"target\":[\"https:\\\/\\\/angloschool.cat\\\/aprende-ingles__trashed\\\/young-learners\\\/\"]}]},{\"@type\":\"ImageObject\",\"inLanguage\":\"es\",\"@id\":\"https:\\\/\\\/angloschool.cat\\\/aprende-ingles__trashed\\\/young-learners\\\/#primaryimage\",\"url\":\"https:\\\/\\\/angloschool.cat\\\/wp-content\\\/uploads\\\/2021\\\/01\\\/baby2.jpeg\",\"contentUrl\":\"https:\\\/\\\/angloschool.cat\\\/wp-content\\\/uploads\\\/2021\\\/01\\\/baby2.jpeg\",\"width\":847,\"height\":565},{\"@type\":\"BreadcrumbList\",\"@id\":\"https:\\\/\\\/angloschool.cat\\\/aprende-ingles__trashed\\\/young-learners\\\/#breadcrumb\",\"itemListElement\":[{\"@type\":\"ListItem\",\"position\":1,\"name\":\"Inici\",\"item\":\"https:\\\/\\\/angloschool.cat\\\/\"},{\"@type\":\"ListItem\",\"position\":2,\"name\":\"Young learners\"}]},{\"@type\":\"WebSite\",\"@id\":\"https:\\\/\\\/angloschool.cat\\\/#website\",\"url\":\"https:\\\/\\\/angloschool.cat\\\/\",\"name\":\"Anglo School\",\"description\":\"Cursos d&#039;angl\u00e8s a Salt i Celr\u00e0\",\"publisher\":{\"@id\":\"https:\\\/\\\/angloschool.cat\\\/#organization\"},\"potentialAction\":[{\"@type\":\"SearchAction\",\"target\":{\"@type\":\"EntryPoint\",\"urlTemplate\":\"https:\\\/\\\/angloschool.cat\\\/?s={search_term_string}\"},\"query-input\":{\"@type\":\"PropertyValueSpecification\",\"valueRequired\":true,\"valueName\":\"search_term_string\"}}],\"inLanguage\":\"es\"},{\"@type\":\"Organization\",\"@id\":\"https:\\\/\\\/angloschool.cat\\\/#organization\",\"name\":\"Angloschool\",\"url\":\"https:\\\/\\\/angloschool.cat\\\/\",\"logo\":{\"@type\":\"ImageObject\",\"inLanguage\":\"es\",\"@id\":\"https:\\\/\\\/angloschool.cat\\\/#\\\/schema\\\/logo\\\/image\\\/\",\"url\":\"https:\\\/\\\/angloschool.cat\\\/wp-content\\\/uploads\\\/2019\\\/09\\\/Logos-AngloSchool-08.png\",\"contentUrl\":\"https:\\\/\\\/angloschool.cat\\\/wp-content\\\/uploads\\\/2019\\\/09\\\/Logos-AngloSchool-08.png\",\"width\":459,\"height\":306,\"caption\":\"Angloschool\"},\"image\":{\"@id\":\"https:\\\/\\\/angloschool.cat\\\/#\\\/schema\\\/logo\\\/image\\\/\"},\"sameAs\":[\"https:\\\/\\\/www.facebook.com\\\/AngloSchool.Salt.Celra\\\/\",\"https:\\\/\\\/www.instagram.com\\\/angloschool_salt_celra\"]}]}<\/script>\n<!-- \/ Yoast SEO plugin. -->","yoast_head_json":{"title":"Anglo School &#8226; Cursos de ingl\u00e9s para ni\u00f1os y ni\u00f1as de 6 a 12 a\u00f1os","description":"Cursos de ingl\u00e9s donde ni\u00f1os y ni\u00f1as de 6 a 12 a\u00f1os podr\u00e1n crear la base s\u00f3lida para seguir aprendiendo el ingl\u00e9s en la adolescencia.","robots":{"index":"index","follow":"follow","max-snippet":"max-snippet:-1","max-image-preview":"max-image-preview:large","max-video-preview":"max-video-preview:-1"},"canonical":"https:\/\/angloschool.cat\/aprende-ingles__trashed\/young-learners\/","og_locale":"es_ES","og_type":"article","og_title":"Anglo School &#8226; Cursos de ingl\u00e9s para ni\u00f1os y ni\u00f1as de 6 a 12 a\u00f1os","og_description":"Cursos de ingl\u00e9s donde ni\u00f1os y ni\u00f1as de 6 a 12 a\u00f1os podr\u00e1n crear la base s\u00f3lida para seguir aprendiendo el ingl\u00e9s en la adolescencia.","og_url":"https:\/\/angloschool.cat\/aprende-ingles__trashed\/young-learners\/","og_site_name":"Anglo School","article_publisher":"https:\/\/www.facebook.com\/AngloSchool.Salt.Celra\/","article_modified_time":"2025-02-27T16:54:41+00:00","og_image":[{"width":847,"height":565,"url":"https:\/\/angloschool.cat\/wp-content\/uploads\/2021\/01\/baby2.jpeg","type":"image\/jpeg"}],"twitter_card":"summary_large_image","twitter_misc":{"Tiempo de lectura":"4 minutos"},"schema":{"@context":"https:\/\/schema.org","@graph":[{"@type":"WebPage","@id":"https:\/\/angloschool.cat\/aprende-ingles__trashed\/young-learners\/","url":"https:\/\/angloschool.cat\/aprende-ingles__trashed\/young-learners\/","name":"Anglo School &#8226; Cursos de ingl\u00e9s para ni\u00f1os y ni\u00f1as de 6 a 12 a\u00f1os","isPartOf":{"@id":"https:\/\/angloschool.cat\/#website"},"primaryImageOfPage":{"@id":"https:\/\/angloschool.cat\/aprende-ingles__trashed\/young-learners\/#primaryimage"},"image":{"@id":"https:\/\/angloschool.cat\/aprende-ingles__trashed\/young-learners\/#primaryimage"},"thumbnailUrl":"https:\/\/angloschool.cat\/wp-content\/uploads\/2021\/01\/baby2.jpeg","datePublished":"2017-08-07T08:39:51+00:00","dateModified":"2025-02-27T16:54:41+00:00","description":"Cursos de ingl\u00e9s donde ni\u00f1os y ni\u00f1as de 6 a 12 a\u00f1os podr\u00e1n crear la base s\u00f3lida para seguir aprendiendo el ingl\u00e9s en la adolescencia.","breadcrumb":{"@id":"https:\/\/angloschool.cat\/aprende-ingles__trashed\/young-learners\/#breadcrumb"},"inLanguage":"es","potentialAction":[{"@type":"ReadAction","target":["https:\/\/angloschool.cat\/aprende-ingles__trashed\/young-learners\/"]}]},{"@type":"ImageObject","inLanguage":"es","@id":"https:\/\/angloschool.cat\/aprende-ingles__trashed\/young-learners\/#primaryimage","url":"https:\/\/angloschool.cat\/wp-content\/uploads\/2021\/01\/baby2.jpeg","contentUrl":"https:\/\/angloschool.cat\/wp-content\/uploads\/2021\/01\/baby2.jpeg","width":847,"height":565},{"@type":"BreadcrumbList","@id":"https:\/\/angloschool.cat\/aprende-ingles__trashed\/young-learners\/#breadcrumb","itemListElement":[{"@type":"ListItem","position":1,"name":"Inici","item":"https:\/\/angloschool.cat\/"},{"@type":"ListItem","position":2,"name":"Young learners"}]},{"@type":"WebSite","@id":"https:\/\/angloschool.cat\/#website","url":"https:\/\/angloschool.cat\/","name":"Anglo School","description":"Cursos d&#039;angl\u00e8s a Salt i Celr\u00e0","publisher":{"@id":"https:\/\/angloschool.cat\/#organization"},"potentialAction":[{"@type":"SearchAction","target":{"@type":"EntryPoint","urlTemplate":"https:\/\/angloschool.cat\/?s={search_term_string}"},"query-input":{"@type":"PropertyValueSpecification","valueRequired":true,"valueName":"search_term_string"}}],"inLanguage":"es"},{"@type":"Organization","@id":"https:\/\/angloschool.cat\/#organization","name":"Angloschool","url":"https:\/\/angloschool.cat\/","logo":{"@type":"ImageObject","inLanguage":"es","@id":"https:\/\/angloschool.cat\/#\/schema\/logo\/image\/","url":"https:\/\/angloschool.cat\/wp-content\/uploads\/2019\/09\/Logos-AngloSchool-08.png","contentUrl":"https:\/\/angloschool.cat\/wp-content\/uploads\/2019\/09\/Logos-AngloSchool-08.png","width":459,"height":306,"caption":"Angloschool"},"image":{"@id":"https:\/\/angloschool.cat\/#\/schema\/logo\/image\/"},"sameAs":["https:\/\/www.facebook.com\/AngloSchool.Salt.Celra\/","https:\/\/www.instagram.com\/angloschool_salt_celra"]}]}},"_links":{"self":[{"href":"https:\/\/angloschool.cat\/es\/wp-json\/wp\/v2\/pages\/4497","targetHints":{"allow":["GET"]}}],"collection":[{"href":"https:\/\/angloschool.cat\/es\/wp-json\/wp\/v2\/pages"}],"about":[{"href":"https:\/\/angloschool.cat\/es\/wp-json\/wp\/v2\/types\/page"}],"author":[{"embeddable":true,"href":"https:\/\/angloschool.cat\/es\/wp-json\/wp\/v2\/users\/4"}],"replies":[{"embeddable":true,"href":"https:\/\/angloschool.cat\/es\/wp-json\/wp\/v2\/comments?post=4497"}],"version-history":[{"count":8,"href":"https:\/\/angloschool.cat\/es\/wp-json\/wp\/v2\/pages\/4497\/revisions"}],"predecessor-version":[{"id":5449,"href":"https:\/\/angloschool.cat\/es\/wp-json\/wp\/v2\/pages\/4497\/revisions\/5449"}],"wp:featuredmedia":[{"embeddable":true,"href":"https:\/\/angloschool.cat\/es\/wp-json\/wp\/v2\/media\/4317"}],"wp:attachment":[{"href":"https:\/\/angloschool.cat\/es\/wp-json\/wp\/v2\/media?parent=4497"}],"curies":[{"name":"wp","href":"https:\/\/api.w.org\/{rel}","templated":true}]}}