{"id":4504,"date":"2020-10-27T14:53:00","date_gmt":"2020-10-27T12:53:00","guid":{"rendered":"https:\/\/angloschool.carloscorral.net\/cursos-online\/"},"modified":"2024-09-03T12:36:51","modified_gmt":"2024-09-03T10:36:51","slug":"cursos-online","status":"publish","type":"page","link":"https:\/\/angloschool.cat\/es\/cursos-online\/","title":{"rendered":"Cursos online"},"content":{"rendered":"<p>[vc_row css_animation=\u00bb\u00bb row_type=\u00bbrow\u00bb use_row_as_full_screen_section=\u00bbno\u00bb type=\u00bbgrid\u00bb angled_section=\u00bbno\u00bb text_align=\u00bbleft\u00bb background_image_as_pattern=\u00bbwithout_pattern\u00bb z_index=\u00bb\u00bb css=\u00bb.vc_custom_1600860681764{padding-top: 2% !important;}\u00bb][vc_column width=\u00bb1\/2&#8243;][vc_column_text]<\/p>\n<h1>Aprende ingl\u00e9s online<\/h1>\n<p>[\/vc_column_text][vc_empty_space height=\u00bb10px\u00bb][vc_column_text]<\/p>\n<h2>\u00a1como en el aula!<\/h2>\n<p>[\/vc_column_text][vc_empty_space height=\u00bb45px\u00bb][vc_column_text el_class=\u00bbnota_destacada\u00bb]Cursos de ingl\u00e9s con todas las ventajas de la modalidad online. Ah\u00f3rrate desplazamientos y aprende ingl\u00e9s con los mismos profesores, contenido, material did\u00e1ctico y validez curricular que la modalidad presencial.[\/vc_column_text][vc_empty_space][vc_column_text]Tambi\u00e9n si quieres acceder a una titulaci\u00f3n oficial de ingl\u00e9s! Te preparamos online con material espec\u00edfico y ex\u00e1menes reales para obtener la certificaci\u00f3n de Cambridge: <strong><a href=\"https:\/\/angloschool.cat\/es\/examens-oficials-cambridge\/ket\/\">Ket<\/a>, <a href=\"https:\/\/angloschool.cat\/es\/examens-oficials-cambridge\/pet\/\">Preliminary<\/a>, <a href=\"https:\/\/angloschool.cat\/es\/examens-oficials-cambridge\/fce\/\">First Certificate<\/a> o <a href=\"https:\/\/angloschool.cat\/es\/examens-oficials-cambridge\/cae\/\">Advanced<\/a>.<\/strong><\/p>\n<p>&nbsp;<\/p>\n<p>Con <strong>Anglo School Online<\/strong> (Google MEET), aprender\u00e1s ingl\u00e9s online con profesores titulados que te preparan para el curso y nivel que necesites desde donde t\u00fa quieras. <strong>Clases muy din\u00e1micas e interactivas, adaptadas a cada etapa, con juegos y actividades para practicar lo aprendido.<\/strong> Con la misma validez curricular que la modalidad presencial, el mismo contenido y el material did\u00e1ctico ya que, te proporcionamos la licencia digital y \/ o libros en papel.<\/p>\n<p>&nbsp;<\/p>\n<p><strong>Todos los niveles:<\/strong> para ni\u00f1os, j\u00f3venes y adultos.[\/vc_column_text][vc_empty_space height=\u00bb45px\u00bb][\/vc_column][vc_column width=\u00bb1\/2&#8243;][vc_single_image source=\u00bbfeatured_image\u00bb img_size=\u00bb400&#215;400&#8243; alignment=\u00bbright\u00bb style=\u00bbvc_box_circle_2&#8243; qode_css_animation=\u00bb\u00bb][vc_row_inner row_type=\u00bbrow\u00bb type=\u00bbfull_width\u00bb text_align=\u00bbleft\u00bb css_animation=\u00bb\u00bb css=\u00bb.vc_custom_1600936045181{margin-top: -5% !important;}\u00bb][vc_column_inner][vc_single_image image=\u00bb3187&#8243; alignment=\u00bbcenter\u00bb css=\u00bb.vc_custom_1600936113533{margin-top: -50px !important;}\u00bb qode_css_animation=\u00bb\u00bb][\/vc_column_inner][\/vc_row_inner][vc_empty_space][\/vc_column][\/vc_row][vc_row css_animation=\u00bb\u00bb row_type=\u00bbrow\u00bb use_row_as_full_screen_section=\u00bbno\u00bb type=\u00bbgrid\u00bb angled_section=\u00bbno\u00bb text_align=\u00bbleft\u00bb background_image_as_pattern=\u00bbwithout_pattern\u00bb class=\u00bbparagraf-subpagines\u00bb z_index=\u00bb\u00bb css=\u00bb.vc_custom_1602089148628{padding-top: 2% !important;}\u00bb][vc_column width=\u00bb1\/2&#8243;][vc_empty_space height=\u00bb25px\u00bb][vc_column_text]<\/p>\n<h3>Horarios y precios:<\/h3>\n<p>[\/vc_column_text][vc_empty_space height=\u00bb25px\u00bb][\/vc_column][vc_column width=\u00bb1\/2&#8243;][\/vc_column][\/vc_row][vc_row css_animation=\u00bb\u00bb row_type=\u00bbrow\u00bb use_row_as_full_screen_section=\u00bbno\u00bb type=\u00bbgrid\u00bb angled_section=\u00bbno\u00bb text_align=\u00bbleft\u00bb background_image_as_pattern=\u00bbwithout_pattern\u00bb z_index=\u00bb\u00bb][vc_column width=\u00bb1\/3&#8243;][vc_empty_space height=\u00bb25px\u00bb][vc_single_image image=\u00bb3420&#8243; img_size=\u00bblarge\u00bb alignment=\u00bbcenter\u00bb qode_css_animation=\u00bb\u00bb][vc_empty_space height=\u00bb25px\u00bb][vc_column_text css=\u00bb\u00bb]<\/p>\n<h4>Baby English (de 3 a 5 a\u00f1os)<\/h4>\n<p>Viernes de 17.30 a 19 h<br \/>\nLunes y mi\u00e9rcoles o martes y jueves de 17 a 18 h<\/p>\n<p>PRECIOS:<br \/>\nDesde 53 \u20ac\/mensual[\/vc_column_text][vc_empty_space height=\u00bb45px\u00bb][\/vc_column][vc_column width=\u00bb1\/3&#8243;][vc_empty_space height=\u00bb25px\u00bb][vc_single_image image=\u00bb3426&#8243; img_size=\u00bblarge\u00bb alignment=\u00bbcenter\u00bb qode_css_animation=\u00bb\u00bb][vc_empty_space height=\u00bb25px\u00bb][vc_column_text css=\u00bb\u00bb]<\/p>\n<h4>Young Learners (de 5 a 12 a\u00f1os)<\/h4>\n<p>Lunes y mi\u00e9rcoles o martes y jueves<br \/>\nde 17 a 18.30 h\u00a0 y de 17.30 a 19 h<br \/>\nViernes de 17 a 19 h y 17.30 a 19.30 h<\/p>\n<p>PRECIOS:<br \/>\n2 horas 61 \u20ac<br \/>\n3 horas 79 \u20ac[\/vc_column_text][vc_empty_space height=\u00bb45px\u00bb][\/vc_column][vc_column width=\u00bb1\/3&#8243;][vc_empty_space height=\u00bb25px\u00bb][vc_single_image image=\u00bb3424&#8243; img_size=\u00bblarge\u00bb alignment=\u00bbcenter\u00bb qode_css_animation=\u00bb\u00bb][vc_empty_space height=\u00bb25px\u00bb][vc_column_text css=\u00bb\u00bb]<\/p>\n<h4>Teenagers (12 a 18 a\u00f1os)<\/h4>\n<p>Lunes y mi\u00e9rcoles o martes y jueves<br \/>\nde 15.30 a 17 h, de 16 a 17.30, de 18.30 a 20 h o de 19 a 20.30 h<br \/>\nViernes de 15.30 a 17.30 h<\/p>\n<p>PRECIOS:<br \/>\nNiveles de A2+B1_ 2h 63 \u20ac 3h 79 \u20ac<br \/>\nNiveles de B2+C1_ 2h 68 \u20ac 3h 84 \u20ac[\/vc_column_text][vc_empty_space height=\u00bb45px\u00bb][\/vc_column][\/vc_row][vc_row css_animation=\u00bb\u00bb row_type=\u00bbrow\u00bb use_row_as_full_screen_section=\u00bbno\u00bb type=\u00bbgrid\u00bb angled_section=\u00bbno\u00bb text_align=\u00bbleft\u00bb background_image_as_pattern=\u00bbwithout_pattern\u00bb z_index=\u00bb\u00bb][vc_column width=\u00bb1\/3&#8243;][vc_empty_space height=\u00bb25px\u00bb][vc_single_image image=\u00bb4265&#8243; img_size=\u00bblarge\u00bb alignment=\u00bbcenter\u00bb qode_css_animation=\u00bb\u00bb][vc_empty_space height=\u00bb25px\u00bb][vc_column_text css=\u00bb\u00bb]<\/p>\n<h4>Adultos<\/h4>\n<p>Lunes y mi\u00e9rcoles o martes y jueves<br \/>\nde 16.30 a 18 h y de 17 a 18.30 h<\/p>\n<p>PRECIOS:<br \/>\n3h 79 \u20ac[\/vc_column_text][vc_empty_space height=\u00bb45px\u00bb][\/vc_column][vc_column width=\u00bb1\/3&#8243;][vc_empty_space height=\u00bb25px\u00bb][vc_single_image image=\u00bb5337&#8243; img_size=\u00bblarge\u00bb alignment=\u00bbcenter\u00bb css=\u00bb\u00bb qode_css_animation=\u00bb\u00bb][vc_empty_space height=\u00bb25px\u00bb][vc_column_text css=\u00bb\u00bb]<\/p>\n<h4>Speaking<\/h4>\n<p>Horario a consultar<\/p>\n<p>PRECIOS:<br \/>\n51\u20ac\/mensual[\/vc_column_text][vc_empty_space height=\u00bb45px\u00bb][vc_empty_space][\/vc_column][vc_column width=\u00bb1\/3&#8243; el_class=\u00bbnegatiu\u00bb][vc_empty_space height=\u00bb25px\u00bb][qode_elements_holder background_color=\u00bb#dc0047&#8243; number_of_columns=\u00bbone_column\u00bb][qode_elements_holder_item vertical_alignment=\u00bbtop\u00bb advanced_animations=\u00bbno\u00bb item_padding=\u00bb50px 100px 50px 50px\u00bb][vc_empty_space][vc_column_text]<\/p>\n<h4>\u00bfNo te encaja el horario con tus necesidades?<\/h4>\n<p>\u00a1Contacta con nosotros![\/vc_column_text][vc_empty_space height=\u00bb45px\u00bb][button style=\u00bbwhite\u00bb icon=\u00bbfa-arrow-right\u00bb target=\u00bb_self\u00bb hover_type=\u00bbdefault\u00bb text_align=\u00bbleft\u00bb text=\u00bbcont\u00e1ctanos\u00bb link=\u00bbmailto:info@angloschool.cat\u00bb background_color=\u00bb#dc0047&#8243;][vc_empty_space height=\u00bb45px\u00bb][\/qode_elements_holder_item][\/qode_elements_holder][\/vc_column][\/vc_row][vc_row css_animation=\u00bb\u00bb row_type=\u00bbrow\u00bb use_row_as_full_screen_section=\u00bbno\u00bb type=\u00bbfull_width\u00bb angled_section=\u00bbno\u00bb text_align=\u00bbleft\u00bb background_image_as_pattern=\u00bbwithout_pattern\u00bb][vc_column][vc_empty_space height=\u00bb80px\u00bb][\/vc_column][\/vc_row]<\/p>\n","protected":false},"excerpt":{"rendered":"<p>[vc_row css_animation=\u00bb\u00bb row_type=\u00bbrow\u00bb use_row_as_full_screen_section=\u00bbno\u00bb type=\u00bbgrid\u00bb angled_section=\u00bbno\u00bb text_align=\u00bbleft\u00bb background_image_as_pattern=\u00bbwithout_pattern\u00bb z_index=\u00bb\u00bb css=\u00bb.vc_custom_1600860681764{padding-top: 2% !important;}\u00bb][vc_column width=\u00bb1\/2&#8243;][vc_column_text] Aprende ingl\u00e9s online [\/vc_column_text][vc_empty_space height=\u00bb10px\u00bb][vc_column_text] \u00a1como en el aula! [\/vc_column_text][vc_empty_space height=\u00bb45px\u00bb][vc_column_text el_class=\u00bbnota_destacada\u00bb]Cursos de ingl\u00e9s con todas las ventajas de la modalidad online. Ah\u00f3rrate desplazamientos y aprende ingl\u00e9s con los mismos profesores, contenido, material did\u00e1ctico y validez curricular que la modalidad presencial.[\/vc_column_text][vc_empty_space][vc_column_text]Tambi\u00e9n si [&hellip;]<\/p>\n","protected":false},"author":4,"featured_media":4057,"parent":0,"menu_order":0,"comment_status":"closed","ping_status":"closed","template":"full_width.php","meta":{"footnotes":""},"class_list":["post-4504","page","type-page","status-publish","has-post-thumbnail","hentry"],"yoast_head":"<!-- This site is optimized with the Yoast SEO plugin v27.3 - https:\/\/yoast.com\/product\/yoast-seo-wordpress\/ -->\n<title>Anglo School &#8226; Cursos online per aprendre angl\u00e8s i comunicar-te en angl\u00e8s<\/title>\n<meta name=\"description\" content=\"Cursos d\u2019angl\u00e8s amb totes els avantatges de la modalitat online. Estalvia\u2019t despla\u00e7aments i apr\u00e8n angl\u00e8s amb els mateixos professors, contingut, material did\u00e0ctic i validesa curricular que la modalitat presencial.\" \/>\n<meta name=\"robots\" content=\"index, follow, max-snippet:-1, max-image-preview:large, max-video-preview:-1\" \/>\n<link rel=\"canonical\" href=\"https:\/\/angloschool.cat\/es\/cursos-online\/\" \/>\n<meta property=\"og:locale\" content=\"es_ES\" \/>\n<meta property=\"og:type\" content=\"article\" \/>\n<meta property=\"og:title\" content=\"Anglo School &#8226; Cursos online per aprendre angl\u00e8s i comunicar-te en angl\u00e8s\" \/>\n<meta property=\"og:description\" content=\"Cursos d\u2019angl\u00e8s amb totes els avantatges de la modalitat online. Estalvia\u2019t despla\u00e7aments i apr\u00e8n angl\u00e8s amb els mateixos professors, contingut, material did\u00e0ctic i validesa curricular que la modalitat presencial.\" \/>\n<meta property=\"og:url\" content=\"https:\/\/angloschool.cat\/es\/cursos-online\/\" \/>\n<meta property=\"og:site_name\" content=\"Anglo School\" \/>\n<meta property=\"article:publisher\" content=\"https:\/\/www.facebook.com\/AngloSchool.Salt.Celra\/\" \/>\n<meta property=\"article:modified_time\" content=\"2024-09-03T10:36:51+00:00\" \/>\n<meta property=\"og:image\" content=\"https:\/\/angloschool.cat\/wp-content\/uploads\/2020\/10\/pexels-julia-m-cameron-4144222.jpg\" \/>\n\t<meta property=\"og:image:width\" content=\"1280\" \/>\n\t<meta property=\"og:image:height\" content=\"854\" \/>\n\t<meta property=\"og:image:type\" content=\"image\/jpeg\" \/>\n<meta name=\"twitter:card\" content=\"summary_large_image\" \/>\n<meta name=\"twitter:label1\" content=\"Tiempo de lectura\" \/>\n\t<meta name=\"twitter:data1\" content=\"4 minutos\" \/>\n<script type=\"application\/ld+json\" class=\"yoast-schema-graph\">{\"@context\":\"https:\\\/\\\/schema.org\",\"@graph\":[{\"@type\":\"WebPage\",\"@id\":\"https:\\\/\\\/angloschool.cat\\\/es\\\/cursos-online\\\/\",\"url\":\"https:\\\/\\\/angloschool.cat\\\/es\\\/cursos-online\\\/\",\"name\":\"Anglo School &#8226; Cursos online per aprendre angl\u00e8s i comunicar-te en angl\u00e8s\",\"isPartOf\":{\"@id\":\"https:\\\/\\\/angloschool.cat\\\/#website\"},\"primaryImageOfPage\":{\"@id\":\"https:\\\/\\\/angloschool.cat\\\/es\\\/cursos-online\\\/#primaryimage\"},\"image\":{\"@id\":\"https:\\\/\\\/angloschool.cat\\\/es\\\/cursos-online\\\/#primaryimage\"},\"thumbnailUrl\":\"https:\\\/\\\/angloschool.cat\\\/wp-content\\\/uploads\\\/2020\\\/10\\\/pexels-julia-m-cameron-4144222.jpg\",\"datePublished\":\"2020-10-27T12:53:00+00:00\",\"dateModified\":\"2024-09-03T10:36:51+00:00\",\"description\":\"Cursos d\u2019angl\u00e8s amb totes els avantatges de la modalitat online. Estalvia\u2019t despla\u00e7aments i apr\u00e8n angl\u00e8s amb els mateixos professors, contingut, material did\u00e0ctic i validesa curricular que la modalitat presencial.\",\"breadcrumb\":{\"@id\":\"https:\\\/\\\/angloschool.cat\\\/es\\\/cursos-online\\\/#breadcrumb\"},\"inLanguage\":\"es\",\"potentialAction\":[{\"@type\":\"ReadAction\",\"target\":[\"https:\\\/\\\/angloschool.cat\\\/es\\\/cursos-online\\\/\"]}]},{\"@type\":\"ImageObject\",\"inLanguage\":\"es\",\"@id\":\"https:\\\/\\\/angloschool.cat\\\/es\\\/cursos-online\\\/#primaryimage\",\"url\":\"https:\\\/\\\/angloschool.cat\\\/wp-content\\\/uploads\\\/2020\\\/10\\\/pexels-julia-m-cameron-4144222.jpg\",\"contentUrl\":\"https:\\\/\\\/angloschool.cat\\\/wp-content\\\/uploads\\\/2020\\\/10\\\/pexels-julia-m-cameron-4144222.jpg\",\"width\":1280,\"height\":854,\"caption\":\"Anglo School Cursos online per aprendre angl\u00e8s\"},{\"@type\":\"BreadcrumbList\",\"@id\":\"https:\\\/\\\/angloschool.cat\\\/es\\\/cursos-online\\\/#breadcrumb\",\"itemListElement\":[{\"@type\":\"ListItem\",\"position\":1,\"name\":\"Inici\",\"item\":\"https:\\\/\\\/angloschool.cat\\\/\"},{\"@type\":\"ListItem\",\"position\":2,\"name\":\"Cursos online\"}]},{\"@type\":\"WebSite\",\"@id\":\"https:\\\/\\\/angloschool.cat\\\/#website\",\"url\":\"https:\\\/\\\/angloschool.cat\\\/\",\"name\":\"Anglo School\",\"description\":\"Cursos d&#039;angl\u00e8s a Salt i Celr\u00e0\",\"publisher\":{\"@id\":\"https:\\\/\\\/angloschool.cat\\\/#organization\"},\"potentialAction\":[{\"@type\":\"SearchAction\",\"target\":{\"@type\":\"EntryPoint\",\"urlTemplate\":\"https:\\\/\\\/angloschool.cat\\\/?s={search_term_string}\"},\"query-input\":{\"@type\":\"PropertyValueSpecification\",\"valueRequired\":true,\"valueName\":\"search_term_string\"}}],\"inLanguage\":\"es\"},{\"@type\":\"Organization\",\"@id\":\"https:\\\/\\\/angloschool.cat\\\/#organization\",\"name\":\"Angloschool\",\"url\":\"https:\\\/\\\/angloschool.cat\\\/\",\"logo\":{\"@type\":\"ImageObject\",\"inLanguage\":\"es\",\"@id\":\"https:\\\/\\\/angloschool.cat\\\/#\\\/schema\\\/logo\\\/image\\\/\",\"url\":\"https:\\\/\\\/angloschool.cat\\\/wp-content\\\/uploads\\\/2019\\\/09\\\/Logos-AngloSchool-08.png\",\"contentUrl\":\"https:\\\/\\\/angloschool.cat\\\/wp-content\\\/uploads\\\/2019\\\/09\\\/Logos-AngloSchool-08.png\",\"width\":459,\"height\":306,\"caption\":\"Angloschool\"},\"image\":{\"@id\":\"https:\\\/\\\/angloschool.cat\\\/#\\\/schema\\\/logo\\\/image\\\/\"},\"sameAs\":[\"https:\\\/\\\/www.facebook.com\\\/AngloSchool.Salt.Celra\\\/\",\"https:\\\/\\\/www.instagram.com\\\/angloschool_salt_celra\"]}]}<\/script>\n<!-- \/ Yoast SEO plugin. -->","yoast_head_json":{"title":"Anglo School &#8226; Cursos online per aprendre angl\u00e8s i comunicar-te en angl\u00e8s","description":"Cursos d\u2019angl\u00e8s amb totes els avantatges de la modalitat online. Estalvia\u2019t despla\u00e7aments i apr\u00e8n angl\u00e8s amb els mateixos professors, contingut, material did\u00e0ctic i validesa curricular que la modalitat presencial.","robots":{"index":"index","follow":"follow","max-snippet":"max-snippet:-1","max-image-preview":"max-image-preview:large","max-video-preview":"max-video-preview:-1"},"canonical":"https:\/\/angloschool.cat\/es\/cursos-online\/","og_locale":"es_ES","og_type":"article","og_title":"Anglo School &#8226; Cursos online per aprendre angl\u00e8s i comunicar-te en angl\u00e8s","og_description":"Cursos d\u2019angl\u00e8s amb totes els avantatges de la modalitat online. Estalvia\u2019t despla\u00e7aments i apr\u00e8n angl\u00e8s amb els mateixos professors, contingut, material did\u00e0ctic i validesa curricular que la modalitat presencial.","og_url":"https:\/\/angloschool.cat\/es\/cursos-online\/","og_site_name":"Anglo School","article_publisher":"https:\/\/www.facebook.com\/AngloSchool.Salt.Celra\/","article_modified_time":"2024-09-03T10:36:51+00:00","og_image":[{"width":1280,"height":854,"url":"https:\/\/angloschool.cat\/wp-content\/uploads\/2020\/10\/pexels-julia-m-cameron-4144222.jpg","type":"image\/jpeg"}],"twitter_card":"summary_large_image","twitter_misc":{"Tiempo de lectura":"4 minutos"},"schema":{"@context":"https:\/\/schema.org","@graph":[{"@type":"WebPage","@id":"https:\/\/angloschool.cat\/es\/cursos-online\/","url":"https:\/\/angloschool.cat\/es\/cursos-online\/","name":"Anglo School &#8226; Cursos online per aprendre angl\u00e8s i comunicar-te en angl\u00e8s","isPartOf":{"@id":"https:\/\/angloschool.cat\/#website"},"primaryImageOfPage":{"@id":"https:\/\/angloschool.cat\/es\/cursos-online\/#primaryimage"},"image":{"@id":"https:\/\/angloschool.cat\/es\/cursos-online\/#primaryimage"},"thumbnailUrl":"https:\/\/angloschool.cat\/wp-content\/uploads\/2020\/10\/pexels-julia-m-cameron-4144222.jpg","datePublished":"2020-10-27T12:53:00+00:00","dateModified":"2024-09-03T10:36:51+00:00","description":"Cursos d\u2019angl\u00e8s amb totes els avantatges de la modalitat online. Estalvia\u2019t despla\u00e7aments i apr\u00e8n angl\u00e8s amb els mateixos professors, contingut, material did\u00e0ctic i validesa curricular que la modalitat presencial.","breadcrumb":{"@id":"https:\/\/angloschool.cat\/es\/cursos-online\/#breadcrumb"},"inLanguage":"es","potentialAction":[{"@type":"ReadAction","target":["https:\/\/angloschool.cat\/es\/cursos-online\/"]}]},{"@type":"ImageObject","inLanguage":"es","@id":"https:\/\/angloschool.cat\/es\/cursos-online\/#primaryimage","url":"https:\/\/angloschool.cat\/wp-content\/uploads\/2020\/10\/pexels-julia-m-cameron-4144222.jpg","contentUrl":"https:\/\/angloschool.cat\/wp-content\/uploads\/2020\/10\/pexels-julia-m-cameron-4144222.jpg","width":1280,"height":854,"caption":"Anglo School Cursos online per aprendre angl\u00e8s"},{"@type":"BreadcrumbList","@id":"https:\/\/angloschool.cat\/es\/cursos-online\/#breadcrumb","itemListElement":[{"@type":"ListItem","position":1,"name":"Inici","item":"https:\/\/angloschool.cat\/"},{"@type":"ListItem","position":2,"name":"Cursos online"}]},{"@type":"WebSite","@id":"https:\/\/angloschool.cat\/#website","url":"https:\/\/angloschool.cat\/","name":"Anglo School","description":"Cursos d&#039;angl\u00e8s a Salt i Celr\u00e0","publisher":{"@id":"https:\/\/angloschool.cat\/#organization"},"potentialAction":[{"@type":"SearchAction","target":{"@type":"EntryPoint","urlTemplate":"https:\/\/angloschool.cat\/?s={search_term_string}"},"query-input":{"@type":"PropertyValueSpecification","valueRequired":true,"valueName":"search_term_string"}}],"inLanguage":"es"},{"@type":"Organization","@id":"https:\/\/angloschool.cat\/#organization","name":"Angloschool","url":"https:\/\/angloschool.cat\/","logo":{"@type":"ImageObject","inLanguage":"es","@id":"https:\/\/angloschool.cat\/#\/schema\/logo\/image\/","url":"https:\/\/angloschool.cat\/wp-content\/uploads\/2019\/09\/Logos-AngloSchool-08.png","contentUrl":"https:\/\/angloschool.cat\/wp-content\/uploads\/2019\/09\/Logos-AngloSchool-08.png","width":459,"height":306,"caption":"Angloschool"},"image":{"@id":"https:\/\/angloschool.cat\/#\/schema\/logo\/image\/"},"sameAs":["https:\/\/www.facebook.com\/AngloSchool.Salt.Celra\/","https:\/\/www.instagram.com\/angloschool_salt_celra"]}]}},"_links":{"self":[{"href":"https:\/\/angloschool.cat\/es\/wp-json\/wp\/v2\/pages\/4504","targetHints":{"allow":["GET"]}}],"collection":[{"href":"https:\/\/angloschool.cat\/es\/wp-json\/wp\/v2\/pages"}],"about":[{"href":"https:\/\/angloschool.cat\/es\/wp-json\/wp\/v2\/types\/page"}],"author":[{"embeddable":true,"href":"https:\/\/angloschool.cat\/es\/wp-json\/wp\/v2\/users\/4"}],"replies":[{"embeddable":true,"href":"https:\/\/angloschool.cat\/es\/wp-json\/wp\/v2\/comments?post=4504"}],"version-history":[{"count":5,"href":"https:\/\/angloschool.cat\/es\/wp-json\/wp\/v2\/pages\/4504\/revisions"}],"predecessor-version":[{"id":5440,"href":"https:\/\/angloschool.cat\/es\/wp-json\/wp\/v2\/pages\/4504\/revisions\/5440"}],"wp:featuredmedia":[{"embeddable":true,"href":"https:\/\/angloschool.cat\/es\/wp-json\/wp\/v2\/media\/4057"}],"wp:attachment":[{"href":"https:\/\/angloschool.cat\/es\/wp-json\/wp\/v2\/media?parent=4504"}],"curies":[{"name":"wp","href":"https:\/\/api.w.org\/{rel}","templated":true}]}}