{"id":4510,"date":"2020-10-07T17:17:07","date_gmt":"2020-10-07T15:17:07","guid":{"rendered":"https:\/\/angloschool.carloscorral.net\/examens-oficials-cambridge\/cae\/"},"modified":"2021-08-16T08:17:45","modified_gmt":"2021-08-16T06:17:45","slug":"cae","status":"publish","type":"page","link":"https:\/\/angloschool.cat\/es\/cae\/","title":{"rendered":"CAE"},"content":{"rendered":"<p>[vc_row css_animation=\u00bb\u00bb row_type=\u00bbrow\u00bb use_row_as_full_screen_section=\u00bbno\u00bb type=\u00bbgrid\u00bb angled_section=\u00bbno\u00bb text_align=\u00bbleft\u00bb background_image_as_pattern=\u00bbwithout_pattern\u00bb z_index=\u00bb\u00bb css=\u00bb.vc_custom_1600860681764{padding-top: 2% !important;}\u00bb][vc_column width=\u00bb1\/2&#8243;][vc_column_text]<\/p>\n<h2>Advanced<\/h2>\n<p>[\/vc_column_text][vc_empty_space height=\u00bb45px\u00bb][\/vc_column][vc_column width=\u00bb1\/2&#8243;][\/vc_column][\/vc_row][vc_row css_animation=\u00bb\u00bb row_type=\u00bbrow\u00bb use_row_as_full_screen_section=\u00bbno\u00bb type=\u00bbgrid\u00bb angled_section=\u00bbno\u00bb text_align=\u00bbleft\u00bb background_image_as_pattern=\u00bbwithout_pattern\u00bb z_index=\u00bb\u00bb][vc_column css=\u00bb.vc_custom_1600776655034{padding-right: 8% !important;}\u00bb][vc_single_image image=\u00bb2864&#8243; img_size=\u00bblarge\u00bb qode_css_animation=\u00bb\u00bb][vc_empty_space][vc_column_text]El Certificate in Advanced English es el segundo nivel m\u00e1s alto de los ex\u00e1menes Cambridge English, en el nivel C1 del Marco de Referencia Europeo para las lenguas Modernas creado por el Consejo de Europa.<\/p>\n<p>&nbsp;<\/p>\n<p>El CAE est\u00e1 pensado para aquellas personas que tienen un nivel adecuado para la mayor\u00eda de las situaciones cotidianas incluyendo los negocios y los estudios. La superaci\u00f3n de este examen indica competencia para utilizar el ingl\u00e9s de manera eficaz y para desenvolverse con seguridad en situaciones sociales y profesionales.<\/p>\n<p>&nbsp;<\/p>\n<p>El CAE est\u00e1 reconocido por instituciones de ense\u00f1anza superior en muchos pa\u00edses como prueba de competencia ling\u00fc\u00edstica adecuada para cursos impartidos y evaluados en ingl\u00e9s. Casi todas las universidades del Reino Unido, Australia y cada d\u00eda m\u00e1s universidades de los Estados Unidos reconocen el CAE.[\/vc_column_text][vc_empty_space height=\u00bb45px\u00bb][vc_column_text]<\/p>\n<h4>\u00bfQu\u00e9 incluye el examen?<\/h4>\n<p>Consiste en cuatro pruebas:<\/p>\n<ul>\n<li><strong>Reading &amp; Use of English<\/strong>: 1 hora 30 minutos. Deber\u00e1s ser capaz de entender informaci\u00f3n contenida en libros de ficci\u00f3n y de no ficci\u00f3n, en peri\u00f3dicos y en revistas, y demostrar tu capacidad en gram\u00e1tica y vocabulario en diferentes contextos.<\/li>\n<li><strong>Writing<\/strong>: 1 hora 30 minutos. Tendr\u00e1s que demostrar que eres capaz de redactar dos textos diferentes como una historia corta, una carta, un art\u00edculo, un informe, un comentario o un ensayo.<\/li>\n<li><strong>Listening<\/strong>: 40 minutos. Tendr\u00e1s que demostrar que eres capaz de comprender el significado de diversos materiales de tipo oral, incluyendo noticiarios, discursos, historias y an\u00e9cdotas y anuncios p\u00fablicos.<\/li>\n<li><strong>Speaking<\/strong>: 16 minutos. Realizar\u00e1s el Speaking Test con otro candidato o en un grupo de tres y deber\u00e1s demostrar tu capacidad para tomar parte en diferentes tipos de interacci\u00f3n: con el examinador, con los otros candidatos y por ti mismo.<\/li>\n<\/ul>\n<p>[\/vc_column_text][vc_empty_space height=\u00bb45px\u00bb][button icon=\u00bbfa-arrow-right\u00bb target=\u00bb_blank\u00bb hover_type=\u00bbdefault\u00bb text=\u00bbSaber m\u00e1s sobre el CAE\u00bb link=\u00bbhttp:\/\/www.cambridgeenglish.org\/es\/exams-and-tests\/advanced\/\u00bb][vc_empty_space][\/vc_column][\/vc_row][vc_row css_animation=\u00bb\u00bb row_type=\u00bbrow\u00bb use_row_as_full_screen_section=\u00bbno\u00bb type=\u00bbfull_width\u00bb angled_section=\u00bbno\u00bb text_align=\u00bbleft\u00bb background_image_as_pattern=\u00bbwithout_pattern\u00bb][vc_column][vc_empty_space height=\u00bb45px\u00bb][\/vc_column][\/vc_row]<\/p>\n","protected":false},"excerpt":{"rendered":"<p>[vc_row css_animation=\u00bb\u00bb row_type=\u00bbrow\u00bb use_row_as_full_screen_section=\u00bbno\u00bb type=\u00bbgrid\u00bb angled_section=\u00bbno\u00bb text_align=\u00bbleft\u00bb background_image_as_pattern=\u00bbwithout_pattern\u00bb z_index=\u00bb\u00bb css=\u00bb.vc_custom_1600860681764{padding-top: 2% !important;}\u00bb][vc_column width=\u00bb1\/2&#8243;][vc_column_text] Advanced [\/vc_column_text][vc_empty_space height=\u00bb45px\u00bb][\/vc_column][vc_column width=\u00bb1\/2&#8243;][\/vc_column][\/vc_row][vc_row css_animation=\u00bb\u00bb row_type=\u00bbrow\u00bb use_row_as_full_screen_section=\u00bbno\u00bb type=\u00bbgrid\u00bb angled_section=\u00bbno\u00bb text_align=\u00bbleft\u00bb background_image_as_pattern=\u00bbwithout_pattern\u00bb z_index=\u00bb\u00bb][vc_column css=\u00bb.vc_custom_1600776655034{padding-right: 8% !important;}\u00bb][vc_single_image image=\u00bb2864&#8243; img_size=\u00bblarge\u00bb qode_css_animation=\u00bb\u00bb][vc_empty_space][vc_column_text]El Certificate in Advanced English es el segundo nivel m\u00e1s alto de los ex\u00e1menes Cambridge English, en el nivel C1 del Marco de Referencia Europeo [&hellip;]<\/p>\n","protected":false},"author":4,"featured_media":0,"parent":0,"menu_order":0,"comment_status":"closed","ping_status":"closed","template":"full_width.php","meta":{"footnotes":""},"class_list":["post-4510","page","type-page","status-publish","hentry"],"yoast_head":"<!-- This site is optimized with the Yoast SEO plugin v27.3 - https:\/\/yoast.com\/product\/yoast-seo-wordpress\/ -->\n<title>Anglo School &#8226; Cambridge exams: Certificate in Advanced English (CAE)<\/title>\n<meta name=\"description\" content=\"El Certificate in Advanced English (CAE) est\u00e1 pensado para personas que tienen un nivel adecuado para la mayor\u00eda de las situaciones cotidianas incluyendo los negocios y los estudios.\" \/>\n<meta name=\"robots\" content=\"index, follow, max-snippet:-1, max-image-preview:large, max-video-preview:-1\" \/>\n<link rel=\"canonical\" href=\"https:\/\/angloschool.cat\/es\/examens-oficials-cambridge__trashed\/cae\/\" \/>\n<meta property=\"og:locale\" content=\"es_ES\" \/>\n<meta property=\"og:type\" content=\"article\" \/>\n<meta property=\"og:title\" content=\"Anglo School &#8226; Cambridge exams: Certificate in Advanced English (CAE)\" \/>\n<meta property=\"og:description\" content=\"El Certificate in Advanced English (CAE) est\u00e1 pensado para personas que tienen un nivel adecuado para la mayor\u00eda de las situaciones cotidianas incluyendo los negocios y los estudios.\" \/>\n<meta property=\"og:url\" content=\"https:\/\/angloschool.cat\/es\/examens-oficials-cambridge__trashed\/cae\/\" \/>\n<meta property=\"og:site_name\" content=\"Anglo School\" \/>\n<meta property=\"article:publisher\" content=\"https:\/\/www.facebook.com\/AngloSchool.Salt.Celra\/\" \/>\n<meta property=\"article:modified_time\" content=\"2021-08-16T06:17:45+00:00\" \/>\n<meta name=\"twitter:card\" content=\"summary_large_image\" \/>\n<meta name=\"twitter:label1\" content=\"Tiempo de lectura\" \/>\n\t<meta name=\"twitter:data1\" content=\"2 minutos\" \/>\n<script type=\"application\/ld+json\" class=\"yoast-schema-graph\">{\"@context\":\"https:\\\/\\\/schema.org\",\"@graph\":[{\"@type\":\"WebPage\",\"@id\":\"https:\\\/\\\/angloschool.cat\\\/es\\\/examens-oficials-cambridge__trashed\\\/cae\\\/\",\"url\":\"https:\\\/\\\/angloschool.cat\\\/es\\\/examens-oficials-cambridge__trashed\\\/cae\\\/\",\"name\":\"Anglo School &#8226; Cambridge exams: Certificate in Advanced English (CAE)\",\"isPartOf\":{\"@id\":\"https:\\\/\\\/angloschool.cat\\\/#website\"},\"datePublished\":\"2020-10-07T15:17:07+00:00\",\"dateModified\":\"2021-08-16T06:17:45+00:00\",\"description\":\"El Certificate in Advanced English (CAE) est\u00e1 pensado para personas que tienen un nivel adecuado para la mayor\u00eda de las situaciones cotidianas incluyendo los negocios y los estudios.\",\"breadcrumb\":{\"@id\":\"https:\\\/\\\/angloschool.cat\\\/es\\\/examens-oficials-cambridge__trashed\\\/cae\\\/#breadcrumb\"},\"inLanguage\":\"es\",\"potentialAction\":[{\"@type\":\"ReadAction\",\"target\":[\"https:\\\/\\\/angloschool.cat\\\/es\\\/examens-oficials-cambridge__trashed\\\/cae\\\/\"]}]},{\"@type\":\"BreadcrumbList\",\"@id\":\"https:\\\/\\\/angloschool.cat\\\/es\\\/examens-oficials-cambridge__trashed\\\/cae\\\/#breadcrumb\",\"itemListElement\":[{\"@type\":\"ListItem\",\"position\":1,\"name\":\"Inici\",\"item\":\"https:\\\/\\\/angloschool.cat\\\/\"},{\"@type\":\"ListItem\",\"position\":2,\"name\":\"CAE\"}]},{\"@type\":\"WebSite\",\"@id\":\"https:\\\/\\\/angloschool.cat\\\/#website\",\"url\":\"https:\\\/\\\/angloschool.cat\\\/\",\"name\":\"Anglo School\",\"description\":\"Cursos d&#039;angl\u00e8s a Salt i Celr\u00e0\",\"publisher\":{\"@id\":\"https:\\\/\\\/angloschool.cat\\\/#organization\"},\"potentialAction\":[{\"@type\":\"SearchAction\",\"target\":{\"@type\":\"EntryPoint\",\"urlTemplate\":\"https:\\\/\\\/angloschool.cat\\\/?s={search_term_string}\"},\"query-input\":{\"@type\":\"PropertyValueSpecification\",\"valueRequired\":true,\"valueName\":\"search_term_string\"}}],\"inLanguage\":\"es\"},{\"@type\":\"Organization\",\"@id\":\"https:\\\/\\\/angloschool.cat\\\/#organization\",\"name\":\"Angloschool\",\"url\":\"https:\\\/\\\/angloschool.cat\\\/\",\"logo\":{\"@type\":\"ImageObject\",\"inLanguage\":\"es\",\"@id\":\"https:\\\/\\\/angloschool.cat\\\/#\\\/schema\\\/logo\\\/image\\\/\",\"url\":\"https:\\\/\\\/angloschool.cat\\\/wp-content\\\/uploads\\\/2019\\\/09\\\/Logos-AngloSchool-08.png\",\"contentUrl\":\"https:\\\/\\\/angloschool.cat\\\/wp-content\\\/uploads\\\/2019\\\/09\\\/Logos-AngloSchool-08.png\",\"width\":459,\"height\":306,\"caption\":\"Angloschool\"},\"image\":{\"@id\":\"https:\\\/\\\/angloschool.cat\\\/#\\\/schema\\\/logo\\\/image\\\/\"},\"sameAs\":[\"https:\\\/\\\/www.facebook.com\\\/AngloSchool.Salt.Celra\\\/\",\"https:\\\/\\\/www.instagram.com\\\/angloschool_salt_celra\"]}]}<\/script>\n<!-- \/ Yoast SEO plugin. -->","yoast_head_json":{"title":"Anglo School &#8226; Cambridge exams: Certificate in Advanced English (CAE)","description":"El Certificate in Advanced English (CAE) est\u00e1 pensado para personas que tienen un nivel adecuado para la mayor\u00eda de las situaciones cotidianas incluyendo los negocios y los estudios.","robots":{"index":"index","follow":"follow","max-snippet":"max-snippet:-1","max-image-preview":"max-image-preview:large","max-video-preview":"max-video-preview:-1"},"canonical":"https:\/\/angloschool.cat\/es\/examens-oficials-cambridge__trashed\/cae\/","og_locale":"es_ES","og_type":"article","og_title":"Anglo School &#8226; Cambridge exams: Certificate in Advanced English (CAE)","og_description":"El Certificate in Advanced English (CAE) est\u00e1 pensado para personas que tienen un nivel adecuado para la mayor\u00eda de las situaciones cotidianas incluyendo los negocios y los estudios.","og_url":"https:\/\/angloschool.cat\/es\/examens-oficials-cambridge__trashed\/cae\/","og_site_name":"Anglo School","article_publisher":"https:\/\/www.facebook.com\/AngloSchool.Salt.Celra\/","article_modified_time":"2021-08-16T06:17:45+00:00","twitter_card":"summary_large_image","twitter_misc":{"Tiempo de lectura":"2 minutos"},"schema":{"@context":"https:\/\/schema.org","@graph":[{"@type":"WebPage","@id":"https:\/\/angloschool.cat\/es\/examens-oficials-cambridge__trashed\/cae\/","url":"https:\/\/angloschool.cat\/es\/examens-oficials-cambridge__trashed\/cae\/","name":"Anglo School &#8226; Cambridge exams: Certificate in Advanced English (CAE)","isPartOf":{"@id":"https:\/\/angloschool.cat\/#website"},"datePublished":"2020-10-07T15:17:07+00:00","dateModified":"2021-08-16T06:17:45+00:00","description":"El Certificate in Advanced English (CAE) est\u00e1 pensado para personas que tienen un nivel adecuado para la mayor\u00eda de las situaciones cotidianas incluyendo los negocios y los estudios.","breadcrumb":{"@id":"https:\/\/angloschool.cat\/es\/examens-oficials-cambridge__trashed\/cae\/#breadcrumb"},"inLanguage":"es","potentialAction":[{"@type":"ReadAction","target":["https:\/\/angloschool.cat\/es\/examens-oficials-cambridge__trashed\/cae\/"]}]},{"@type":"BreadcrumbList","@id":"https:\/\/angloschool.cat\/es\/examens-oficials-cambridge__trashed\/cae\/#breadcrumb","itemListElement":[{"@type":"ListItem","position":1,"name":"Inici","item":"https:\/\/angloschool.cat\/"},{"@type":"ListItem","position":2,"name":"CAE"}]},{"@type":"WebSite","@id":"https:\/\/angloschool.cat\/#website","url":"https:\/\/angloschool.cat\/","name":"Anglo School","description":"Cursos d&#039;angl\u00e8s a Salt i Celr\u00e0","publisher":{"@id":"https:\/\/angloschool.cat\/#organization"},"potentialAction":[{"@type":"SearchAction","target":{"@type":"EntryPoint","urlTemplate":"https:\/\/angloschool.cat\/?s={search_term_string}"},"query-input":{"@type":"PropertyValueSpecification","valueRequired":true,"valueName":"search_term_string"}}],"inLanguage":"es"},{"@type":"Organization","@id":"https:\/\/angloschool.cat\/#organization","name":"Angloschool","url":"https:\/\/angloschool.cat\/","logo":{"@type":"ImageObject","inLanguage":"es","@id":"https:\/\/angloschool.cat\/#\/schema\/logo\/image\/","url":"https:\/\/angloschool.cat\/wp-content\/uploads\/2019\/09\/Logos-AngloSchool-08.png","contentUrl":"https:\/\/angloschool.cat\/wp-content\/uploads\/2019\/09\/Logos-AngloSchool-08.png","width":459,"height":306,"caption":"Angloschool"},"image":{"@id":"https:\/\/angloschool.cat\/#\/schema\/logo\/image\/"},"sameAs":["https:\/\/www.facebook.com\/AngloSchool.Salt.Celra\/","https:\/\/www.instagram.com\/angloschool_salt_celra"]}]}},"_links":{"self":[{"href":"https:\/\/angloschool.cat\/es\/wp-json\/wp\/v2\/pages\/4510","targetHints":{"allow":["GET"]}}],"collection":[{"href":"https:\/\/angloschool.cat\/es\/wp-json\/wp\/v2\/pages"}],"about":[{"href":"https:\/\/angloschool.cat\/es\/wp-json\/wp\/v2\/types\/page"}],"author":[{"embeddable":true,"href":"https:\/\/angloschool.cat\/es\/wp-json\/wp\/v2\/users\/4"}],"replies":[{"embeddable":true,"href":"https:\/\/angloschool.cat\/es\/wp-json\/wp\/v2\/comments?post=4510"}],"version-history":[{"count":3,"href":"https:\/\/angloschool.cat\/es\/wp-json\/wp\/v2\/pages\/4510\/revisions"}],"predecessor-version":[{"id":4734,"href":"https:\/\/angloschool.cat\/es\/wp-json\/wp\/v2\/pages\/4510\/revisions\/4734"}],"wp:attachment":[{"href":"https:\/\/angloschool.cat\/es\/wp-json\/wp\/v2\/media?parent=4510"}],"curies":[{"name":"wp","href":"https:\/\/api.w.org\/{rel}","templated":true}]}}