{"id":4514,"date":"2020-10-07T17:14:37","date_gmt":"2020-10-07T15:14:37","guid":{"rendered":"https:\/\/angloschool.carloscorral.net\/examens-oficials-cambridge\/fce\/"},"modified":"2021-08-16T08:11:44","modified_gmt":"2021-08-16T06:11:44","slug":"fce","status":"publish","type":"page","link":"https:\/\/angloschool.cat\/es\/fce\/","title":{"rendered":"FCE"},"content":{"rendered":"<p>[vc_row css_animation=\u00bb\u00bb row_type=\u00bbrow\u00bb use_row_as_full_screen_section=\u00bbno\u00bb type=\u00bbgrid\u00bb angled_section=\u00bbno\u00bb text_align=\u00bbleft\u00bb background_image_as_pattern=\u00bbwithout_pattern\u00bb z_index=\u00bb\u00bb css=\u00bb.vc_custom_1600860681764{padding-top: 2% !important;}\u00bb][vc_column width=\u00bb1\/2&#8243;][vc_column_text]<\/p>\n<h2>First Certificate in English (FCE)<\/h2>\n<p>[\/vc_column_text][vc_empty_space height=\u00bb45px\u00bb][\/vc_column][vc_column width=\u00bb1\/2&#8243;][\/vc_column][\/vc_row][vc_row css_animation=\u00bb\u00bb row_type=\u00bbrow\u00bb use_row_as_full_screen_section=\u00bbno\u00bb type=\u00bbgrid\u00bb angled_section=\u00bbno\u00bb text_align=\u00bbleft\u00bb background_image_as_pattern=\u00bbwithout_pattern\u00bb z_index=\u00bb\u00bb][vc_column css=\u00bb.vc_custom_1600776655034{padding-right: 8% !important;}\u00bb][vc_single_image image=\u00bb2866&#8243; img_size=\u00bblarge\u00bb qode_css_animation=\u00bb\u00bb][vc_empty_space][vc_column_text]Es el nivel B2 del Marco de Referencia Europeo para las Lenguas Modernas. Eval\u00faa si tu conocimiento del ingl\u00e9s es adecuado para la mayor parte de las situaciones pr\u00e1cticas del d\u00eda a d\u00eda, incluyendo los negocios y los estudios.<\/p>\n<p>&nbsp;<\/p>\n<p>Para superar este examen necesitar\u00e1s una amplia variedad de vocabulario y deber\u00e1s ser capaz de construir, argumentar y utilizar estilos de comunicaci\u00f3n adecuados en una multiplicidad de situaciones.<\/p>\n<p>&nbsp;<\/p>\n<p>Tambi\u00e9n deber\u00e1s demostrar el dominio de los diferentes registros ling\u00fc\u00edsticos, de las convenciones de cortes\u00eda y de los diferentes grados de formalismo expresados \u200b\u200bmediante el lenguaje.<\/p>\n<p>&nbsp;<\/p>\n<p>El FCE est\u00e1 reconocido por muchas universidades e instituciones educativas como prueba de competencia de nivel intermedio de ingl\u00e9s y estas instituciones la admiten como parte de sus requisitos de ingreso.<\/p>\n<p>&nbsp;<\/p>\n<p>Hay dos versiones disponibles del FCE: FCE y FCE para las escuelas. Ambos siguen exactamente el mismo formato y el nivel de las preguntas es id\u00e9ntico. La \u00fanica diferencia es que el contenido y el tratamiento de los temas de FCE para las escuelas ha sido particularmente dirigido a los intereses y la experiencia de los alumnos de la escuela.[\/vc_column_text][vc_empty_space height=\u00bb45px\u00bb][vc_column_text]<\/p>\n<h4>\u00bfQu\u00e9 incluye el examen?<\/h4>\n<p>Consiste en 4 pruebas:<\/p>\n<ul>\n<li><strong>Reading and Use of English:<\/strong> 1 hora 15 minutos. Deber\u00e1s ser capaz de entender informaci\u00f3n contenida en libros de ficci\u00f3n y de no ficci\u00f3n, en peri\u00f3dicos y en revistas. Tu uso del ingl\u00e9s ser\u00e1 examinado por medio de ejercicios que demuestren tu nivel de control de la gram\u00e1tica y del vocabulario.<\/li>\n<li><strong>Writing<\/strong>: 1 hora 20 minutos. Tendr\u00e1s que demostrar que eres capaz de redactar dos textos diferentes como una historia corta, una carta, un art\u00edculo, un informe, un comentario o un ensayo.<\/li>\n<li><strong>Listening<\/strong>: 40 minutos. Tendr\u00e1s que demostrar que eres capaz de comprender el significado de diversos materiales de tipo oral, incluyendo noticiarios, discursos, historias y an\u00e9cdotas y anuncios p\u00fablicos.<\/li>\n<li><strong>Speaking<\/strong>: 14 minutos. Realizar\u00e1s el Speaking Test con otro candidato o en un grupo de tres y deber\u00e1s demostrar tu capacidad para tomar parte en diferentes tipos de interacci\u00f3n: con el examinador, con los otros candidatos y por ti mismo.<\/li>\n<\/ul>\n<p>[\/vc_column_text][vc_empty_space height=\u00bb45px\u00bb][button icon=\u00bbfa-arrow-right\u00bb target=\u00bb_blank\u00bb hover_type=\u00bbdefault\u00bb text=\u00bbSaber m\u00e1s sobre FCE\u00bb link=\u00bbhttp:\/\/www.cambridgeenglish.org\/es\/exams-and-tests\/first\/\u00bb][vc_empty_space height=\u00bb20px\u00bb][button icon=\u00bbfa-arrow-right\u00bb target=\u00bb_blank\u00bb hover_type=\u00bbdefault\u00bb text=\u00bbSaber m\u00e1s sobre FCE for Schools\u00bb link=\u00bbhttp:\/\/www.cambridgeenglish.org\/es\/exams-and-tests\/first-for-schools\/\u00bb][vc_empty_space][\/vc_column][\/vc_row][vc_row css_animation=\u00bb\u00bb row_type=\u00bbrow\u00bb use_row_as_full_screen_section=\u00bbno\u00bb type=\u00bbfull_width\u00bb angled_section=\u00bbno\u00bb text_align=\u00bbleft\u00bb background_image_as_pattern=\u00bbwithout_pattern\u00bb][vc_column][vc_empty_space height=\u00bb45px\u00bb][\/vc_column][\/vc_row]<\/p>\n","protected":false},"excerpt":{"rendered":"<p>[vc_row css_animation=\u00bb\u00bb row_type=\u00bbrow\u00bb use_row_as_full_screen_section=\u00bbno\u00bb type=\u00bbgrid\u00bb angled_section=\u00bbno\u00bb text_align=\u00bbleft\u00bb background_image_as_pattern=\u00bbwithout_pattern\u00bb z_index=\u00bb\u00bb css=\u00bb.vc_custom_1600860681764{padding-top: 2% !important;}\u00bb][vc_column width=\u00bb1\/2&#8243;][vc_column_text] First Certificate in English (FCE) [\/vc_column_text][vc_empty_space height=\u00bb45px\u00bb][\/vc_column][vc_column width=\u00bb1\/2&#8243;][\/vc_column][\/vc_row][vc_row css_animation=\u00bb\u00bb row_type=\u00bbrow\u00bb use_row_as_full_screen_section=\u00bbno\u00bb type=\u00bbgrid\u00bb angled_section=\u00bbno\u00bb text_align=\u00bbleft\u00bb background_image_as_pattern=\u00bbwithout_pattern\u00bb z_index=\u00bb\u00bb][vc_column css=\u00bb.vc_custom_1600776655034{padding-right: 8% !important;}\u00bb][vc_single_image image=\u00bb2866&#8243; img_size=\u00bblarge\u00bb qode_css_animation=\u00bb\u00bb][vc_empty_space][vc_column_text]Es el nivel B2 del Marco de Referencia Europeo para las Lenguas Modernas. Eval\u00faa si tu conocimiento del ingl\u00e9s es adecuado [&hellip;]<\/p>\n","protected":false},"author":4,"featured_media":0,"parent":0,"menu_order":0,"comment_status":"closed","ping_status":"closed","template":"full_width.php","meta":{"footnotes":""},"class_list":["post-4514","page","type-page","status-publish","hentry"],"yoast_head":"<!-- This site is optimized with the Yoast SEO plugin v27.3 - https:\/\/yoast.com\/product\/yoast-seo-wordpress\/ -->\n<title>Anglo School &#8226; Cambridge Exams: First Certificate in English (FCE)<\/title>\n<meta name=\"description\" content=\"El First Certificate in English eval\u00faa el conocimiento de ingl\u00e9s en situaciones del d\u00eda a d\u00eda, incluyendo los negocios y los estudios.\" \/>\n<meta name=\"robots\" content=\"index, follow, max-snippet:-1, max-image-preview:large, max-video-preview:-1\" \/>\n<link rel=\"canonical\" href=\"https:\/\/angloschool.cat\/es\/examens-oficials-cambridge__trashed\/fce\/\" \/>\n<meta property=\"og:locale\" content=\"es_ES\" \/>\n<meta property=\"og:type\" content=\"article\" \/>\n<meta property=\"og:title\" content=\"Anglo School &#8226; Cambridge Exams: First Certificate in English (FCE)\" \/>\n<meta property=\"og:description\" content=\"El First Certificate in English eval\u00faa el conocimiento de ingl\u00e9s en situaciones del d\u00eda a d\u00eda, incluyendo los negocios y los estudios.\" \/>\n<meta property=\"og:url\" content=\"https:\/\/angloschool.cat\/es\/examens-oficials-cambridge__trashed\/fce\/\" \/>\n<meta property=\"og:site_name\" content=\"Anglo School\" \/>\n<meta property=\"article:publisher\" content=\"https:\/\/www.facebook.com\/AngloSchool.Salt.Celra\/\" \/>\n<meta property=\"article:modified_time\" content=\"2021-08-16T06:11:44+00:00\" \/>\n<meta name=\"twitter:card\" content=\"summary_large_image\" \/>\n<meta name=\"twitter:label1\" content=\"Tiempo de lectura\" \/>\n\t<meta name=\"twitter:data1\" content=\"2 minutos\" \/>\n<script type=\"application\/ld+json\" class=\"yoast-schema-graph\">{\"@context\":\"https:\\\/\\\/schema.org\",\"@graph\":[{\"@type\":\"WebPage\",\"@id\":\"https:\\\/\\\/angloschool.cat\\\/es\\\/examens-oficials-cambridge__trashed\\\/fce\\\/\",\"url\":\"https:\\\/\\\/angloschool.cat\\\/es\\\/examens-oficials-cambridge__trashed\\\/fce\\\/\",\"name\":\"Anglo School &#8226; Cambridge Exams: First Certificate in English (FCE)\",\"isPartOf\":{\"@id\":\"https:\\\/\\\/angloschool.cat\\\/#website\"},\"datePublished\":\"2020-10-07T15:14:37+00:00\",\"dateModified\":\"2021-08-16T06:11:44+00:00\",\"description\":\"El First Certificate in English eval\u00faa el conocimiento de ingl\u00e9s en situaciones del d\u00eda a d\u00eda, incluyendo los negocios y los estudios.\",\"breadcrumb\":{\"@id\":\"https:\\\/\\\/angloschool.cat\\\/es\\\/examens-oficials-cambridge__trashed\\\/fce\\\/#breadcrumb\"},\"inLanguage\":\"es\",\"potentialAction\":[{\"@type\":\"ReadAction\",\"target\":[\"https:\\\/\\\/angloschool.cat\\\/es\\\/examens-oficials-cambridge__trashed\\\/fce\\\/\"]}]},{\"@type\":\"BreadcrumbList\",\"@id\":\"https:\\\/\\\/angloschool.cat\\\/es\\\/examens-oficials-cambridge__trashed\\\/fce\\\/#breadcrumb\",\"itemListElement\":[{\"@type\":\"ListItem\",\"position\":1,\"name\":\"Inici\",\"item\":\"https:\\\/\\\/angloschool.cat\\\/\"},{\"@type\":\"ListItem\",\"position\":2,\"name\":\"FCE\"}]},{\"@type\":\"WebSite\",\"@id\":\"https:\\\/\\\/angloschool.cat\\\/#website\",\"url\":\"https:\\\/\\\/angloschool.cat\\\/\",\"name\":\"Anglo School\",\"description\":\"Cursos d&#039;angl\u00e8s a Salt i Celr\u00e0\",\"publisher\":{\"@id\":\"https:\\\/\\\/angloschool.cat\\\/#organization\"},\"potentialAction\":[{\"@type\":\"SearchAction\",\"target\":{\"@type\":\"EntryPoint\",\"urlTemplate\":\"https:\\\/\\\/angloschool.cat\\\/?s={search_term_string}\"},\"query-input\":{\"@type\":\"PropertyValueSpecification\",\"valueRequired\":true,\"valueName\":\"search_term_string\"}}],\"inLanguage\":\"es\"},{\"@type\":\"Organization\",\"@id\":\"https:\\\/\\\/angloschool.cat\\\/#organization\",\"name\":\"Angloschool\",\"url\":\"https:\\\/\\\/angloschool.cat\\\/\",\"logo\":{\"@type\":\"ImageObject\",\"inLanguage\":\"es\",\"@id\":\"https:\\\/\\\/angloschool.cat\\\/#\\\/schema\\\/logo\\\/image\\\/\",\"url\":\"https:\\\/\\\/angloschool.cat\\\/wp-content\\\/uploads\\\/2019\\\/09\\\/Logos-AngloSchool-08.png\",\"contentUrl\":\"https:\\\/\\\/angloschool.cat\\\/wp-content\\\/uploads\\\/2019\\\/09\\\/Logos-AngloSchool-08.png\",\"width\":459,\"height\":306,\"caption\":\"Angloschool\"},\"image\":{\"@id\":\"https:\\\/\\\/angloschool.cat\\\/#\\\/schema\\\/logo\\\/image\\\/\"},\"sameAs\":[\"https:\\\/\\\/www.facebook.com\\\/AngloSchool.Salt.Celra\\\/\",\"https:\\\/\\\/www.instagram.com\\\/angloschool_salt_celra\"]}]}<\/script>\n<!-- \/ Yoast SEO plugin. -->","yoast_head_json":{"title":"Anglo School &#8226; Cambridge Exams: First Certificate in English (FCE)","description":"El First Certificate in English eval\u00faa el conocimiento de ingl\u00e9s en situaciones del d\u00eda a d\u00eda, incluyendo los negocios y los estudios.","robots":{"index":"index","follow":"follow","max-snippet":"max-snippet:-1","max-image-preview":"max-image-preview:large","max-video-preview":"max-video-preview:-1"},"canonical":"https:\/\/angloschool.cat\/es\/examens-oficials-cambridge__trashed\/fce\/","og_locale":"es_ES","og_type":"article","og_title":"Anglo School &#8226; Cambridge Exams: First Certificate in English (FCE)","og_description":"El First Certificate in English eval\u00faa el conocimiento de ingl\u00e9s en situaciones del d\u00eda a d\u00eda, incluyendo los negocios y los estudios.","og_url":"https:\/\/angloschool.cat\/es\/examens-oficials-cambridge__trashed\/fce\/","og_site_name":"Anglo School","article_publisher":"https:\/\/www.facebook.com\/AngloSchool.Salt.Celra\/","article_modified_time":"2021-08-16T06:11:44+00:00","twitter_card":"summary_large_image","twitter_misc":{"Tiempo de lectura":"2 minutos"},"schema":{"@context":"https:\/\/schema.org","@graph":[{"@type":"WebPage","@id":"https:\/\/angloschool.cat\/es\/examens-oficials-cambridge__trashed\/fce\/","url":"https:\/\/angloschool.cat\/es\/examens-oficials-cambridge__trashed\/fce\/","name":"Anglo School &#8226; Cambridge Exams: First Certificate in English (FCE)","isPartOf":{"@id":"https:\/\/angloschool.cat\/#website"},"datePublished":"2020-10-07T15:14:37+00:00","dateModified":"2021-08-16T06:11:44+00:00","description":"El First Certificate in English eval\u00faa el conocimiento de ingl\u00e9s en situaciones del d\u00eda a d\u00eda, incluyendo los negocios y los estudios.","breadcrumb":{"@id":"https:\/\/angloschool.cat\/es\/examens-oficials-cambridge__trashed\/fce\/#breadcrumb"},"inLanguage":"es","potentialAction":[{"@type":"ReadAction","target":["https:\/\/angloschool.cat\/es\/examens-oficials-cambridge__trashed\/fce\/"]}]},{"@type":"BreadcrumbList","@id":"https:\/\/angloschool.cat\/es\/examens-oficials-cambridge__trashed\/fce\/#breadcrumb","itemListElement":[{"@type":"ListItem","position":1,"name":"Inici","item":"https:\/\/angloschool.cat\/"},{"@type":"ListItem","position":2,"name":"FCE"}]},{"@type":"WebSite","@id":"https:\/\/angloschool.cat\/#website","url":"https:\/\/angloschool.cat\/","name":"Anglo School","description":"Cursos d&#039;angl\u00e8s a Salt i Celr\u00e0","publisher":{"@id":"https:\/\/angloschool.cat\/#organization"},"potentialAction":[{"@type":"SearchAction","target":{"@type":"EntryPoint","urlTemplate":"https:\/\/angloschool.cat\/?s={search_term_string}"},"query-input":{"@type":"PropertyValueSpecification","valueRequired":true,"valueName":"search_term_string"}}],"inLanguage":"es"},{"@type":"Organization","@id":"https:\/\/angloschool.cat\/#organization","name":"Angloschool","url":"https:\/\/angloschool.cat\/","logo":{"@type":"ImageObject","inLanguage":"es","@id":"https:\/\/angloschool.cat\/#\/schema\/logo\/image\/","url":"https:\/\/angloschool.cat\/wp-content\/uploads\/2019\/09\/Logos-AngloSchool-08.png","contentUrl":"https:\/\/angloschool.cat\/wp-content\/uploads\/2019\/09\/Logos-AngloSchool-08.png","width":459,"height":306,"caption":"Angloschool"},"image":{"@id":"https:\/\/angloschool.cat\/#\/schema\/logo\/image\/"},"sameAs":["https:\/\/www.facebook.com\/AngloSchool.Salt.Celra\/","https:\/\/www.instagram.com\/angloschool_salt_celra"]}]}},"_links":{"self":[{"href":"https:\/\/angloschool.cat\/es\/wp-json\/wp\/v2\/pages\/4514","targetHints":{"allow":["GET"]}}],"collection":[{"href":"https:\/\/angloschool.cat\/es\/wp-json\/wp\/v2\/pages"}],"about":[{"href":"https:\/\/angloschool.cat\/es\/wp-json\/wp\/v2\/types\/page"}],"author":[{"embeddable":true,"href":"https:\/\/angloschool.cat\/es\/wp-json\/wp\/v2\/users\/4"}],"replies":[{"embeddable":true,"href":"https:\/\/angloschool.cat\/es\/wp-json\/wp\/v2\/comments?post=4514"}],"version-history":[{"count":3,"href":"https:\/\/angloschool.cat\/es\/wp-json\/wp\/v2\/pages\/4514\/revisions"}],"predecessor-version":[{"id":4733,"href":"https:\/\/angloschool.cat\/es\/wp-json\/wp\/v2\/pages\/4514\/revisions\/4733"}],"wp:attachment":[{"href":"https:\/\/angloschool.cat\/es\/wp-json\/wp\/v2\/media?parent=4514"}],"curies":[{"name":"wp","href":"https:\/\/api.w.org\/{rel}","templated":true}]}}