{"id":4518,"date":"2020-10-07T17:09:33","date_gmt":"2020-10-07T15:09:33","guid":{"rendered":"https:\/\/angloschool.carloscorral.net\/examens-oficials-cambridge\/pet\/"},"modified":"2021-08-16T08:02:14","modified_gmt":"2021-08-16T06:02:14","slug":"pet","status":"publish","type":"page","link":"https:\/\/angloschool.cat\/es\/pet\/","title":{"rendered":"PET"},"content":{"rendered":"<p>[vc_row css_animation=\u00bb\u00bb row_type=\u00bbrow\u00bb use_row_as_full_screen_section=\u00bbno\u00bb type=\u00bbgrid\u00bb angled_section=\u00bbno\u00bb text_align=\u00bbleft\u00bb background_image_as_pattern=\u00bbwithout_pattern\u00bb z_index=\u00bb\u00bb css=\u00bb.vc_custom_1600860681764{padding-top: 2% !important;}\u00bb][vc_column width=\u00bb1\/2&#8243;][vc_column_text]<\/p>\n<h2>Preliminary English Test (PET)<\/h2>\n<p>[\/vc_column_text][vc_empty_space height=\u00bb45px\u00bb][\/vc_column][vc_column width=\u00bb1\/2&#8243;][\/vc_column][\/vc_row][vc_row css_animation=\u00bb\u00bb row_type=\u00bbrow\u00bb use_row_as_full_screen_section=\u00bbno\u00bb type=\u00bbgrid\u00bb angled_section=\u00bbno\u00bb text_align=\u00bbleft\u00bb background_image_as_pattern=\u00bbwithout_pattern\u00bb z_index=\u00bb\u00bb][vc_column css=\u00bb.vc_custom_1600776655034{padding-right: 8% !important;}\u00bb][vc_single_image image=\u00bb2869&#8243; img_size=\u00bblarge\u00bb qode_css_animation=\u00bb\u00bb][vc_empty_space][vc_column_text]Es el Nivel B1 del Marco de Referencia Europeo para las Lenguas Modernas. Eval\u00faa si eres capaz de utilizar situaciones comunicativas cotidianas tanto orales como escritas (como leer libros de textos sencillos y art\u00edculos, escribir cartas personales sencillas, tomar notas durante una reuni\u00f3n).<\/p>\n<p>&nbsp;<\/p>\n<p>El examen PET supone una valiosa calificaci\u00f3n si deseas trabajar o estudiar en el extranjero o quieres desarrollar una carrera profesional internacional. Tambi\u00e9n es una formaci\u00f3n \u00fatil para acceder a ex\u00e1menes superiores como FCE (First Certificate in English).<\/p>\n<p>&nbsp;<\/p>\n<p>Hay dos versiones disponibles del PET: PET y PET para las escuelas.<\/p>\n<p>&nbsp;<\/p>\n<p>Ambos siguen exactamente el mismo formato y el nivel de las preguntas es el mismo. La \u00fanica diferencia es que el contenido y tratamiento de los temas en PET para las escuelas ha sido particularmente dirigido a los intereses y experiencias de los alumnos de la escuela.[\/vc_column_text][vc_empty_space height=\u00bb45px\u00bb][vc_column_text]<\/p>\n<h4>\u00bfQu\u00e9 incluye el examen?<\/h4>\n<p>Consiste en tres pruebas:<\/p>\n<ul>\n<li><strong>Reading and Writing<\/strong>: 1 h 30 min. Los candidatos deben ser capaces de comprender la informaci\u00f3n escrita como por ejemplo carteles, folletos informativos, peri\u00f3dicos y revistas. Tambi\u00e9n deben demostrar el uso de vocabulario y estructuras completando tareas como producir un mensaje breve y escribir una historia o carta de aproximadamente 100 palabras.<\/li>\n<li><strong>Listening<\/strong>: 30 min (aprox.). Los candidatos deben ser capaces de comprender el significado de varios tipos de mensajes grabados incluyendo anuncios, entrevistas y discusiones sobre temas de la vida diaria. Tambi\u00e9n deben ser capaces de comprender las actitudes e intenciones de los interlocutores.<\/li>\n<li><strong>Speaking<\/strong>: 12 min. Los candidatos toman parte en una conversaci\u00f3n preguntando y respondiendo preguntas sencillas y hablando libremente sobre lo que les gusta o no les gusta. Realizar\u00e1n la Speaking Test con otro candidato \u00f3 en un grupo de tres.<\/li>\n<\/ul>\n<p>[\/vc_column_text][vc_empty_space height=\u00bb45px\u00bb][button icon=\u00bbfa-arrow-right\u00bb target=\u00bb_blank\u00bb hover_type=\u00bbdefault\u00bb text=\u00bbSaber m\u00e1s sobre PET\u00bb link=\u00bbhttp:\/\/www.cambridgeenglish.org\/es\/exams-and-tests\/preliminary\/\u00bb][vc_empty_space height=\u00bb20px\u00bb][button icon=\u00bbfa-arrow-right\u00bb target=\u00bb_blank\u00bb hover_type=\u00bbdefault\u00bb text=\u00bbSaber m\u00e1s sobre PET for Schools\u00bb link=\u00bbhttp:\/\/www.cambridgeenglish.org\/es\/exams-and-tests\/preliminary-for-schools\/\u00bb][vc_empty_space][\/vc_column][\/vc_row][vc_row css_animation=\u00bb\u00bb row_type=\u00bbrow\u00bb use_row_as_full_screen_section=\u00bbno\u00bb type=\u00bbfull_width\u00bb angled_section=\u00bbno\u00bb text_align=\u00bbleft\u00bb background_image_as_pattern=\u00bbwithout_pattern\u00bb][vc_column][vc_empty_space height=\u00bb45px\u00bb][\/vc_column][\/vc_row]<\/p>\n","protected":false},"excerpt":{"rendered":"<p>[vc_row css_animation=\u00bb\u00bb row_type=\u00bbrow\u00bb use_row_as_full_screen_section=\u00bbno\u00bb type=\u00bbgrid\u00bb angled_section=\u00bbno\u00bb text_align=\u00bbleft\u00bb background_image_as_pattern=\u00bbwithout_pattern\u00bb z_index=\u00bb\u00bb css=\u00bb.vc_custom_1600860681764{padding-top: 2% !important;}\u00bb][vc_column width=\u00bb1\/2&#8243;][vc_column_text] Preliminary English Test (PET) [\/vc_column_text][vc_empty_space height=\u00bb45px\u00bb][\/vc_column][vc_column width=\u00bb1\/2&#8243;][\/vc_column][\/vc_row][vc_row css_animation=\u00bb\u00bb row_type=\u00bbrow\u00bb use_row_as_full_screen_section=\u00bbno\u00bb type=\u00bbgrid\u00bb angled_section=\u00bbno\u00bb text_align=\u00bbleft\u00bb background_image_as_pattern=\u00bbwithout_pattern\u00bb z_index=\u00bb\u00bb][vc_column css=\u00bb.vc_custom_1600776655034{padding-right: 8% !important;}\u00bb][vc_single_image image=\u00bb2869&#8243; img_size=\u00bblarge\u00bb qode_css_animation=\u00bb\u00bb][vc_empty_space][vc_column_text]Es el Nivel B1 del Marco de Referencia Europeo para las Lenguas Modernas. Eval\u00faa si eres capaz de utilizar situaciones comunicativas cotidianas [&hellip;]<\/p>\n","protected":false},"author":4,"featured_media":0,"parent":0,"menu_order":0,"comment_status":"closed","ping_status":"closed","template":"full_width.php","meta":{"footnotes":""},"class_list":["post-4518","page","type-page","status-publish","hentry"],"yoast_head":"<!-- This site is optimized with the Yoast SEO plugin v27.3 - https:\/\/yoast.com\/product\/yoast-seo-wordpress\/ -->\n<title>Anglo School &#8226; Cambridge Exams: Preliminary English Test (PET)<\/title>\n<meta name=\"description\" content=\"El Preliminary English Test eval\u00faa si eres capaz de utilizar situaciones comunicativas cotidianas tanto orales como escritas\" \/>\n<meta name=\"robots\" content=\"index, follow, max-snippet:-1, max-image-preview:large, max-video-preview:-1\" \/>\n<link rel=\"canonical\" href=\"https:\/\/angloschool.cat\/es\/examens-oficials-cambridge__trashed\/pet\/\" \/>\n<meta property=\"og:locale\" content=\"es_ES\" \/>\n<meta property=\"og:type\" content=\"article\" \/>\n<meta property=\"og:title\" content=\"Anglo School &#8226; Cambridge Exams: Preliminary English Test (PET)\" \/>\n<meta property=\"og:description\" content=\"El Preliminary English Test eval\u00faa si eres capaz de utilizar situaciones comunicativas cotidianas tanto orales como escritas\" \/>\n<meta property=\"og:url\" content=\"https:\/\/angloschool.cat\/es\/examens-oficials-cambridge__trashed\/pet\/\" \/>\n<meta property=\"og:site_name\" content=\"Anglo School\" \/>\n<meta property=\"article:publisher\" content=\"https:\/\/www.facebook.com\/AngloSchool.Salt.Celra\/\" \/>\n<meta property=\"article:modified_time\" content=\"2021-08-16T06:02:14+00:00\" \/>\n<meta name=\"twitter:card\" content=\"summary_large_image\" \/>\n<meta name=\"twitter:label1\" content=\"Tiempo de lectura\" \/>\n\t<meta name=\"twitter:data1\" content=\"2 minutos\" \/>\n<script type=\"application\/ld+json\" class=\"yoast-schema-graph\">{\"@context\":\"https:\\\/\\\/schema.org\",\"@graph\":[{\"@type\":\"WebPage\",\"@id\":\"https:\\\/\\\/angloschool.cat\\\/es\\\/examens-oficials-cambridge__trashed\\\/pet\\\/\",\"url\":\"https:\\\/\\\/angloschool.cat\\\/es\\\/examens-oficials-cambridge__trashed\\\/pet\\\/\",\"name\":\"Anglo School &#8226; Cambridge Exams: Preliminary English Test (PET)\",\"isPartOf\":{\"@id\":\"https:\\\/\\\/angloschool.cat\\\/#website\"},\"datePublished\":\"2020-10-07T15:09:33+00:00\",\"dateModified\":\"2021-08-16T06:02:14+00:00\",\"description\":\"El Preliminary English Test eval\u00faa si eres capaz de utilizar situaciones comunicativas cotidianas tanto orales como escritas\",\"breadcrumb\":{\"@id\":\"https:\\\/\\\/angloschool.cat\\\/es\\\/examens-oficials-cambridge__trashed\\\/pet\\\/#breadcrumb\"},\"inLanguage\":\"es\",\"potentialAction\":[{\"@type\":\"ReadAction\",\"target\":[\"https:\\\/\\\/angloschool.cat\\\/es\\\/examens-oficials-cambridge__trashed\\\/pet\\\/\"]}]},{\"@type\":\"BreadcrumbList\",\"@id\":\"https:\\\/\\\/angloschool.cat\\\/es\\\/examens-oficials-cambridge__trashed\\\/pet\\\/#breadcrumb\",\"itemListElement\":[{\"@type\":\"ListItem\",\"position\":1,\"name\":\"Inici\",\"item\":\"https:\\\/\\\/angloschool.cat\\\/\"},{\"@type\":\"ListItem\",\"position\":2,\"name\":\"PET\"}]},{\"@type\":\"WebSite\",\"@id\":\"https:\\\/\\\/angloschool.cat\\\/#website\",\"url\":\"https:\\\/\\\/angloschool.cat\\\/\",\"name\":\"Anglo School\",\"description\":\"Cursos d&#039;angl\u00e8s a Salt i Celr\u00e0\",\"publisher\":{\"@id\":\"https:\\\/\\\/angloschool.cat\\\/#organization\"},\"potentialAction\":[{\"@type\":\"SearchAction\",\"target\":{\"@type\":\"EntryPoint\",\"urlTemplate\":\"https:\\\/\\\/angloschool.cat\\\/?s={search_term_string}\"},\"query-input\":{\"@type\":\"PropertyValueSpecification\",\"valueRequired\":true,\"valueName\":\"search_term_string\"}}],\"inLanguage\":\"es\"},{\"@type\":\"Organization\",\"@id\":\"https:\\\/\\\/angloschool.cat\\\/#organization\",\"name\":\"Angloschool\",\"url\":\"https:\\\/\\\/angloschool.cat\\\/\",\"logo\":{\"@type\":\"ImageObject\",\"inLanguage\":\"es\",\"@id\":\"https:\\\/\\\/angloschool.cat\\\/#\\\/schema\\\/logo\\\/image\\\/\",\"url\":\"https:\\\/\\\/angloschool.cat\\\/wp-content\\\/uploads\\\/2019\\\/09\\\/Logos-AngloSchool-08.png\",\"contentUrl\":\"https:\\\/\\\/angloschool.cat\\\/wp-content\\\/uploads\\\/2019\\\/09\\\/Logos-AngloSchool-08.png\",\"width\":459,\"height\":306,\"caption\":\"Angloschool\"},\"image\":{\"@id\":\"https:\\\/\\\/angloschool.cat\\\/#\\\/schema\\\/logo\\\/image\\\/\"},\"sameAs\":[\"https:\\\/\\\/www.facebook.com\\\/AngloSchool.Salt.Celra\\\/\",\"https:\\\/\\\/www.instagram.com\\\/angloschool_salt_celra\"]}]}<\/script>\n<!-- \/ Yoast SEO plugin. -->","yoast_head_json":{"title":"Anglo School &#8226; Cambridge Exams: Preliminary English Test (PET)","description":"El Preliminary English Test eval\u00faa si eres capaz de utilizar situaciones comunicativas cotidianas tanto orales como escritas","robots":{"index":"index","follow":"follow","max-snippet":"max-snippet:-1","max-image-preview":"max-image-preview:large","max-video-preview":"max-video-preview:-1"},"canonical":"https:\/\/angloschool.cat\/es\/examens-oficials-cambridge__trashed\/pet\/","og_locale":"es_ES","og_type":"article","og_title":"Anglo School &#8226; Cambridge Exams: Preliminary English Test (PET)","og_description":"El Preliminary English Test eval\u00faa si eres capaz de utilizar situaciones comunicativas cotidianas tanto orales como escritas","og_url":"https:\/\/angloschool.cat\/es\/examens-oficials-cambridge__trashed\/pet\/","og_site_name":"Anglo School","article_publisher":"https:\/\/www.facebook.com\/AngloSchool.Salt.Celra\/","article_modified_time":"2021-08-16T06:02:14+00:00","twitter_card":"summary_large_image","twitter_misc":{"Tiempo de lectura":"2 minutos"},"schema":{"@context":"https:\/\/schema.org","@graph":[{"@type":"WebPage","@id":"https:\/\/angloschool.cat\/es\/examens-oficials-cambridge__trashed\/pet\/","url":"https:\/\/angloschool.cat\/es\/examens-oficials-cambridge__trashed\/pet\/","name":"Anglo School &#8226; Cambridge Exams: Preliminary English Test (PET)","isPartOf":{"@id":"https:\/\/angloschool.cat\/#website"},"datePublished":"2020-10-07T15:09:33+00:00","dateModified":"2021-08-16T06:02:14+00:00","description":"El Preliminary English Test eval\u00faa si eres capaz de utilizar situaciones comunicativas cotidianas tanto orales como escritas","breadcrumb":{"@id":"https:\/\/angloschool.cat\/es\/examens-oficials-cambridge__trashed\/pet\/#breadcrumb"},"inLanguage":"es","potentialAction":[{"@type":"ReadAction","target":["https:\/\/angloschool.cat\/es\/examens-oficials-cambridge__trashed\/pet\/"]}]},{"@type":"BreadcrumbList","@id":"https:\/\/angloschool.cat\/es\/examens-oficials-cambridge__trashed\/pet\/#breadcrumb","itemListElement":[{"@type":"ListItem","position":1,"name":"Inici","item":"https:\/\/angloschool.cat\/"},{"@type":"ListItem","position":2,"name":"PET"}]},{"@type":"WebSite","@id":"https:\/\/angloschool.cat\/#website","url":"https:\/\/angloschool.cat\/","name":"Anglo School","description":"Cursos d&#039;angl\u00e8s a Salt i Celr\u00e0","publisher":{"@id":"https:\/\/angloschool.cat\/#organization"},"potentialAction":[{"@type":"SearchAction","target":{"@type":"EntryPoint","urlTemplate":"https:\/\/angloschool.cat\/?s={search_term_string}"},"query-input":{"@type":"PropertyValueSpecification","valueRequired":true,"valueName":"search_term_string"}}],"inLanguage":"es"},{"@type":"Organization","@id":"https:\/\/angloschool.cat\/#organization","name":"Angloschool","url":"https:\/\/angloschool.cat\/","logo":{"@type":"ImageObject","inLanguage":"es","@id":"https:\/\/angloschool.cat\/#\/schema\/logo\/image\/","url":"https:\/\/angloschool.cat\/wp-content\/uploads\/2019\/09\/Logos-AngloSchool-08.png","contentUrl":"https:\/\/angloschool.cat\/wp-content\/uploads\/2019\/09\/Logos-AngloSchool-08.png","width":459,"height":306,"caption":"Angloschool"},"image":{"@id":"https:\/\/angloschool.cat\/#\/schema\/logo\/image\/"},"sameAs":["https:\/\/www.facebook.com\/AngloSchool.Salt.Celra\/","https:\/\/www.instagram.com\/angloschool_salt_celra"]}]}},"_links":{"self":[{"href":"https:\/\/angloschool.cat\/es\/wp-json\/wp\/v2\/pages\/4518","targetHints":{"allow":["GET"]}}],"collection":[{"href":"https:\/\/angloschool.cat\/es\/wp-json\/wp\/v2\/pages"}],"about":[{"href":"https:\/\/angloschool.cat\/es\/wp-json\/wp\/v2\/types\/page"}],"author":[{"embeddable":true,"href":"https:\/\/angloschool.cat\/es\/wp-json\/wp\/v2\/users\/4"}],"replies":[{"embeddable":true,"href":"https:\/\/angloschool.cat\/es\/wp-json\/wp\/v2\/comments?post=4518"}],"version-history":[{"count":3,"href":"https:\/\/angloschool.cat\/es\/wp-json\/wp\/v2\/pages\/4518\/revisions"}],"predecessor-version":[{"id":4730,"href":"https:\/\/angloschool.cat\/es\/wp-json\/wp\/v2\/pages\/4518\/revisions\/4730"}],"wp:attachment":[{"href":"https:\/\/angloschool.cat\/es\/wp-json\/wp\/v2\/media?parent=4518"}],"curies":[{"name":"wp","href":"https:\/\/api.w.org\/{rel}","templated":true}]}}