{"id":4520,"date":"2020-10-07T16:39:48","date_gmt":"2020-10-07T14:39:48","guid":{"rendered":"https:\/\/angloschool.carloscorral.net\/examens-oficials-cambridge\/yle\/"},"modified":"2021-08-16T07:52:13","modified_gmt":"2021-08-16T05:52:13","slug":"examenes-yle","status":"publish","type":"page","link":"https:\/\/angloschool.cat\/es\/examenes-yle\/","title":{"rendered":"Young Learners (YLE)"},"content":{"rendered":"<p>[vc_row css_animation=\u00bb\u00bb row_type=\u00bbrow\u00bb use_row_as_full_screen_section=\u00bbno\u00bb type=\u00bbgrid\u00bb angled_section=\u00bbno\u00bb text_align=\u00bbleft\u00bb background_image_as_pattern=\u00bbwithout_pattern\u00bb z_index=\u00bb\u00bb css=\u00bb.vc_custom_1602253603971{padding-top: 2% !important;}\u00bb][vc_column css=\u00bb.vc_custom_1600776655034{padding-right: 8% !important;}\u00bb][vc_single_image image=\u00bb2863&#8243; img_size=\u00bblarge\u00bb qode_css_animation=\u00bb\u00bb][vc_empty_space][vc_column_text]Los Young Learners (YLE) son ex\u00e1menes de ingl\u00e9s pensados \u200b\u200b<strong>para ni\u00f1os de 7 hasta 12 a\u00f1os<\/strong>. Hay tres diferentes: Starters, Movers y Flyers.<\/p>\n<p>&nbsp;<\/p>\n<p>Los tres ex\u00e1menes constan de tres partes, que <strong>eval\u00faan la comprensi\u00f3n y la expresi\u00f3n oral y escrita<\/strong>. Los candidatos han de observar una ilustraci\u00f3n y compararla con una frase para saber si el enunciado es verdadero o falso, describir dibujos y, ya en niveles superiores, completar frases o textos con las palabras adecuadas.<\/p>\n<p>&nbsp;<\/p>\n<p>Starters se corresponde con el nivel pre-A1 del Marco com\u00fan europeo de referencia para las lenguas, Movers con el nivel A1 y Flyers, con el A2.<\/p>\n<p>&nbsp;<\/p>\n<p>En los Cambridge English Young Learners <strong>no aprueba ni se suspende. Sea cual sea el resultado, todos los candidatos reciben un certificado.<\/strong>[\/vc_column_text][\/vc_column][\/vc_row][vc_row css_animation=\u00bb\u00bb row_type=\u00bbrow\u00bb use_row_as_full_screen_section=\u00bbno\u00bb type=\u00bbfull_width\u00bb angled_section=\u00bbno\u00bb text_align=\u00bbleft\u00bb background_image_as_pattern=\u00bbwithout_pattern\u00bb][vc_column][vc_empty_space height=\u00bb45px\u00bb][\/vc_column][\/vc_row]<\/p>\n","protected":false},"excerpt":{"rendered":"<p>[vc_row css_animation=\u00bb\u00bb row_type=\u00bbrow\u00bb use_row_as_full_screen_section=\u00bbno\u00bb type=\u00bbgrid\u00bb angled_section=\u00bbno\u00bb text_align=\u00bbleft\u00bb background_image_as_pattern=\u00bbwithout_pattern\u00bb z_index=\u00bb\u00bb css=\u00bb.vc_custom_1602253603971{padding-top: 2% !important;}\u00bb][vc_column css=\u00bb.vc_custom_1600776655034{padding-right: 8% !important;}\u00bb][vc_single_image image=\u00bb2863&#8243; img_size=\u00bblarge\u00bb qode_css_animation=\u00bb\u00bb][vc_empty_space][vc_column_text]Los Young Learners (YLE) son ex\u00e1menes de ingl\u00e9s pensados \u200b\u200bpara ni\u00f1os de 7 hasta 12 a\u00f1os. Hay tres diferentes: Starters, Movers y Flyers. &nbsp; Los tres ex\u00e1menes constan de tres partes, que eval\u00faan la comprensi\u00f3n y la expresi\u00f3n [&hellip;]<\/p>\n","protected":false},"author":4,"featured_media":0,"parent":0,"menu_order":0,"comment_status":"closed","ping_status":"closed","template":"full_width.php","meta":{"footnotes":""},"class_list":["post-4520","page","type-page","status-publish","hentry"],"yoast_head":"<!-- This site is optimized with the Yoast SEO plugin v27.3 - https:\/\/yoast.com\/product\/yoast-seo-wordpress\/ -->\n<title>Anglo School &#8226; Ex\u00e1menes Young Learners (YLE)<\/title>\n<meta name=\"description\" content=\"Los Young Learners (YLE) son ex\u00e1menes de ingl\u00e9s pensados \u200b\u200bpara ni\u00f1os de 7 hasta 12 a\u00f1os. Eval\u00faan la comprensi\u00f3n y la expresi\u00f3n oral y escrita.\" \/>\n<meta name=\"robots\" content=\"index, follow, max-snippet:-1, max-image-preview:large, max-video-preview:-1\" \/>\n<link rel=\"canonical\" href=\"https:\/\/angloschool.cat\/es\/examens-oficials-cambridge__trashed\/examenes-yle\/\" \/>\n<meta property=\"og:locale\" content=\"es_ES\" \/>\n<meta property=\"og:type\" content=\"article\" \/>\n<meta property=\"og:title\" content=\"Anglo School &#8226; Ex\u00e1menes Young Learners (YLE)\" \/>\n<meta property=\"og:description\" content=\"Los Young Learners (YLE) son ex\u00e1menes de ingl\u00e9s pensados \u200b\u200bpara ni\u00f1os de 7 hasta 12 a\u00f1os. Eval\u00faan la comprensi\u00f3n y la expresi\u00f3n oral y escrita.\" \/>\n<meta property=\"og:url\" content=\"https:\/\/angloschool.cat\/es\/examens-oficials-cambridge__trashed\/examenes-yle\/\" \/>\n<meta property=\"og:site_name\" content=\"Anglo School\" \/>\n<meta property=\"article:publisher\" content=\"https:\/\/www.facebook.com\/AngloSchool.Salt.Celra\/\" \/>\n<meta property=\"article:modified_time\" content=\"2021-08-16T05:52:13+00:00\" \/>\n<meta name=\"twitter:card\" content=\"summary_large_image\" \/>\n<meta name=\"twitter:label1\" content=\"Tiempo de lectura\" \/>\n\t<meta name=\"twitter:data1\" content=\"1 minuto\" \/>\n<script type=\"application\/ld+json\" class=\"yoast-schema-graph\">{\"@context\":\"https:\\\/\\\/schema.org\",\"@graph\":[{\"@type\":\"WebPage\",\"@id\":\"https:\\\/\\\/angloschool.cat\\\/es\\\/examens-oficials-cambridge__trashed\\\/examenes-yle\\\/\",\"url\":\"https:\\\/\\\/angloschool.cat\\\/es\\\/examens-oficials-cambridge__trashed\\\/examenes-yle\\\/\",\"name\":\"Anglo School &#8226; Ex\u00e1menes Young Learners (YLE)\",\"isPartOf\":{\"@id\":\"https:\\\/\\\/angloschool.cat\\\/#website\"},\"datePublished\":\"2020-10-07T14:39:48+00:00\",\"dateModified\":\"2021-08-16T05:52:13+00:00\",\"description\":\"Los Young Learners (YLE) son ex\u00e1menes de ingl\u00e9s pensados \u200b\u200bpara ni\u00f1os de 7 hasta 12 a\u00f1os. Eval\u00faan la comprensi\u00f3n y la expresi\u00f3n oral y escrita.\",\"breadcrumb\":{\"@id\":\"https:\\\/\\\/angloschool.cat\\\/es\\\/examens-oficials-cambridge__trashed\\\/examenes-yle\\\/#breadcrumb\"},\"inLanguage\":\"es\",\"potentialAction\":[{\"@type\":\"ReadAction\",\"target\":[\"https:\\\/\\\/angloschool.cat\\\/es\\\/examens-oficials-cambridge__trashed\\\/examenes-yle\\\/\"]}]},{\"@type\":\"BreadcrumbList\",\"@id\":\"https:\\\/\\\/angloschool.cat\\\/es\\\/examens-oficials-cambridge__trashed\\\/examenes-yle\\\/#breadcrumb\",\"itemListElement\":[{\"@type\":\"ListItem\",\"position\":1,\"name\":\"Inici\",\"item\":\"https:\\\/\\\/angloschool.cat\\\/\"},{\"@type\":\"ListItem\",\"position\":2,\"name\":\"Young Learners (YLE)\"}]},{\"@type\":\"WebSite\",\"@id\":\"https:\\\/\\\/angloschool.cat\\\/#website\",\"url\":\"https:\\\/\\\/angloschool.cat\\\/\",\"name\":\"Anglo School\",\"description\":\"Cursos d&#039;angl\u00e8s a Salt i Celr\u00e0\",\"publisher\":{\"@id\":\"https:\\\/\\\/angloschool.cat\\\/#organization\"},\"potentialAction\":[{\"@type\":\"SearchAction\",\"target\":{\"@type\":\"EntryPoint\",\"urlTemplate\":\"https:\\\/\\\/angloschool.cat\\\/?s={search_term_string}\"},\"query-input\":{\"@type\":\"PropertyValueSpecification\",\"valueRequired\":true,\"valueName\":\"search_term_string\"}}],\"inLanguage\":\"es\"},{\"@type\":\"Organization\",\"@id\":\"https:\\\/\\\/angloschool.cat\\\/#organization\",\"name\":\"Angloschool\",\"url\":\"https:\\\/\\\/angloschool.cat\\\/\",\"logo\":{\"@type\":\"ImageObject\",\"inLanguage\":\"es\",\"@id\":\"https:\\\/\\\/angloschool.cat\\\/#\\\/schema\\\/logo\\\/image\\\/\",\"url\":\"https:\\\/\\\/angloschool.cat\\\/wp-content\\\/uploads\\\/2019\\\/09\\\/Logos-AngloSchool-08.png\",\"contentUrl\":\"https:\\\/\\\/angloschool.cat\\\/wp-content\\\/uploads\\\/2019\\\/09\\\/Logos-AngloSchool-08.png\",\"width\":459,\"height\":306,\"caption\":\"Angloschool\"},\"image\":{\"@id\":\"https:\\\/\\\/angloschool.cat\\\/#\\\/schema\\\/logo\\\/image\\\/\"},\"sameAs\":[\"https:\\\/\\\/www.facebook.com\\\/AngloSchool.Salt.Celra\\\/\",\"https:\\\/\\\/www.instagram.com\\\/angloschool_salt_celra\"]}]}<\/script>\n<!-- \/ Yoast SEO plugin. -->","yoast_head_json":{"title":"Anglo School &#8226; Ex\u00e1menes Young Learners (YLE)","description":"Los Young Learners (YLE) son ex\u00e1menes de ingl\u00e9s pensados \u200b\u200bpara ni\u00f1os de 7 hasta 12 a\u00f1os. Eval\u00faan la comprensi\u00f3n y la expresi\u00f3n oral y escrita.","robots":{"index":"index","follow":"follow","max-snippet":"max-snippet:-1","max-image-preview":"max-image-preview:large","max-video-preview":"max-video-preview:-1"},"canonical":"https:\/\/angloschool.cat\/es\/examens-oficials-cambridge__trashed\/examenes-yle\/","og_locale":"es_ES","og_type":"article","og_title":"Anglo School &#8226; Ex\u00e1menes Young Learners (YLE)","og_description":"Los Young Learners (YLE) son ex\u00e1menes de ingl\u00e9s pensados \u200b\u200bpara ni\u00f1os de 7 hasta 12 a\u00f1os. Eval\u00faan la comprensi\u00f3n y la expresi\u00f3n oral y escrita.","og_url":"https:\/\/angloschool.cat\/es\/examens-oficials-cambridge__trashed\/examenes-yle\/","og_site_name":"Anglo School","article_publisher":"https:\/\/www.facebook.com\/AngloSchool.Salt.Celra\/","article_modified_time":"2021-08-16T05:52:13+00:00","twitter_card":"summary_large_image","twitter_misc":{"Tiempo de lectura":"1 minuto"},"schema":{"@context":"https:\/\/schema.org","@graph":[{"@type":"WebPage","@id":"https:\/\/angloschool.cat\/es\/examens-oficials-cambridge__trashed\/examenes-yle\/","url":"https:\/\/angloschool.cat\/es\/examens-oficials-cambridge__trashed\/examenes-yle\/","name":"Anglo School &#8226; Ex\u00e1menes Young Learners (YLE)","isPartOf":{"@id":"https:\/\/angloschool.cat\/#website"},"datePublished":"2020-10-07T14:39:48+00:00","dateModified":"2021-08-16T05:52:13+00:00","description":"Los Young Learners (YLE) son ex\u00e1menes de ingl\u00e9s pensados \u200b\u200bpara ni\u00f1os de 7 hasta 12 a\u00f1os. Eval\u00faan la comprensi\u00f3n y la expresi\u00f3n oral y escrita.","breadcrumb":{"@id":"https:\/\/angloschool.cat\/es\/examens-oficials-cambridge__trashed\/examenes-yle\/#breadcrumb"},"inLanguage":"es","potentialAction":[{"@type":"ReadAction","target":["https:\/\/angloschool.cat\/es\/examens-oficials-cambridge__trashed\/examenes-yle\/"]}]},{"@type":"BreadcrumbList","@id":"https:\/\/angloschool.cat\/es\/examens-oficials-cambridge__trashed\/examenes-yle\/#breadcrumb","itemListElement":[{"@type":"ListItem","position":1,"name":"Inici","item":"https:\/\/angloschool.cat\/"},{"@type":"ListItem","position":2,"name":"Young Learners (YLE)"}]},{"@type":"WebSite","@id":"https:\/\/angloschool.cat\/#website","url":"https:\/\/angloschool.cat\/","name":"Anglo School","description":"Cursos d&#039;angl\u00e8s a Salt i Celr\u00e0","publisher":{"@id":"https:\/\/angloschool.cat\/#organization"},"potentialAction":[{"@type":"SearchAction","target":{"@type":"EntryPoint","urlTemplate":"https:\/\/angloschool.cat\/?s={search_term_string}"},"query-input":{"@type":"PropertyValueSpecification","valueRequired":true,"valueName":"search_term_string"}}],"inLanguage":"es"},{"@type":"Organization","@id":"https:\/\/angloschool.cat\/#organization","name":"Angloschool","url":"https:\/\/angloschool.cat\/","logo":{"@type":"ImageObject","inLanguage":"es","@id":"https:\/\/angloschool.cat\/#\/schema\/logo\/image\/","url":"https:\/\/angloschool.cat\/wp-content\/uploads\/2019\/09\/Logos-AngloSchool-08.png","contentUrl":"https:\/\/angloschool.cat\/wp-content\/uploads\/2019\/09\/Logos-AngloSchool-08.png","width":459,"height":306,"caption":"Angloschool"},"image":{"@id":"https:\/\/angloschool.cat\/#\/schema\/logo\/image\/"},"sameAs":["https:\/\/www.facebook.com\/AngloSchool.Salt.Celra\/","https:\/\/www.instagram.com\/angloschool_salt_celra"]}]}},"_links":{"self":[{"href":"https:\/\/angloschool.cat\/es\/wp-json\/wp\/v2\/pages\/4520","targetHints":{"allow":["GET"]}}],"collection":[{"href":"https:\/\/angloschool.cat\/es\/wp-json\/wp\/v2\/pages"}],"about":[{"href":"https:\/\/angloschool.cat\/es\/wp-json\/wp\/v2\/types\/page"}],"author":[{"embeddable":true,"href":"https:\/\/angloschool.cat\/es\/wp-json\/wp\/v2\/users\/4"}],"replies":[{"embeddable":true,"href":"https:\/\/angloschool.cat\/es\/wp-json\/wp\/v2\/comments?post=4520"}],"version-history":[{"count":3,"href":"https:\/\/angloschool.cat\/es\/wp-json\/wp\/v2\/pages\/4520\/revisions"}],"predecessor-version":[{"id":4726,"href":"https:\/\/angloschool.cat\/es\/wp-json\/wp\/v2\/pages\/4520\/revisions\/4726"}],"wp:attachment":[{"href":"https:\/\/angloschool.cat\/es\/wp-json\/wp\/v2\/media?parent=4520"}],"curies":[{"name":"wp","href":"https:\/\/api.w.org\/{rel}","templated":true}]}}