{"id":4522,"date":"2017-08-07T09:43:52","date_gmt":"2017-08-07T07:43:52","guid":{"rendered":"https:\/\/angloschool.carloscorral.net\/frances\/"},"modified":"2021-07-22T09:32:41","modified_gmt":"2021-07-22T07:32:41","slug":"frances","status":"publish","type":"page","link":"https:\/\/angloschool.cat\/es\/frances\/","title":{"rendered":"Franc\u00e9s"},"content":{"rendered":"<p>[vc_row css_animation=\u00bb\u00bb row_type=\u00bbrow\u00bb use_row_as_full_screen_section=\u00bbno\u00bb type=\u00bbgrid\u00bb angled_section=\u00bbno\u00bb text_align=\u00bbleft\u00bb background_image_as_pattern=\u00bbwithout_pattern\u00bb z_index=\u00bb\u00bb css=\u00bb.vc_custom_1600860681764{padding-top: 2% !important;}\u00bb][vc_column width=\u00bb1\/2&#8243;][vc_column_text]<\/p>\n<h2>Suma un idioma m\u00e9s!<\/h2>\n<p>[\/vc_column_text][vc_empty_space height=\u00bb45px\u00bb][vc_column_text]El franc\u00e8s \u00e9s senzill d\u2019aprendre si ets parlant catal\u00e0 o espanyol i t\u2019obrir\u00e0 les portes de pa\u00efsos com Fran\u00e7a, B\u00e8lgica o el Canad\u00e0.<\/p>\n<ul>\n<li>Aprendre un sol idioma ja no \u00e9s suficient. Si parles diverses lleng\u00fces multipliques les teves oportunitats en el mercat laboral, tant en el teu propi pa\u00eds com internacionalment.<\/li>\n<li>Juntament amb l\u2019angl\u00e8s, el franc\u00e8s \u00e9s la \u00fanica llengua parlada als 5 continents.<\/li>\n<li>Et suposar\u00e0 entendre els textos originals de Victor Hugo Marcel Proust o Charles Baudelaire, els di\u00e0legs d\u2019 Alain Delon o Juliette Binoche&#8230; i escoltar i cantar les can\u00e7ons d\u2019 Edith Piaf o de Charles Aznavour.<\/li>\n<li>Et permetr\u00e0 realitzar estudis a Fran\u00e7a, a universitats de prestigi com la Sorbona, o en grans escoles que concedeixen beques per a realizar cicles d\u2019estudis a Fran\u00e7a.<\/li>\n<li>Podr\u00e0s relacionar-te amb els francesos quan viatgis a Fran\u00e7a, entendre la seva cultura, el seu estil de vida, per\u00f2 tamb\u00e9 et ser\u00e1 \u00fatil si visites \u00c1frica, Suissa, Canad\u00e0, M\u00f2nac, les Seychelles&#8230;<\/li>\n<li>Et ser\u00e1 indispensable si t\u2019interessa fer carrera a organitzacions internacionals com la ONU, la Uni\u00f3 Europea, la UNESCO, la OTAN o la Creu Roja Internacional.<\/li>\n<\/ul>\n<p>[\/vc_column_text][vc_empty_space][\/vc_column][vc_column width=\u00bb1\/2&#8243;][vc_single_image source=\u00bbfeatured_image\u00bb img_size=\u00bb400&#215;400&#8243; alignment=\u00bbright\u00bb style=\u00bbvc_box_circle_2&#8243; qode_css_animation=\u00bb\u00bb][vc_row_inner row_type=\u00bbrow\u00bb type=\u00bbfull_width\u00bb text_align=\u00bbleft\u00bb css_animation=\u00bb\u00bb css=\u00bb.vc_custom_1600936045181{margin-top: -5% !important;}\u00bb][vc_column_inner][vc_single_image image=\u00bb3187&#8243; alignment=\u00bbcenter\u00bb qode_css_animation=\u00bb\u00bb css=\u00bb.vc_custom_1600936113533{margin-top: -50px !important;}\u00bb][\/vc_column_inner][\/vc_row_inner][vc_empty_space][\/vc_column][\/vc_row][vc_row css_animation=\u00bb\u00bb row_type=\u00bbrow\u00bb use_row_as_full_screen_section=\u00bbno\u00bb type=\u00bbgrid\u00bb angled_section=\u00bbno\u00bb text_align=\u00bbleft\u00bb background_image_as_pattern=\u00bbwithout_pattern\u00bb z_index=\u00bb\u00bb css=\u00bb.vc_custom_1602252945336{padding-top: 2% !important;}\u00bb][vc_column width=\u00bb2\/3&#8243; css=\u00bb.vc_custom_1600776655034{padding-right: 8% !important;}\u00bb][vc_column_text]<\/p>\n<h4>Classes de franc\u00e8s:<\/h4>\n<ul>\n<li>\n<h5>Nivells d\u2019elemental a avan\u00e7at.<\/h5>\n<\/li>\n<li>\n<h5>Professors nadius i titulats.<\/h5>\n<\/li>\n<li>\n<h5>Cursos d\u2019octubre a juny.<\/h5>\n<\/li>\n<li>\n<h5>2 classes setmanals de 90 minuts.<\/h5>\n<\/li>\n<li>\n<h5>Preparaci\u00f3 per ex\u00e0mens oficials.<\/h5>\n<\/li>\n<\/ul>\n<p>[\/vc_column_text][vc_empty_space][\/vc_column][vc_column width=\u00bb1\/3&#8243;][\/vc_column][\/vc_row][vc_row css_animation=\u00bb\u00bb row_type=\u00bbrow\u00bb use_row_as_full_screen_section=\u00bbno\u00bb type=\u00bbgrid\u00bb angled_section=\u00bbno\u00bb text_align=\u00bbleft\u00bb background_image_as_pattern=\u00bbwithout_pattern\u00bb z_index=\u00bb\u00bb padding_top=\u00bb45px\u00bb][vc_column][vc_column_text]Si est\u00e0s interessat en els nostres cursos de franc\u00e8s posa\u2019t en contacte amb nosaltres.[\/vc_column_text][vc_empty_space][\/vc_column][\/vc_row][vc_row css_animation=\u00bb\u00bb row_type=\u00bbrow\u00bb use_row_as_full_screen_section=\u00bbno\u00bb type=\u00bbfull_width\u00bb angled_section=\u00bbno\u00bb text_align=\u00bbleft\u00bb background_image_as_pattern=\u00bbwithout_pattern\u00bb][vc_column][vc_empty_space height=\u00bb45px\u00bb][\/vc_column][\/vc_row][vc_row css_animation=\u00bb\u00bb row_type=\u00bbrow\u00bb use_row_as_full_screen_section=\u00bbno\u00bb type=\u00bbgrid\u00bb angled_section=\u00bbno\u00bb text_align=\u00bbleft\u00bb background_image_as_pattern=\u00bbwithout_pattern\u00bb z_index=\u00bb\u00bb css=\u00bb.vc_custom_1601378589417{padding-top: 3% !important;background-color: #002c50 !important;}\u00bb][vc_column width=\u00bb1\/4&#8243; el_class=\u00bbnegatiu\u00bb][\/vc_column][vc_column width=\u00bb1\/2&#8243; el_class=\u00bbnegatiu\u00bb][qode_elements_holder background_color=\u00bb#002c50&#8243; number_of_columns=\u00bbone_column\u00bb][qode_elements_holder_item vertical_alignment=\u00bbtop\u00bb advanced_animations=\u00bbno\u00bb item_padding=\u00bb50px\u00bb][vc_column_text]<\/p>\n<h3>Contacte i inscripcions<\/h3>\n<p>[\/vc_column_text][vc_empty_space][contact-form-7 id=\u00bb3523&#8243; html_class=\u00bbcf7_custom_style_2&#8243;][\/qode_elements_holder_item][\/qode_elements_holder][\/vc_column][vc_column width=\u00bb1\/4&#8243;][\/vc_column][\/vc_row][vc_row css_animation=\u00bb\u00bb row_type=\u00bbrow\u00bb use_row_as_full_screen_section=\u00bbno\u00bb type=\u00bbfull_width\u00bb angled_section=\u00bbno\u00bb text_align=\u00bbleft\u00bb background_image_as_pattern=\u00bbwithout_pattern\u00bb][vc_column][vc_empty_space height=\u00bb80px\u00bb][\/vc_column][\/vc_row]<\/p>\n","protected":false},"excerpt":{"rendered":"<p>[vc_row css_animation=\u00bb\u00bb row_type=\u00bbrow\u00bb use_row_as_full_screen_section=\u00bbno\u00bb type=\u00bbgrid\u00bb angled_section=\u00bbno\u00bb text_align=\u00bbleft\u00bb background_image_as_pattern=\u00bbwithout_pattern\u00bb z_index=\u00bb\u00bb css=\u00bb.vc_custom_1600860681764{padding-top: 2% !important;}\u00bb][vc_column width=\u00bb1\/2&#8243;][vc_column_text] Suma un idioma m\u00e9s! [\/vc_column_text][vc_empty_space height=\u00bb45px\u00bb][vc_column_text]El franc\u00e8s \u00e9s senzill d\u2019aprendre si ets parlant catal\u00e0 o espanyol i t\u2019obrir\u00e0 les portes de pa\u00efsos com Fran\u00e7a, B\u00e8lgica o el Canad\u00e0. Aprendre un sol idioma ja no \u00e9s suficient. Si parles diverses lleng\u00fces multipliques les [&hellip;]<\/p>\n","protected":false},"author":4,"featured_media":3588,"parent":0,"menu_order":0,"comment_status":"closed","ping_status":"closed","template":"full_width.php","meta":{"footnotes":""},"class_list":["post-4522","page","type-page","status-publish","has-post-thumbnail","hentry"],"yoast_head":"<!-- This site is optimized with the Yoast SEO plugin v27.4 - https:\/\/yoast.com\/product\/yoast-seo-wordpress\/ -->\n<title>Anglo School &#8226; Classes de franc\u00e8s per multiplicar les teves oportunitats laborals i personals<\/title>\n<meta name=\"description\" content=\"Suma un idioma m\u00e9s! Apr\u00e8n franc\u00e8s de forma f\u00e0cil a Anglo School i multiplica les teves oportunitats laborals i personals\" \/>\n<meta name=\"robots\" content=\"index, follow, max-snippet:-1, max-image-preview:large, max-video-preview:-1\" \/>\n<link rel=\"canonical\" href=\"https:\/\/angloschool.cat\/es\/frances\/\" \/>\n<meta property=\"og:locale\" content=\"es_ES\" \/>\n<meta property=\"og:type\" content=\"article\" \/>\n<meta property=\"og:title\" content=\"Anglo School &#8226; Classes de franc\u00e8s per multiplicar les teves oportunitats laborals i personals\" \/>\n<meta property=\"og:description\" content=\"Suma un idioma m\u00e9s! Apr\u00e8n franc\u00e8s de forma f\u00e0cil a Anglo School i multiplica les teves oportunitats laborals i personals\" \/>\n<meta property=\"og:url\" content=\"https:\/\/angloschool.cat\/es\/frances\/\" \/>\n<meta property=\"og:site_name\" content=\"Anglo School\" \/>\n<meta property=\"article:publisher\" content=\"https:\/\/www.facebook.com\/AngloSchool.Salt.Celra\/\" \/>\n<meta property=\"article:modified_time\" content=\"2021-07-22T07:32:41+00:00\" \/>\n<meta property=\"og:image\" content=\"https:\/\/angloschool.cat\/wp-content\/uploads\/2020\/09\/apren-frances.jpg\" \/>\n\t<meta property=\"og:image:width\" content=\"1280\" \/>\n\t<meta property=\"og:image:height\" content=\"860\" \/>\n\t<meta property=\"og:image:type\" content=\"image\/jpeg\" \/>\n<meta name=\"twitter:card\" content=\"summary_large_image\" \/>\n<meta name=\"twitter:label1\" content=\"Tiempo de lectura\" \/>\n\t<meta name=\"twitter:data1\" content=\"3 minutos\" \/>\n<script type=\"application\/ld+json\" class=\"yoast-schema-graph\">{\"@context\":\"https:\\\/\\\/schema.org\",\"@graph\":[{\"@type\":\"WebPage\",\"@id\":\"https:\\\/\\\/angloschool.cat\\\/es\\\/frances\\\/\",\"url\":\"https:\\\/\\\/angloschool.cat\\\/es\\\/frances\\\/\",\"name\":\"Anglo School &#8226; Classes de franc\u00e8s per multiplicar les teves oportunitats laborals i personals\",\"isPartOf\":{\"@id\":\"https:\\\/\\\/angloschool.cat\\\/#website\"},\"primaryImageOfPage\":{\"@id\":\"https:\\\/\\\/angloschool.cat\\\/es\\\/frances\\\/#primaryimage\"},\"image\":{\"@id\":\"https:\\\/\\\/angloschool.cat\\\/es\\\/frances\\\/#primaryimage\"},\"thumbnailUrl\":\"https:\\\/\\\/angloschool.cat\\\/wp-content\\\/uploads\\\/2020\\\/09\\\/apren-frances.jpg\",\"datePublished\":\"2017-08-07T07:43:52+00:00\",\"dateModified\":\"2021-07-22T07:32:41+00:00\",\"description\":\"Suma un idioma m\u00e9s! Apr\u00e8n franc\u00e8s de forma f\u00e0cil a Anglo School i multiplica les teves oportunitats laborals i personals\",\"breadcrumb\":{\"@id\":\"https:\\\/\\\/angloschool.cat\\\/es\\\/frances\\\/#breadcrumb\"},\"inLanguage\":\"es\",\"potentialAction\":[{\"@type\":\"ReadAction\",\"target\":[\"https:\\\/\\\/angloschool.cat\\\/es\\\/frances\\\/\"]}]},{\"@type\":\"ImageObject\",\"inLanguage\":\"es\",\"@id\":\"https:\\\/\\\/angloschool.cat\\\/es\\\/frances\\\/#primaryimage\",\"url\":\"https:\\\/\\\/angloschool.cat\\\/wp-content\\\/uploads\\\/2020\\\/09\\\/apren-frances.jpg\",\"contentUrl\":\"https:\\\/\\\/angloschool.cat\\\/wp-content\\\/uploads\\\/2020\\\/09\\\/apren-frances.jpg\",\"width\":1280,\"height\":860,\"caption\":\"apren-frances\"},{\"@type\":\"BreadcrumbList\",\"@id\":\"https:\\\/\\\/angloschool.cat\\\/es\\\/frances\\\/#breadcrumb\",\"itemListElement\":[{\"@type\":\"ListItem\",\"position\":1,\"name\":\"Inici\",\"item\":\"https:\\\/\\\/angloschool.cat\\\/\"},{\"@type\":\"ListItem\",\"position\":2,\"name\":\"Franc\u00e9s\"}]},{\"@type\":\"WebSite\",\"@id\":\"https:\\\/\\\/angloschool.cat\\\/#website\",\"url\":\"https:\\\/\\\/angloschool.cat\\\/\",\"name\":\"Anglo School\",\"description\":\"Cursos d&#039;angl\u00e8s a Salt i Celr\u00e0\",\"publisher\":{\"@id\":\"https:\\\/\\\/angloschool.cat\\\/#organization\"},\"potentialAction\":[{\"@type\":\"SearchAction\",\"target\":{\"@type\":\"EntryPoint\",\"urlTemplate\":\"https:\\\/\\\/angloschool.cat\\\/?s={search_term_string}\"},\"query-input\":{\"@type\":\"PropertyValueSpecification\",\"valueRequired\":true,\"valueName\":\"search_term_string\"}}],\"inLanguage\":\"es\"},{\"@type\":\"Organization\",\"@id\":\"https:\\\/\\\/angloschool.cat\\\/#organization\",\"name\":\"Angloschool\",\"url\":\"https:\\\/\\\/angloschool.cat\\\/\",\"logo\":{\"@type\":\"ImageObject\",\"inLanguage\":\"es\",\"@id\":\"https:\\\/\\\/angloschool.cat\\\/#\\\/schema\\\/logo\\\/image\\\/\",\"url\":\"https:\\\/\\\/angloschool.cat\\\/wp-content\\\/uploads\\\/2019\\\/09\\\/Logos-AngloSchool-08.png\",\"contentUrl\":\"https:\\\/\\\/angloschool.cat\\\/wp-content\\\/uploads\\\/2019\\\/09\\\/Logos-AngloSchool-08.png\",\"width\":459,\"height\":306,\"caption\":\"Angloschool\"},\"image\":{\"@id\":\"https:\\\/\\\/angloschool.cat\\\/#\\\/schema\\\/logo\\\/image\\\/\"},\"sameAs\":[\"https:\\\/\\\/www.facebook.com\\\/AngloSchool.Salt.Celra\\\/\",\"https:\\\/\\\/www.instagram.com\\\/angloschool_salt_celra\"]}]}<\/script>\n<!-- \/ Yoast SEO plugin. -->","yoast_head_json":{"title":"Anglo School &#8226; Classes de franc\u00e8s per multiplicar les teves oportunitats laborals i personals","description":"Suma un idioma m\u00e9s! Apr\u00e8n franc\u00e8s de forma f\u00e0cil a Anglo School i multiplica les teves oportunitats laborals i personals","robots":{"index":"index","follow":"follow","max-snippet":"max-snippet:-1","max-image-preview":"max-image-preview:large","max-video-preview":"max-video-preview:-1"},"canonical":"https:\/\/angloschool.cat\/es\/frances\/","og_locale":"es_ES","og_type":"article","og_title":"Anglo School &#8226; Classes de franc\u00e8s per multiplicar les teves oportunitats laborals i personals","og_description":"Suma un idioma m\u00e9s! Apr\u00e8n franc\u00e8s de forma f\u00e0cil a Anglo School i multiplica les teves oportunitats laborals i personals","og_url":"https:\/\/angloschool.cat\/es\/frances\/","og_site_name":"Anglo School","article_publisher":"https:\/\/www.facebook.com\/AngloSchool.Salt.Celra\/","article_modified_time":"2021-07-22T07:32:41+00:00","og_image":[{"width":1280,"height":860,"url":"https:\/\/angloschool.cat\/wp-content\/uploads\/2020\/09\/apren-frances.jpg","type":"image\/jpeg"}],"twitter_card":"summary_large_image","twitter_misc":{"Tiempo de lectura":"3 minutos"},"schema":{"@context":"https:\/\/schema.org","@graph":[{"@type":"WebPage","@id":"https:\/\/angloschool.cat\/es\/frances\/","url":"https:\/\/angloschool.cat\/es\/frances\/","name":"Anglo School &#8226; Classes de franc\u00e8s per multiplicar les teves oportunitats laborals i personals","isPartOf":{"@id":"https:\/\/angloschool.cat\/#website"},"primaryImageOfPage":{"@id":"https:\/\/angloschool.cat\/es\/frances\/#primaryimage"},"image":{"@id":"https:\/\/angloschool.cat\/es\/frances\/#primaryimage"},"thumbnailUrl":"https:\/\/angloschool.cat\/wp-content\/uploads\/2020\/09\/apren-frances.jpg","datePublished":"2017-08-07T07:43:52+00:00","dateModified":"2021-07-22T07:32:41+00:00","description":"Suma un idioma m\u00e9s! Apr\u00e8n franc\u00e8s de forma f\u00e0cil a Anglo School i multiplica les teves oportunitats laborals i personals","breadcrumb":{"@id":"https:\/\/angloschool.cat\/es\/frances\/#breadcrumb"},"inLanguage":"es","potentialAction":[{"@type":"ReadAction","target":["https:\/\/angloschool.cat\/es\/frances\/"]}]},{"@type":"ImageObject","inLanguage":"es","@id":"https:\/\/angloschool.cat\/es\/frances\/#primaryimage","url":"https:\/\/angloschool.cat\/wp-content\/uploads\/2020\/09\/apren-frances.jpg","contentUrl":"https:\/\/angloschool.cat\/wp-content\/uploads\/2020\/09\/apren-frances.jpg","width":1280,"height":860,"caption":"apren-frances"},{"@type":"BreadcrumbList","@id":"https:\/\/angloschool.cat\/es\/frances\/#breadcrumb","itemListElement":[{"@type":"ListItem","position":1,"name":"Inici","item":"https:\/\/angloschool.cat\/"},{"@type":"ListItem","position":2,"name":"Franc\u00e9s"}]},{"@type":"WebSite","@id":"https:\/\/angloschool.cat\/#website","url":"https:\/\/angloschool.cat\/","name":"Anglo School","description":"Cursos d&#039;angl\u00e8s a Salt i Celr\u00e0","publisher":{"@id":"https:\/\/angloschool.cat\/#organization"},"potentialAction":[{"@type":"SearchAction","target":{"@type":"EntryPoint","urlTemplate":"https:\/\/angloschool.cat\/?s={search_term_string}"},"query-input":{"@type":"PropertyValueSpecification","valueRequired":true,"valueName":"search_term_string"}}],"inLanguage":"es"},{"@type":"Organization","@id":"https:\/\/angloschool.cat\/#organization","name":"Angloschool","url":"https:\/\/angloschool.cat\/","logo":{"@type":"ImageObject","inLanguage":"es","@id":"https:\/\/angloschool.cat\/#\/schema\/logo\/image\/","url":"https:\/\/angloschool.cat\/wp-content\/uploads\/2019\/09\/Logos-AngloSchool-08.png","contentUrl":"https:\/\/angloschool.cat\/wp-content\/uploads\/2019\/09\/Logos-AngloSchool-08.png","width":459,"height":306,"caption":"Angloschool"},"image":{"@id":"https:\/\/angloschool.cat\/#\/schema\/logo\/image\/"},"sameAs":["https:\/\/www.facebook.com\/AngloSchool.Salt.Celra\/","https:\/\/www.instagram.com\/angloschool_salt_celra"]}]}},"_links":{"self":[{"href":"https:\/\/angloschool.cat\/es\/wp-json\/wp\/v2\/pages\/4522","targetHints":{"allow":["GET"]}}],"collection":[{"href":"https:\/\/angloschool.cat\/es\/wp-json\/wp\/v2\/pages"}],"about":[{"href":"https:\/\/angloschool.cat\/es\/wp-json\/wp\/v2\/types\/page"}],"author":[{"embeddable":true,"href":"https:\/\/angloschool.cat\/es\/wp-json\/wp\/v2\/users\/4"}],"replies":[{"embeddable":true,"href":"https:\/\/angloschool.cat\/es\/wp-json\/wp\/v2\/comments?post=4522"}],"version-history":[{"count":2,"href":"https:\/\/angloschool.cat\/es\/wp-json\/wp\/v2\/pages\/4522\/revisions"}],"predecessor-version":[{"id":4585,"href":"https:\/\/angloschool.cat\/es\/wp-json\/wp\/v2\/pages\/4522\/revisions\/4585"}],"wp:featuredmedia":[{"embeddable":true,"href":"https:\/\/angloschool.cat\/es\/wp-json\/wp\/v2\/media\/3588"}],"wp:attachment":[{"href":"https:\/\/angloschool.cat\/es\/wp-json\/wp\/v2\/media?parent=4522"}],"curies":[{"name":"wp","href":"https:\/\/api.w.org\/{rel}","templated":true}]}}