{"id":4525,"date":"2020-09-24T11:23:37","date_gmt":"2020-09-24T09:23:37","guid":{"rendered":"https:\/\/angloschool.carloscorral.net\/nosaltres\/equip\/"},"modified":"2024-12-04T12:33:46","modified_gmt":"2024-12-04T10:33:46","slug":"equipo","status":"publish","type":"page","link":"https:\/\/angloschool.cat\/es\/equipo\/","title":{"rendered":"Equipo"},"content":{"rendered":"<p>[vc_row css_animation=\u00bb\u00bb row_type=\u00bbrow\u00bb use_row_as_full_screen_section=\u00bbno\u00bb type=\u00bbgrid\u00bb angled_section=\u00bbno\u00bb text_align=\u00bbleft\u00bb background_image_as_pattern=\u00bbwithout_pattern\u00bb z_index=\u00bb\u00bb css=\u00bb.vc_custom_1600941379747{padding-top: 3% !important;}\u00bb][vc_column][qode_elements_holder number_of_columns=\u00bbthree_columns\u00bb][qode_elements_holder_item horizontal_alignment=\u00bbcenter\u00bb advanced_animations=\u00bbno\u00bb item_padding=\u00bb0px 50px 0px 0px\u00bb][vc_single_image image=\u00bb3638&#8243; img_size=\u00bblarge\u00bb alignment=\u00bbcenter\u00bb style=\u00bbvc_box_circle_2&#8243; qode_css_animation=\u00bb\u00bb][vc_empty_space][\/qode_elements_holder_item][qode_elements_holder_item vertical_alignment=\u00bbtop\u00bb horizontal_alignment=\u00bbleft\u00bb advanced_animations=\u00bbno\u00bb item_padding=\u00bb0px 35px 0px 0px\u00bb][vc_column_text el_class=\u00bbparagraf-subpagines\u00bb]<\/p>\n<h3>N\u00faria Esparch<\/h3>\n<p>[\/vc_column_text][vc_column_text]<\/p>\n<h5 class=\"p2\">Fil\u00f3loga y profesora<\/h5>\n<p>&nbsp;<\/p>\n<p class=\"p2\">Tengo una actitud inquieta y positiva, y siempre estoy en constante aprendizaje para enriquecer mi vida tanto en el \u00e1mbito personal como profesional. Concibo la formaci\u00f3n como una manera de sumar valores y ayudar a mis alumnos en el aprendizaje, sirvi\u00e9ndome de t\u00e9cnicas como la Kinesiolog\u00eda o las metodolog\u00edas basadas en Inteligencias m\u00faltiples. Mi trabajo como examinadora y Team leader en\u00a0 Cambridge English (Centro d\u2019Ex\u00e1menes Girona) y profesora de idiomas en la UOC (online) es determinante a la hora de preparar a mis estudiantes para los ex\u00e1menes oficiales.<\/p>\n<p>[\/vc_column_text][vc_empty_space][\/qode_elements_holder_item][qode_elements_holder_item vertical_alignment=\u00bbtop\u00bb horizontal_alignment=\u00bbleft\u00bb advanced_animations=\u00bbno\u00bb item_padding=\u00bb0px 35px 0px 0px\u00bb][vc_column_text el_class=\u00bbparagraf-subpagines\u00bb]<\/p>\n<h3>Jordi Roura<\/h3>\n<p>[\/vc_column_text][vc_column_text]<\/p>\n<h5 class=\"p2\">Cogerente y administrador de los centros Anglo School<\/h5>\n<p>&nbsp;<\/p>\n<p class=\"p2\">Soy un apasionado de los deportes y juega al f\u00fatbol desde peque\u00f1o. Disfruto compartiendo mi tiempo libre con mi familia, los perros y mis amigos. Me gusta mucho viajar y descubrir lugares inusuales en todo el mundo. La paciencia y el buen trato son dos de mis grandes virtudes.<\/p>\n<p>[\/vc_column_text][vc_empty_space][\/qode_elements_holder_item][\/qode_elements_holder][vc_empty_space][\/vc_column][\/vc_row][vc_row css_animation=\u00bb\u00bb row_type=\u00bbrow\u00bb use_row_as_full_screen_section=\u00bbno\u00bb type=\u00bbfull_width\u00bb angled_section=\u00bbno\u00bb text_align=\u00bbleft\u00bb background_image_as_pattern=\u00bbwithout_pattern\u00bb][vc_column][vc_empty_space height=\u00bb45px\u00bb][\/vc_column][\/vc_row][vc_row css_animation=\u00bb\u00bb row_type=\u00bbrow\u00bb use_row_as_full_screen_section=\u00bbno\u00bb type=\u00bbfull_width\u00bb angled_section=\u00bbno\u00bb text_align=\u00bbcenter\u00bb background_image_as_pattern=\u00bbwithout_pattern\u00bb css=\u00bb.vc_custom_1601292407925{padding-right: 3% !important;padding-left: 3% !important;background-color: #dc0047 !important;}\u00bb z_index=\u00bb\u00bb el_class=\u00bbnegatiu\u00bb][vc_column][vc_empty_space][vc_column_text]<\/p>\n<h3>Las teachers<\/h3>\n<p>[\/vc_column_text][vc_empty_space][\/vc_column][\/vc_row][vc_row css_animation=\u00bb\u00bb row_type=\u00bbrow\u00bb use_row_as_full_screen_section=\u00bbno\u00bb type=\u00bbgrid\u00bb angled_section=\u00bbno\u00bb text_align=\u00bbleft\u00bb background_image_as_pattern=\u00bbwithout_pattern\u00bb z_index=\u00bb\u00bb css=\u00bb.vc_custom_1600939810326{padding-top: 3% !important;}\u00bb][vc_column][qode_elements_holder number_of_columns=\u00bbthree_columns\u00bb][qode_elements_holder_item horizontal_alignment=\u00bbcenter\u00bb advanced_animations=\u00bbno\u00bb item_padding=\u00bb32px 50px 32px 50px\u00bb][vc_single_image image=\u00bb5345&#8243; img_size=\u00bb200&#215;200&#8243; alignment=\u00bbcenter\u00bb style=\u00bbvc_box_circle_2&#8243; qode_css_animation=\u00bb\u00bb][vc_empty_space][vc_column_text el_class=\u00bbparagraf-subpagines\u00bb]<\/p>\n<h4>La Meritxell<\/h4>\n<p>[\/vc_column_text][vc_empty_space height=\u00bb15px\u00bb][vc_column_text]<\/p>\n<p class=\"p2\">Aprend\u00ed ingl\u00e9s de peque\u00f1a y vi que me abrir\u00eda las puertas al mundo. Estudi\u00e9 en California y trabaj\u00e9 en Irlanda. Soy amante de los animales, las culturas, los viajes y la lectura. Me llena ense\u00f1ar tanto a peque\u00f1os, como adolescentes o adultos.<\/p>\n<p>[\/vc_column_text][vc_empty_space][\/qode_elements_holder_item][qode_elements_holder_item horizontal_alignment=\u00bbcenter\u00bb advanced_animations=\u00bbno\u00bb item_padding=\u00bb32px 50px 32px 50px\u00bb][vc_single_image image=\u00bb5318&#8243; img_size=\u00bb200&#215;200&#8243; alignment=\u00bbcenter\u00bb style=\u00bbvc_box_circle_2&#8243; qode_css_animation=\u00bb\u00bb][vc_empty_space][vc_column_text el_class=\u00bbparagraf-subpagines\u00bb]<\/p>\n<h4>La Fatu<\/h4>\n<p>[\/vc_column_text][vc_empty_space height=\u00bb15px\u00bb][vc_column_text]<\/p>\n<p class=\"p2\">Adoro aprender idiomas y he tenido oportunidad de practicarlos trabajando en el mundo del turismo. Tambi\u00e9n me encanta ense\u00f1arlos y, a partir de ahora, lo har\u00e9 en AngloSchool para ni\u00f1os de diferentes edades y etapas educativas.<\/p>\n<p>[\/vc_column_text][vc_empty_space][\/qode_elements_holder_item][qode_elements_holder_item horizontal_alignment=\u00bbcenter\u00bb advanced_animations=\u00bbno\u00bb item_padding=\u00bb32px 50px 32px 50px\u00bb][vc_single_image image=\u00bb5327&#8243; img_size=\u00bb200&#215;200&#8243; alignment=\u00bbcenter\u00bb style=\u00bbvc_box_circle_2&#8243; qode_css_animation=\u00bb\u00bb][vc_empty_space][vc_column_text el_class=\u00bbparagraf-subpagines\u00bb]<\/p>\n<h4>La Helen<\/h4>\n<p>[\/vc_column_text][vc_empty_space height=\u00bb15px\u00bb][vc_column_text]<\/p>\n<p class=\"p2\">Soy licenciada en ling\u00fc\u00edstica. Me encantan las lenguas porque es un v\u00ednculo de uni\u00f3n con todas las personas de distintas nacionalidades. Me encanta leer y compartir informaci\u00f3n con mis alumnos. Me llena de orgullo ver c\u00f3mo progresan.<\/p>\n<p>[\/vc_column_text][vc_empty_space][\/qode_elements_holder_item][\/qode_elements_holder][qode_elements_holder number_of_columns=\u00bbthree_columns\u00bb][qode_elements_holder_item horizontal_alignment=\u00bbcenter\u00bb advanced_animations=\u00bbno\u00bb item_padding=\u00bb32px 50px 32px 50px\u00bb][vc_single_image image=\u00bb5365&#8243; img_size=\u00bb200&#215;200&#8243; alignment=\u00bbcenter\u00bb style=\u00bbvc_box_circle_2&#8243; qode_css_animation=\u00bb\u00bb][vc_empty_space][vc_column_text el_class=\u00bbparagraf-subpagines\u00bb]<\/p>\n<h4>El Sam<\/h4>\n<p>[\/vc_column_text][vc_empty_space height=\u00bb15px\u00bb][vc_column_text]Soy profesor nativo de ingl\u00e9s con experiencia en la ense\u00f1anza de ingl\u00e9s en Catalu\u00f1a. Me encantan las clases en las que hay mucha interactuaci\u00f3n, y ense\u00f1ar vocabulario y pronunciaci\u00f3n. Mis pasiones incluyen la salud, el fitness y las actividades al aire libre.[\/vc_column_text][vc_empty_space][\/qode_elements_holder_item][qode_elements_holder_item horizontal_alignment=\u00bbcenter\u00bb advanced_animations=\u00bbno\u00bb item_padding=\u00bb32px 50px 32px 50px\u00bb][vc_single_image image=\u00bb5353&#8243; img_size=\u00bb200&#215;200&#8243; alignment=\u00bbcenter\u00bb style=\u00bbvc_box_circle_2&#8243; qode_css_animation=\u00bb\u00bb][vc_empty_space][vc_column_text el_class=\u00bbparagraf-subpagines\u00bb]<\/p>\n<h4>La Irina<\/h4>\n<p>[\/vc_column_text][vc_empty_space height=\u00bb15px\u00bb][vc_column_text]Soy maestra y me gusta mucho aprender cosas nuevas y viajar. Por eso he vivido en Hong Kong y en Carolina del Norte, en Estados Unidos trabajando en diferentes escuelas. Me gusta mucho utilizar la literatura y el arte como un recurso pedag\u00f3gico.[\/vc_column_text][vc_empty_space][\/qode_elements_holder_item][\/qode_elements_holder][qode_elements_holder number_of_columns=\u00bbthree_columns\u00bb][qode_elements_holder_item horizontal_alignment=\u00bbcenter\u00bb advanced_animations=\u00bbno\u00bb item_padding=\u00bb32px 50px 32px 50px\u00bb][vc_single_image image=\u00bb5323&#8243; img_size=\u00bb200&#215;200&#8243; alignment=\u00bbcenter\u00bb style=\u00bbvc_box_circle_2&#8243; qode_css_animation=\u00bb\u00bb][vc_empty_space][vc_column_text el_class=\u00bbparagraf-subpagines\u00bb]<\/p>\n<h4>La Laia<\/h4>\n<p>[\/vc_column_text][vc_empty_space height=\u00bb15px\u00bb][vc_column_text]Me encanta aprender distintos idiomas y viajar. Como maestra, mi preferencia son los alumnos m\u00e1s peque\u00f1os, creo que se puede aprender much\u00edsimo de ellos:) Desde peque\u00f1a me ha gustado la nataci\u00f3n y el patinaje.[\/vc_column_text][vc_empty_space][\/qode_elements_holder_item][qode_elements_holder_item horizontal_alignment=\u00bbcenter\u00bb advanced_animations=\u00bbno\u00bb item_padding=\u00bb32px 50px 32px 50px\u00bb][vc_single_image image=\u00bb5356&#8243; img_size=\u00bb200&#215;200&#8243; alignment=\u00bbcenter\u00bb style=\u00bbvc_box_circle_2&#8243; qode_css_animation=\u00bb\u00bb][vc_empty_space][vc_column_text el_class=\u00bbparagraf-subpagines\u00bb]<\/p>\n<h4>La Karina<\/h4>\n<p>[\/vc_column_text][vc_empty_space height=\u00bb15px\u00bb][vc_column_text]Soy estudiante de M\u00e1ster de Ling\u00fc\u00edstica aplicada en la Universidad de Girona. Me incorporo al equipo de AngloSchool con ganas de ense\u00f1ar mis conocimientos y c\u00f3mo aprender el ingl\u00e9s de forma f\u00e1cil y productiva.[\/vc_column_text][vc_empty_space][\/qode_elements_holder_item][\/qode_elements_holder][vc_empty_space][\/vc_column][\/vc_row]<\/p>\n","protected":false},"excerpt":{"rendered":"<p>[vc_row css_animation=\u00bb\u00bb row_type=\u00bbrow\u00bb use_row_as_full_screen_section=\u00bbno\u00bb type=\u00bbgrid\u00bb angled_section=\u00bbno\u00bb text_align=\u00bbleft\u00bb background_image_as_pattern=\u00bbwithout_pattern\u00bb z_index=\u00bb\u00bb css=\u00bb.vc_custom_1600941379747{padding-top: 3% !important;}\u00bb][vc_column][qode_elements_holder number_of_columns=\u00bbthree_columns\u00bb][qode_elements_holder_item horizontal_alignment=\u00bbcenter\u00bb advanced_animations=\u00bbno\u00bb item_padding=\u00bb0px 50px 0px 0px\u00bb][vc_single_image image=\u00bb3638&#8243; img_size=\u00bblarge\u00bb alignment=\u00bbcenter\u00bb style=\u00bbvc_box_circle_2&#8243; qode_css_animation=\u00bb\u00bb][vc_empty_space][\/qode_elements_holder_item][qode_elements_holder_item vertical_alignment=\u00bbtop\u00bb horizontal_alignment=\u00bbleft\u00bb advanced_animations=\u00bbno\u00bb item_padding=\u00bb0px 35px 0px 0px\u00bb][vc_column_text el_class=\u00bbparagraf-subpagines\u00bb] N\u00faria Esparch [\/vc_column_text][vc_column_text] Fil\u00f3loga y profesora &nbsp; Tengo una actitud inquieta y positiva, y siempre estoy en constante aprendizaje para enriquecer mi vida [&hellip;]<\/p>\n","protected":false},"author":4,"featured_media":4215,"parent":0,"menu_order":0,"comment_status":"closed","ping_status":"closed","template":"full_width.php","meta":{"footnotes":""},"class_list":["post-4525","page","type-page","status-publish","has-post-thumbnail","hentry"],"yoast_head":"<!-- This site is optimized with the Yoast SEO plugin v27.3 - https:\/\/yoast.com\/product\/yoast-seo-wordpress\/ -->\n<title>Anglo School &#8226; Equipo y teachers de la escuela de idiomas<\/title>\n<meta name=\"description\" content=\"En Anglo School ayudamos a nuestros estudiantes a alcanzar el \u00e9xito, con paciencia, dedicaci\u00f3n, creatividad y mucho positivismo.\" \/>\n<meta name=\"robots\" content=\"index, follow, max-snippet:-1, max-image-preview:large, max-video-preview:-1\" \/>\n<link rel=\"canonical\" href=\"https:\/\/angloschool.cat\/nosotros__trashed\/equipo\/\" \/>\n<meta property=\"og:locale\" content=\"es_ES\" \/>\n<meta property=\"og:type\" content=\"article\" \/>\n<meta property=\"og:title\" content=\"Anglo School &#8226; Equipo y teachers de la escuela de idiomas\" \/>\n<meta property=\"og:description\" content=\"En Anglo School ayudamos a nuestros estudiantes a alcanzar el \u00e9xito, con paciencia, dedicaci\u00f3n, creatividad y mucho positivismo.\" \/>\n<meta property=\"og:url\" content=\"https:\/\/angloschool.cat\/nosotros__trashed\/equipo\/\" \/>\n<meta property=\"og:site_name\" content=\"Anglo School\" \/>\n<meta property=\"article:publisher\" content=\"https:\/\/www.facebook.com\/AngloSchool.Salt.Celra\/\" \/>\n<meta property=\"article:modified_time\" content=\"2024-12-04T10:33:46+00:00\" \/>\n<meta property=\"og:image\" content=\"https:\/\/angloschool.cat\/wp-content\/uploads\/2020\/09\/pexels-olia-danilevich-5088174.jpg\" \/>\n\t<meta property=\"og:image:width\" content=\"1280\" \/>\n\t<meta property=\"og:image:height\" content=\"853\" \/>\n\t<meta property=\"og:image:type\" content=\"image\/jpeg\" \/>\n<meta name=\"twitter:card\" content=\"summary_large_image\" \/>\n<meta name=\"twitter:label1\" content=\"Tiempo de lectura\" \/>\n\t<meta name=\"twitter:data1\" content=\"4 minutos\" \/>\n<script type=\"application\/ld+json\" class=\"yoast-schema-graph\">{\"@context\":\"https:\\\/\\\/schema.org\",\"@graph\":[{\"@type\":\"WebPage\",\"@id\":\"https:\\\/\\\/angloschool.cat\\\/nosotros__trashed\\\/equipo\\\/\",\"url\":\"https:\\\/\\\/angloschool.cat\\\/nosotros__trashed\\\/equipo\\\/\",\"name\":\"Anglo School &#8226; Equipo y teachers de la escuela de idiomas\",\"isPartOf\":{\"@id\":\"https:\\\/\\\/angloschool.cat\\\/#website\"},\"primaryImageOfPage\":{\"@id\":\"https:\\\/\\\/angloschool.cat\\\/nosotros__trashed\\\/equipo\\\/#primaryimage\"},\"image\":{\"@id\":\"https:\\\/\\\/angloschool.cat\\\/nosotros__trashed\\\/equipo\\\/#primaryimage\"},\"thumbnailUrl\":\"https:\\\/\\\/angloschool.cat\\\/wp-content\\\/uploads\\\/2020\\\/09\\\/pexels-olia-danilevich-5088174.jpg\",\"datePublished\":\"2020-09-24T09:23:37+00:00\",\"dateModified\":\"2024-12-04T10:33:46+00:00\",\"description\":\"En Anglo School ayudamos a nuestros estudiantes a alcanzar el \u00e9xito, con paciencia, dedicaci\u00f3n, creatividad y mucho positivismo.\",\"breadcrumb\":{\"@id\":\"https:\\\/\\\/angloschool.cat\\\/nosotros__trashed\\\/equipo\\\/#breadcrumb\"},\"inLanguage\":\"es\",\"potentialAction\":[{\"@type\":\"ReadAction\",\"target\":[\"https:\\\/\\\/angloschool.cat\\\/nosotros__trashed\\\/equipo\\\/\"]}]},{\"@type\":\"ImageObject\",\"inLanguage\":\"es\",\"@id\":\"https:\\\/\\\/angloschool.cat\\\/nosotros__trashed\\\/equipo\\\/#primaryimage\",\"url\":\"https:\\\/\\\/angloschool.cat\\\/wp-content\\\/uploads\\\/2020\\\/09\\\/pexels-olia-danilevich-5088174.jpg\",\"contentUrl\":\"https:\\\/\\\/angloschool.cat\\\/wp-content\\\/uploads\\\/2020\\\/09\\\/pexels-olia-danilevich-5088174.jpg\",\"width\":1280,\"height\":853,\"caption\":\"Cursos d\u2019angl\u00e8s per a nens i nenes de 2 a 5 anys\"},{\"@type\":\"BreadcrumbList\",\"@id\":\"https:\\\/\\\/angloschool.cat\\\/nosotros__trashed\\\/equipo\\\/#breadcrumb\",\"itemListElement\":[{\"@type\":\"ListItem\",\"position\":1,\"name\":\"Inici\",\"item\":\"https:\\\/\\\/angloschool.cat\\\/\"},{\"@type\":\"ListItem\",\"position\":2,\"name\":\"Equipo\"}]},{\"@type\":\"WebSite\",\"@id\":\"https:\\\/\\\/angloschool.cat\\\/#website\",\"url\":\"https:\\\/\\\/angloschool.cat\\\/\",\"name\":\"Anglo School\",\"description\":\"Cursos d&#039;angl\u00e8s a Salt i Celr\u00e0\",\"publisher\":{\"@id\":\"https:\\\/\\\/angloschool.cat\\\/#organization\"},\"potentialAction\":[{\"@type\":\"SearchAction\",\"target\":{\"@type\":\"EntryPoint\",\"urlTemplate\":\"https:\\\/\\\/angloschool.cat\\\/?s={search_term_string}\"},\"query-input\":{\"@type\":\"PropertyValueSpecification\",\"valueRequired\":true,\"valueName\":\"search_term_string\"}}],\"inLanguage\":\"es\"},{\"@type\":\"Organization\",\"@id\":\"https:\\\/\\\/angloschool.cat\\\/#organization\",\"name\":\"Angloschool\",\"url\":\"https:\\\/\\\/angloschool.cat\\\/\",\"logo\":{\"@type\":\"ImageObject\",\"inLanguage\":\"es\",\"@id\":\"https:\\\/\\\/angloschool.cat\\\/#\\\/schema\\\/logo\\\/image\\\/\",\"url\":\"https:\\\/\\\/angloschool.cat\\\/wp-content\\\/uploads\\\/2019\\\/09\\\/Logos-AngloSchool-08.png\",\"contentUrl\":\"https:\\\/\\\/angloschool.cat\\\/wp-content\\\/uploads\\\/2019\\\/09\\\/Logos-AngloSchool-08.png\",\"width\":459,\"height\":306,\"caption\":\"Angloschool\"},\"image\":{\"@id\":\"https:\\\/\\\/angloschool.cat\\\/#\\\/schema\\\/logo\\\/image\\\/\"},\"sameAs\":[\"https:\\\/\\\/www.facebook.com\\\/AngloSchool.Salt.Celra\\\/\",\"https:\\\/\\\/www.instagram.com\\\/angloschool_salt_celra\"]}]}<\/script>\n<!-- \/ Yoast SEO plugin. -->","yoast_head_json":{"title":"Anglo School &#8226; Equipo y teachers de la escuela de idiomas","description":"En Anglo School ayudamos a nuestros estudiantes a alcanzar el \u00e9xito, con paciencia, dedicaci\u00f3n, creatividad y mucho positivismo.","robots":{"index":"index","follow":"follow","max-snippet":"max-snippet:-1","max-image-preview":"max-image-preview:large","max-video-preview":"max-video-preview:-1"},"canonical":"https:\/\/angloschool.cat\/nosotros__trashed\/equipo\/","og_locale":"es_ES","og_type":"article","og_title":"Anglo School &#8226; Equipo y teachers de la escuela de idiomas","og_description":"En Anglo School ayudamos a nuestros estudiantes a alcanzar el \u00e9xito, con paciencia, dedicaci\u00f3n, creatividad y mucho positivismo.","og_url":"https:\/\/angloschool.cat\/nosotros__trashed\/equipo\/","og_site_name":"Anglo School","article_publisher":"https:\/\/www.facebook.com\/AngloSchool.Salt.Celra\/","article_modified_time":"2024-12-04T10:33:46+00:00","og_image":[{"width":1280,"height":853,"url":"https:\/\/angloschool.cat\/wp-content\/uploads\/2020\/09\/pexels-olia-danilevich-5088174.jpg","type":"image\/jpeg"}],"twitter_card":"summary_large_image","twitter_misc":{"Tiempo de lectura":"4 minutos"},"schema":{"@context":"https:\/\/schema.org","@graph":[{"@type":"WebPage","@id":"https:\/\/angloschool.cat\/nosotros__trashed\/equipo\/","url":"https:\/\/angloschool.cat\/nosotros__trashed\/equipo\/","name":"Anglo School &#8226; Equipo y teachers de la escuela de idiomas","isPartOf":{"@id":"https:\/\/angloschool.cat\/#website"},"primaryImageOfPage":{"@id":"https:\/\/angloschool.cat\/nosotros__trashed\/equipo\/#primaryimage"},"image":{"@id":"https:\/\/angloschool.cat\/nosotros__trashed\/equipo\/#primaryimage"},"thumbnailUrl":"https:\/\/angloschool.cat\/wp-content\/uploads\/2020\/09\/pexels-olia-danilevich-5088174.jpg","datePublished":"2020-09-24T09:23:37+00:00","dateModified":"2024-12-04T10:33:46+00:00","description":"En Anglo School ayudamos a nuestros estudiantes a alcanzar el \u00e9xito, con paciencia, dedicaci\u00f3n, creatividad y mucho positivismo.","breadcrumb":{"@id":"https:\/\/angloschool.cat\/nosotros__trashed\/equipo\/#breadcrumb"},"inLanguage":"es","potentialAction":[{"@type":"ReadAction","target":["https:\/\/angloschool.cat\/nosotros__trashed\/equipo\/"]}]},{"@type":"ImageObject","inLanguage":"es","@id":"https:\/\/angloschool.cat\/nosotros__trashed\/equipo\/#primaryimage","url":"https:\/\/angloschool.cat\/wp-content\/uploads\/2020\/09\/pexels-olia-danilevich-5088174.jpg","contentUrl":"https:\/\/angloschool.cat\/wp-content\/uploads\/2020\/09\/pexels-olia-danilevich-5088174.jpg","width":1280,"height":853,"caption":"Cursos d\u2019angl\u00e8s per a nens i nenes de 2 a 5 anys"},{"@type":"BreadcrumbList","@id":"https:\/\/angloschool.cat\/nosotros__trashed\/equipo\/#breadcrumb","itemListElement":[{"@type":"ListItem","position":1,"name":"Inici","item":"https:\/\/angloschool.cat\/"},{"@type":"ListItem","position":2,"name":"Equipo"}]},{"@type":"WebSite","@id":"https:\/\/angloschool.cat\/#website","url":"https:\/\/angloschool.cat\/","name":"Anglo School","description":"Cursos d&#039;angl\u00e8s a Salt i Celr\u00e0","publisher":{"@id":"https:\/\/angloschool.cat\/#organization"},"potentialAction":[{"@type":"SearchAction","target":{"@type":"EntryPoint","urlTemplate":"https:\/\/angloschool.cat\/?s={search_term_string}"},"query-input":{"@type":"PropertyValueSpecification","valueRequired":true,"valueName":"search_term_string"}}],"inLanguage":"es"},{"@type":"Organization","@id":"https:\/\/angloschool.cat\/#organization","name":"Angloschool","url":"https:\/\/angloschool.cat\/","logo":{"@type":"ImageObject","inLanguage":"es","@id":"https:\/\/angloschool.cat\/#\/schema\/logo\/image\/","url":"https:\/\/angloschool.cat\/wp-content\/uploads\/2019\/09\/Logos-AngloSchool-08.png","contentUrl":"https:\/\/angloschool.cat\/wp-content\/uploads\/2019\/09\/Logos-AngloSchool-08.png","width":459,"height":306,"caption":"Angloschool"},"image":{"@id":"https:\/\/angloschool.cat\/#\/schema\/logo\/image\/"},"sameAs":["https:\/\/www.facebook.com\/AngloSchool.Salt.Celra\/","https:\/\/www.instagram.com\/angloschool_salt_celra"]}]}},"_links":{"self":[{"href":"https:\/\/angloschool.cat\/es\/wp-json\/wp\/v2\/pages\/4525","targetHints":{"allow":["GET"]}}],"collection":[{"href":"https:\/\/angloschool.cat\/es\/wp-json\/wp\/v2\/pages"}],"about":[{"href":"https:\/\/angloschool.cat\/es\/wp-json\/wp\/v2\/types\/page"}],"author":[{"embeddable":true,"href":"https:\/\/angloschool.cat\/es\/wp-json\/wp\/v2\/users\/4"}],"replies":[{"embeddable":true,"href":"https:\/\/angloschool.cat\/es\/wp-json\/wp\/v2\/comments?post=4525"}],"version-history":[{"count":15,"href":"https:\/\/angloschool.cat\/es\/wp-json\/wp\/v2\/pages\/4525\/revisions"}],"predecessor-version":[{"id":5446,"href":"https:\/\/angloschool.cat\/es\/wp-json\/wp\/v2\/pages\/4525\/revisions\/5446"}],"wp:featuredmedia":[{"embeddable":true,"href":"https:\/\/angloschool.cat\/es\/wp-json\/wp\/v2\/media\/4215"}],"wp:attachment":[{"href":"https:\/\/angloschool.cat\/es\/wp-json\/wp\/v2\/media?parent=4525"}],"curies":[{"name":"wp","href":"https:\/\/api.w.org\/{rel}","templated":true}]}}